{"id":8994,"date":"2017-05-08T08:48:47","date_gmt":"2017-05-08T08:48:47","guid":{"rendered":"http:\/\/barcelona-sprachschule.de\/?page_id=8994\/"},"modified":"2017-09-25T13:36:48","modified_gmt":"2017-09-25T13:36:48","slug":"curs-dangles-conversa","status":"publish","type":"page","link":"https:\/\/www.academia-barcelona.com\/ca\/cursos-didiomes\/cursos-dangles\/curs-dangles-conversa\/","title":{"rendered":"Curs de conversa en angl\u00e8s"},"content":{"rendered":"<p>[vc_row css=&#8221;.vc_custom_1494232787954{padding-bottom: 30px !important;}&#8221;][vc_column][vc_column_text]<\/p>\n<h1>Curs de conversa en angl\u00e8s. Informaci\u00f3 pr\u00e0ctica<\/h1>\n<p>Curs de conversa en angl\u00e8s CBLS Clase Barcelona Language School. A moltes persones els costa mantenir una conversa en angl\u00e8s, tot i haver estudiat molts anys aquest idioma, les seves normes, el vocabulari i la gram\u00e0tica. Per aquest motiu, a Clase Barcelona Language School, ens plantejem enfocar el curs de conversa en angl\u00e8s a aquella gent que tinguin coneixements previs i vulguin practicar l&#8217;angl\u00e8s oral, xerrant sobre diferents temes. Els nostres professors natius proposen temes d&#8217;actualitat, exemples de la premsa brit\u00e0nica o americana, la literatura, el cinema, les s\u00e8ries, el dia a dia o, simplement, all\u00f2 que m\u00e9s agradi a l&#8217;estudiant. Tamb\u00e9 es repassa o s&#8217;apr\u00e9n la gram\u00e0tica si \u00e9s necesari, tot i no ser l&#8217;objectiu principal d&#8217;aquest curs.<\/p>\n<p>Qui no ha desitjat mai viatjar i poder parlar angl\u00e8s fluidament? O potser el necessitem per a la feina, ja sigui el sector tur\u00edstic, comercial, hosteler, o qualsevol altre camp professional amb clients internacionals. A m\u00e9s a m\u00e9s, ara per ara, els estudis universitaris exigeixen un nivell B2 d&#8217;angl\u00e8s per a qualsevol grau. I moltes classes s&#8217;imparteixen en angl\u00e8s, o potser has d&#8217;enfrontar-te a una entrevista laboral o un examen oral en angl\u00e8s. No entres en p\u00e0nic! Al nostre curs de conversa en angl\u00e8s t&#8217;ajudarem a soltar-te.<\/p>\n<p>Al curs de conversa en angl\u00e8s ens esforcem per crear un ambient agradable i relaxat per tal que practiques l&#8217;idioma de forma natural, en grups redu\u00efts i acompanyat dels nostres professors natius.<\/p>\n<p>Si vols con\u00e8ixer com s&#8217;aprenen idiomes a Clase Barcelona, pots consultar la <a href=\"https:\/\/www.academia-barcelona.com\/ca\/que-oferim\/la-nostra-metodologia\/\">Nostra Metodologia. <\/a><\/p>\n<p>La prioritat del curs de conversa en angl\u00e8s \u00e9s que l&#8217;alumne millore l&#8217;expressi\u00f3 oral, per tal d&#8217;augmentar les oportunitats d&#8217;estudis, de negocis, de viatges o al mercat laboral internacional.<\/p>\n<p>Vols veure la nostra escola? Con\u00e8ixer els nostres professors? Visita la nostra<a href=\"https:\/\/www.academia-barcelona.com\/ca\/que-oferim\/galeria-de-fotos\/\"> Galeria de Fotos!<\/a>[\/vc_column_text][\/vc_column][\/vc_row][vc_row full_width=&#8221;stretch_row&#8221; css=&#8221;.vc_custom_1494233342537{padding-top: 30px !important;padding-bottom: 30px !important;background-color: #f9f9f9 !important;}&#8221;][vc_column][vc_column_text]<\/p>\n<h2>Informaci\u00f3 pr\u00e0ctica<\/h2>\n<p>Grups redu\u00efts<\/p>\n<p>Professors natius<\/p>\n<p>Contacta amb nosaltres per consultar els horaris i les places disponibles.<\/p>\n<p>Nivell m\u00ednim recomanat per a aquest curs: B1[\/vc_column_text][\/vc_column][\/vc_row]<\/p>\n","protected":false},"excerpt":{"rendered":"<p>[vc_row css=&#8221;.vc_custom_1494232787954{padding-bottom: 30px !important;}&#8221;][vc_column][vc_column_text] Curs de conversa en angl\u00e8s. Informaci\u00f3 pr\u00e0ctica Curs de conversa en angl\u00e8s CBLS Clase Barcelona Language School. A moltes persones els costa mantenir una conversa en angl\u00e8s, tot i haver estudiat molts anys aquest idioma, les seves normes, el vocabulari i la gram\u00e0tica. Per aquest motiu, a Clase Barcelona Language School,&hellip; <a class=\"read-more\" href=\"https:\/\/www.academia-barcelona.com\/ca\/cursos-didiomes\/cursos-dangles\/curs-dangles-conversa\/\" title=\"Read Curs de conversa en angl\u00e8s\">Read more &raquo;<\/a><\/p>\n","protected":false},"author":3,"featured_media":0,"parent":1410,"menu_order":0,"comment_status":"closed","ping_status":"closed","template":"","meta":{"footnotes":""},"class_list":["post-8994","page","type-page","status-publish","hentry"],"yoast_head":"<!-- This site is optimized with the Yoast SEO plugin v27.1.1 - https:\/\/yoast.com\/product\/yoast-seo-wordpress\/ -->\n<title>Curs de conversa en angl\u00e8s CBLS Clase Barcelona Language School<\/title>\n<meta name=\"description\" content=\"El curs de conversa en angl\u00e8s de la nostra acad\u00e8mia Clase Barcelona t&#039;ajudar\u00e0 a parlar l&#039;angl\u00e8s fluidament, en un entorn agradable i segur.\" \/>\n<meta name=\"robots\" content=\"index, follow, max-snippet:-1, max-image-preview:large, max-video-preview:-1\" \/>\n<link rel=\"canonical\" href=\"https:\/\/www.academia-barcelona.com\/ca\/cursos-didiomes\/cursos-dangles\/curs-dangles-conversa\/\" \/>\n<meta property=\"og:locale\" content=\"ca_ES\" \/>\n<meta property=\"og:type\" content=\"article\" \/>\n<meta property=\"og:title\" content=\"Curs de conversa en angl\u00e8s CBLS Clase Barcelona Language School\" \/>\n<meta property=\"og:description\" content=\"El curs de conversa en angl\u00e8s de la nostra acad\u00e8mia Clase Barcelona t&#039;ajudar\u00e0 a parlar l&#039;angl\u00e8s fluidament, en un entorn agradable i segur.\" \/>\n<meta property=\"og:url\" content=\"https:\/\/www.academia-barcelona.com\/ca\/cursos-didiomes\/cursos-dangles\/curs-dangles-conversa\/\" \/>\n<meta property=\"article:modified_time\" content=\"2017-09-25T13:36:48+00:00\" \/>\n<meta name=\"twitter:card\" content=\"summary_large_image\" \/>\n<meta name=\"twitter:label1\" content=\"Temps estimat de lectura\" \/>\n\t<meta name=\"twitter:data1\" content=\"2 minuts\" \/>\n<script type=\"application\/ld+json\" class=\"yoast-schema-graph\">{\"@context\":\"https:\/\/schema.org\",\"@graph\":[{\"@type\":\"WebPage\",\"@id\":\"https:\/\/www.academia-barcelona.com\/ca\/cursos-didiomes\/cursos-dangles\/curs-dangles-conversa\/\",\"url\":\"https:\/\/www.academia-barcelona.com\/ca\/cursos-didiomes\/cursos-dangles\/curs-dangles-conversa\/\",\"name\":\"Curs de conversa en angl\u00e8s CBLS Clase Barcelona Language School\",\"isPartOf\":{\"@id\":\"https:\/\/www.academia-barcelona.com\/#website\"},\"datePublished\":\"2017-05-08T08:48:47+00:00\",\"dateModified\":\"2017-09-25T13:36:48+00:00\",\"description\":\"El curs de conversa en angl\u00e8s de la nostra acad\u00e8mia Clase Barcelona t'ajudar\u00e0 a parlar l'angl\u00e8s fluidament, en un entorn agradable i segur.\",\"breadcrumb\":{\"@id\":\"https:\/\/www.academia-barcelona.com\/ca\/cursos-didiomes\/cursos-dangles\/curs-dangles-conversa\/#breadcrumb\"},\"inLanguage\":\"ca\",\"potentialAction\":[{\"@type\":\"ReadAction\",\"target\":[\"https:\/\/www.academia-barcelona.com\/ca\/cursos-didiomes\/cursos-dangles\/curs-dangles-conversa\/\"]}]},{\"@type\":\"BreadcrumbList\",\"@id\":\"https:\/\/www.academia-barcelona.com\/ca\/cursos-didiomes\/cursos-dangles\/curs-dangles-conversa\/#breadcrumb\",\"itemListElement\":[{\"@type\":\"ListItem\",\"position\":1,\"name\":\"Cursos d\u2019idiomes\",\"item\":\"https:\/\/www.academia-barcelona.com\/ca\/cursos-didiomes\/\"},{\"@type\":\"ListItem\",\"position\":2,\"name\":\"Cursos d\u2019angl\u00e8s\",\"item\":\"https:\/\/www.academia-barcelona.com\/ca\/cursos-didiomes\/cursos-dangles\/\"},{\"@type\":\"ListItem\",\"position\":3,\"name\":\"Curs de conversa en angl\u00e8s\"}]},{\"@type\":\"WebSite\",\"@id\":\"https:\/\/www.academia-barcelona.com\/#website\",\"url\":\"https:\/\/www.academia-barcelona.com\/\",\"name\":\"\",\"description\":\"\",\"potentialAction\":[{\"@type\":\"SearchAction\",\"target\":{\"@type\":\"EntryPoint\",\"urlTemplate\":\"https:\/\/www.academia-barcelona.com\/?s={search_term_string}\"},\"query-input\":{\"@type\":\"PropertyValueSpecification\",\"valueRequired\":true,\"valueName\":\"search_term_string\"}}],\"inLanguage\":\"ca\"}]}<\/script>\n<!-- \/ Yoast SEO plugin. -->","yoast_head_json":{"title":"Curs de conversa en angl\u00e8s CBLS Clase Barcelona Language School","description":"El curs de conversa en angl\u00e8s de la nostra acad\u00e8mia Clase Barcelona t'ajudar\u00e0 a parlar l'angl\u00e8s fluidament, en un entorn agradable i segur.","robots":{"index":"index","follow":"follow","max-snippet":"max-snippet:-1","max-image-preview":"max-image-preview:large","max-video-preview":"max-video-preview:-1"},"canonical":"https:\/\/www.academia-barcelona.com\/ca\/cursos-didiomes\/cursos-dangles\/curs-dangles-conversa\/","og_locale":"ca_ES","og_type":"article","og_title":"Curs de conversa en angl\u00e8s CBLS Clase Barcelona Language School","og_description":"El curs de conversa en angl\u00e8s de la nostra acad\u00e8mia Clase Barcelona t'ajudar\u00e0 a parlar l'angl\u00e8s fluidament, en un entorn agradable i segur.","og_url":"https:\/\/www.academia-barcelona.com\/ca\/cursos-didiomes\/cursos-dangles\/curs-dangles-conversa\/","article_modified_time":"2017-09-25T13:36:48+00:00","twitter_card":"summary_large_image","twitter_misc":{"Temps estimat de lectura":"2 minuts"},"schema":{"@context":"https:\/\/schema.org","@graph":[{"@type":"WebPage","@id":"https:\/\/www.academia-barcelona.com\/ca\/cursos-didiomes\/cursos-dangles\/curs-dangles-conversa\/","url":"https:\/\/www.academia-barcelona.com\/ca\/cursos-didiomes\/cursos-dangles\/curs-dangles-conversa\/","name":"Curs de conversa en angl\u00e8s CBLS Clase Barcelona Language School","isPartOf":{"@id":"https:\/\/www.academia-barcelona.com\/#website"},"datePublished":"2017-05-08T08:48:47+00:00","dateModified":"2017-09-25T13:36:48+00:00","description":"El curs de conversa en angl\u00e8s de la nostra acad\u00e8mia Clase Barcelona t'ajudar\u00e0 a parlar l'angl\u00e8s fluidament, en un entorn agradable i segur.","breadcrumb":{"@id":"https:\/\/www.academia-barcelona.com\/ca\/cursos-didiomes\/cursos-dangles\/curs-dangles-conversa\/#breadcrumb"},"inLanguage":"ca","potentialAction":[{"@type":"ReadAction","target":["https:\/\/www.academia-barcelona.com\/ca\/cursos-didiomes\/cursos-dangles\/curs-dangles-conversa\/"]}]},{"@type":"BreadcrumbList","@id":"https:\/\/www.academia-barcelona.com\/ca\/cursos-didiomes\/cursos-dangles\/curs-dangles-conversa\/#breadcrumb","itemListElement":[{"@type":"ListItem","position":1,"name":"Cursos d\u2019idiomes","item":"https:\/\/www.academia-barcelona.com\/ca\/cursos-didiomes\/"},{"@type":"ListItem","position":2,"name":"Cursos d\u2019angl\u00e8s","item":"https:\/\/www.academia-barcelona.com\/ca\/cursos-didiomes\/cursos-dangles\/"},{"@type":"ListItem","position":3,"name":"Curs de conversa en angl\u00e8s"}]},{"@type":"WebSite","@id":"https:\/\/www.academia-barcelona.com\/#website","url":"https:\/\/www.academia-barcelona.com\/","name":"","description":"","potentialAction":[{"@type":"SearchAction","target":{"@type":"EntryPoint","urlTemplate":"https:\/\/www.academia-barcelona.com\/?s={search_term_string}"},"query-input":{"@type":"PropertyValueSpecification","valueRequired":true,"valueName":"search_term_string"}}],"inLanguage":"ca"}]}},"_links":{"self":[{"href":"https:\/\/www.academia-barcelona.com\/ca\/wp-json\/wp\/v2\/pages\/8994","targetHints":{"allow":["GET"]}}],"collection":[{"href":"https:\/\/www.academia-barcelona.com\/ca\/wp-json\/wp\/v2\/pages"}],"about":[{"href":"https:\/\/www.academia-barcelona.com\/ca\/wp-json\/wp\/v2\/types\/page"}],"author":[{"embeddable":true,"href":"https:\/\/www.academia-barcelona.com\/ca\/wp-json\/wp\/v2\/users\/3"}],"replies":[{"embeddable":true,"href":"https:\/\/www.academia-barcelona.com\/ca\/wp-json\/wp\/v2\/comments?post=8994"}],"version-history":[{"count":4,"href":"https:\/\/www.academia-barcelona.com\/ca\/wp-json\/wp\/v2\/pages\/8994\/revisions"}],"predecessor-version":[{"id":9734,"href":"https:\/\/www.academia-barcelona.com\/ca\/wp-json\/wp\/v2\/pages\/8994\/revisions\/9734"}],"up":[{"embeddable":true,"href":"https:\/\/www.academia-barcelona.com\/ca\/wp-json\/wp\/v2\/pages\/1410"}],"wp:attachment":[{"href":"https:\/\/www.academia-barcelona.com\/ca\/wp-json\/wp\/v2\/media?parent=8994"}],"curies":[{"name":"wp","href":"https:\/\/api.w.org\/{rel}","templated":true}]}}