{"id":8981,"date":"2017-05-08T08:26:31","date_gmt":"2017-05-08T08:26:31","guid":{"rendered":"http:\/\/barcelona-sprachschule.de\/?page_id=8981\/"},"modified":"2017-09-25T12:54:19","modified_gmt":"2017-09-25T12:54:19","slug":"curs-dangles-extensiu","status":"publish","type":"page","link":"https:\/\/www.academia-barcelona.com\/ca\/cursos-didiomes\/cursos-dangles\/curs-dangles-extensiu\/","title":{"rendered":"Curs d\u2019angl\u00e8s extensiu"},"content":{"rendered":"<p>[vc_row css=&#8221;.vc_custom_1494231738891{padding-bottom: 30px !important;}&#8221;][vc_column][vc_column_text]<\/p>\n<h1>Cursos d&#8217;angl\u00e8s en grup<\/h1>\n<p>Encara tens l&#8217;angl\u00e8s com a assignatura pendent? Prova el <strong>curs d&#8217;angl\u00e8s en grup de Clase Barcelona<\/strong> i posa&#8217;t al dia! A la nostra acad\u00e8mia ens marquem com a objectiu que els alumnes aprenguin a <strong>desenvolupar-se en situacions reals del dia a dia en angl\u00e8s<\/strong>, a expressar les seves necessitats i desitjos, i que a m\u00e9s adquireixin una base gramatical i entenguin la informaci\u00f3 b\u00e0sica en converses quotidianes. Segons el nivell, els alumnes practiquen tamb\u00e9 com desenvolupar-se en situacions reals, com ara una entrevista de feina, la b\u00fasqueda d&#8217;un pis, una reclamaci\u00f3 en un restaurant, la gesti\u00f3 d&#8217;una reserva hotelera&#8230;<\/p>\n<p>Ja sigui per a viatjar al Regne Unit, als EE.UU., o altres pa\u00cfssos, si et dediques al sector tur\u00edstic, comercial, hosteler, o qualsevol altre \u00e0mbit empresarial amb relacions internacionals, l&#8217;angl\u00e8s \u00e9s imprescindible. Si ets estudiant universitari, has de tenir un nivell B2 per poder licenciar-te. I no oblidem que \u00e9s <strong>la lleng\u00fca que ens obrir\u00e0 les portes a viatjar arreu del m\u00f3n! <\/strong><\/p>\n<p>Els nostres professors natius i formats en l&#8217;aprenentatge de l&#8217;angl\u00e8s com a llengua estrangera t&#8217;ajudar\u00e0n a millorar el teu nivell amb exercicis pr\u00e0ctics, audios, explicacions gramaticals i molta conversa. Mitjan\u00e7ant materials atractius i temes d&#8217;actualitat, els alumnes aprenen a desenvolupar les seves capacitats ling\u00fc\u00edstiques desde les quatre destresses: expressi\u00f3 oral, comprenssi\u00f3 auditiva, expressi\u00f3 escrita i comprensi\u00f3 lectora. Si vols saber-ne m\u00e9s de com s&#8217;aprenen els idiomes a Clase Barcelona, consulta la <a href=\"https:\/\/www.academia-barcelona.com\/ca\/que-oferim\/la-nostra-metodologia\/\">Nostra Metodologia.<\/a><\/p>\n<p>Al final del curso en grupo, el alumno ser\u00e1 capaz de presentarse a si mismo y a los dem\u00e1s, plantear preguntas y responderas sobre informaci\u00f3n b\u00e1sica de contacto, amigos, fam\u00edlia, gustos, etc. Seg\u00fan el nivel, los alumnos practican tambi\u00e9n c\u00f3mo desenvolverse en situaciones reales como una entrevista de trabajo, b\u00fasqueda de piso, reclamaci\u00f3n en un restaurante, gesti\u00f3n de una reserva hotelera,<\/p>\n<p>En acabar el curs, obtindr\u00e0s un certificat de nivell corresponent al Marc Com\u00fa Europeu de Refer\u00e8ncia per a les Lleng\u00fces.<\/p>\n<p>Si ens vols con\u00e8ixer millor, visita la nostra <a href=\"https:\/\/www.academia-barcelona.com\/ca\/que-oferim\/galeria-de-fotos\/\">Galeria de Fotos. <\/a>[\/vc_column_text][\/vc_column][\/vc_row][vc_row full_width=&#8221;stretch_row&#8221; css=&#8221;.vc_custom_1494231776595{padding-top: 30px !important;padding-bottom: 30px !important;background-color: #f9f9f9 !important;}&#8221;][vc_column][vc_column_text]<\/p>\n<h2>Informaci\u00f3 pr\u00e0ctica<\/h2>\n<p>Modalitat: 2 dies de classe a la setmana a 1,5 hores. (3 hores per setmana)<br \/>\nHorari: matins o tardes (entre les 9:00 i les 20:30)<br \/>\nData d&#8217;inici: cada setmana nous cursos<br \/>\nNivells: A1, A2, B1, B2<br \/>\nPreu: 149- mes<br \/>\n<a href=\"https:\/\/www.academia-barcelona.com\/ca\/preu\/\">Consulta aqui tots els nostres preus.<\/a>[\/vc_column_text][\/vc_column][\/vc_row]<\/p>\n","protected":false},"excerpt":{"rendered":"<p>[vc_row css=&#8221;.vc_custom_1494231738891{padding-bottom: 30px !important;}&#8221;][vc_column][vc_column_text] Cursos d&#8217;angl\u00e8s en grup Encara tens l&#8217;angl\u00e8s com a assignatura pendent? Prova el curs d&#8217;angl\u00e8s en grup de Clase Barcelona i posa&#8217;t al dia! A la nostra acad\u00e8mia ens marquem com a objectiu que els alumnes aprenguin a desenvolupar-se en situacions reals del dia a dia en angl\u00e8s, a expressar les&hellip; <a class=\"read-more\" href=\"https:\/\/www.academia-barcelona.com\/ca\/cursos-didiomes\/cursos-dangles\/curs-dangles-extensiu\/\" title=\"Read Curs d\u2019angl\u00e8s extensiu\">Read more &raquo;<\/a><\/p>\n","protected":false},"author":3,"featured_media":0,"parent":1410,"menu_order":0,"comment_status":"closed","ping_status":"closed","template":"","meta":{"footnotes":""},"class_list":["post-8981","page","type-page","status-publish","hentry"],"yoast_head":"<!-- This site is optimized with the Yoast SEO plugin v27.1.1 - https:\/\/yoast.com\/product\/yoast-seo-wordpress\/ -->\n<title>Curs d&#039;angl\u00e8s en grup a Clase Barcelona Language School<\/title>\n<meta name=\"description\" content=\"Millora el teu nivell amb el curs d&#039;angl\u00e8s en grup a Clase Barcelona Language School. No deixis per m\u00e9s endavant possar-te al dia amb l&#039;angl\u00e8s!\" \/>\n<meta name=\"robots\" content=\"index, follow, max-snippet:-1, max-image-preview:large, max-video-preview:-1\" \/>\n<link rel=\"canonical\" href=\"https:\/\/www.academia-barcelona.com\/ca\/cursos-didiomes\/cursos-dangles\/curs-dangles-extensiu\/\" \/>\n<meta property=\"og:locale\" content=\"ca_ES\" \/>\n<meta property=\"og:type\" content=\"article\" \/>\n<meta property=\"og:title\" content=\"Curs d&#039;angl\u00e8s en grup a Clase Barcelona Language School\" \/>\n<meta property=\"og:description\" content=\"Millora el teu nivell amb el curs d&#039;angl\u00e8s en grup a Clase Barcelona Language School. No deixis per m\u00e9s endavant possar-te al dia amb l&#039;angl\u00e8s!\" \/>\n<meta property=\"og:url\" content=\"https:\/\/www.academia-barcelona.com\/ca\/cursos-didiomes\/cursos-dangles\/curs-dangles-extensiu\/\" \/>\n<meta property=\"article:modified_time\" content=\"2017-09-25T12:54:19+00:00\" \/>\n<meta name=\"twitter:card\" content=\"summary_large_image\" \/>\n<meta name=\"twitter:label1\" content=\"Temps estimat de lectura\" \/>\n\t<meta name=\"twitter:data1\" content=\"2 minuts\" \/>\n<script type=\"application\/ld+json\" class=\"yoast-schema-graph\">{\"@context\":\"https:\/\/schema.org\",\"@graph\":[{\"@type\":\"WebPage\",\"@id\":\"https:\/\/www.academia-barcelona.com\/ca\/cursos-didiomes\/cursos-dangles\/curs-dangles-extensiu\/\",\"url\":\"https:\/\/www.academia-barcelona.com\/ca\/cursos-didiomes\/cursos-dangles\/curs-dangles-extensiu\/\",\"name\":\"Curs d'angl\u00e8s en grup a Clase Barcelona Language School\",\"isPartOf\":{\"@id\":\"https:\/\/www.academia-barcelona.com\/#website\"},\"datePublished\":\"2017-05-08T08:26:31+00:00\",\"dateModified\":\"2017-09-25T12:54:19+00:00\",\"description\":\"Millora el teu nivell amb el curs d'angl\u00e8s en grup a Clase Barcelona Language School. No deixis per m\u00e9s endavant possar-te al dia amb l'angl\u00e8s!\",\"breadcrumb\":{\"@id\":\"https:\/\/www.academia-barcelona.com\/ca\/cursos-didiomes\/cursos-dangles\/curs-dangles-extensiu\/#breadcrumb\"},\"inLanguage\":\"ca\",\"potentialAction\":[{\"@type\":\"ReadAction\",\"target\":[\"https:\/\/www.academia-barcelona.com\/ca\/cursos-didiomes\/cursos-dangles\/curs-dangles-extensiu\/\"]}]},{\"@type\":\"BreadcrumbList\",\"@id\":\"https:\/\/www.academia-barcelona.com\/ca\/cursos-didiomes\/cursos-dangles\/curs-dangles-extensiu\/#breadcrumb\",\"itemListElement\":[{\"@type\":\"ListItem\",\"position\":1,\"name\":\"Cursos d\u2019idiomes\",\"item\":\"https:\/\/www.academia-barcelona.com\/ca\/cursos-didiomes\/\"},{\"@type\":\"ListItem\",\"position\":2,\"name\":\"Cursos d\u2019angl\u00e8s\",\"item\":\"https:\/\/www.academia-barcelona.com\/ca\/cursos-didiomes\/cursos-dangles\/\"},{\"@type\":\"ListItem\",\"position\":3,\"name\":\"Curs d\u2019angl\u00e8s extensiu\"}]},{\"@type\":\"WebSite\",\"@id\":\"https:\/\/www.academia-barcelona.com\/#website\",\"url\":\"https:\/\/www.academia-barcelona.com\/\",\"name\":\"\",\"description\":\"\",\"potentialAction\":[{\"@type\":\"SearchAction\",\"target\":{\"@type\":\"EntryPoint\",\"urlTemplate\":\"https:\/\/www.academia-barcelona.com\/?s={search_term_string}\"},\"query-input\":{\"@type\":\"PropertyValueSpecification\",\"valueRequired\":true,\"valueName\":\"search_term_string\"}}],\"inLanguage\":\"ca\"}]}<\/script>\n<!-- \/ Yoast SEO plugin. -->","yoast_head_json":{"title":"Curs d'angl\u00e8s en grup a Clase Barcelona Language School","description":"Millora el teu nivell amb el curs d'angl\u00e8s en grup a Clase Barcelona Language School. No deixis per m\u00e9s endavant possar-te al dia amb l'angl\u00e8s!","robots":{"index":"index","follow":"follow","max-snippet":"max-snippet:-1","max-image-preview":"max-image-preview:large","max-video-preview":"max-video-preview:-1"},"canonical":"https:\/\/www.academia-barcelona.com\/ca\/cursos-didiomes\/cursos-dangles\/curs-dangles-extensiu\/","og_locale":"ca_ES","og_type":"article","og_title":"Curs d'angl\u00e8s en grup a Clase Barcelona Language School","og_description":"Millora el teu nivell amb el curs d'angl\u00e8s en grup a Clase Barcelona Language School. No deixis per m\u00e9s endavant possar-te al dia amb l'angl\u00e8s!","og_url":"https:\/\/www.academia-barcelona.com\/ca\/cursos-didiomes\/cursos-dangles\/curs-dangles-extensiu\/","article_modified_time":"2017-09-25T12:54:19+00:00","twitter_card":"summary_large_image","twitter_misc":{"Temps estimat de lectura":"2 minuts"},"schema":{"@context":"https:\/\/schema.org","@graph":[{"@type":"WebPage","@id":"https:\/\/www.academia-barcelona.com\/ca\/cursos-didiomes\/cursos-dangles\/curs-dangles-extensiu\/","url":"https:\/\/www.academia-barcelona.com\/ca\/cursos-didiomes\/cursos-dangles\/curs-dangles-extensiu\/","name":"Curs d'angl\u00e8s en grup a Clase Barcelona Language School","isPartOf":{"@id":"https:\/\/www.academia-barcelona.com\/#website"},"datePublished":"2017-05-08T08:26:31+00:00","dateModified":"2017-09-25T12:54:19+00:00","description":"Millora el teu nivell amb el curs d'angl\u00e8s en grup a Clase Barcelona Language School. No deixis per m\u00e9s endavant possar-te al dia amb l'angl\u00e8s!","breadcrumb":{"@id":"https:\/\/www.academia-barcelona.com\/ca\/cursos-didiomes\/cursos-dangles\/curs-dangles-extensiu\/#breadcrumb"},"inLanguage":"ca","potentialAction":[{"@type":"ReadAction","target":["https:\/\/www.academia-barcelona.com\/ca\/cursos-didiomes\/cursos-dangles\/curs-dangles-extensiu\/"]}]},{"@type":"BreadcrumbList","@id":"https:\/\/www.academia-barcelona.com\/ca\/cursos-didiomes\/cursos-dangles\/curs-dangles-extensiu\/#breadcrumb","itemListElement":[{"@type":"ListItem","position":1,"name":"Cursos d\u2019idiomes","item":"https:\/\/www.academia-barcelona.com\/ca\/cursos-didiomes\/"},{"@type":"ListItem","position":2,"name":"Cursos d\u2019angl\u00e8s","item":"https:\/\/www.academia-barcelona.com\/ca\/cursos-didiomes\/cursos-dangles\/"},{"@type":"ListItem","position":3,"name":"Curs d\u2019angl\u00e8s extensiu"}]},{"@type":"WebSite","@id":"https:\/\/www.academia-barcelona.com\/#website","url":"https:\/\/www.academia-barcelona.com\/","name":"","description":"","potentialAction":[{"@type":"SearchAction","target":{"@type":"EntryPoint","urlTemplate":"https:\/\/www.academia-barcelona.com\/?s={search_term_string}"},"query-input":{"@type":"PropertyValueSpecification","valueRequired":true,"valueName":"search_term_string"}}],"inLanguage":"ca"}]}},"_links":{"self":[{"href":"https:\/\/www.academia-barcelona.com\/ca\/wp-json\/wp\/v2\/pages\/8981","targetHints":{"allow":["GET"]}}],"collection":[{"href":"https:\/\/www.academia-barcelona.com\/ca\/wp-json\/wp\/v2\/pages"}],"about":[{"href":"https:\/\/www.academia-barcelona.com\/ca\/wp-json\/wp\/v2\/types\/page"}],"author":[{"embeddable":true,"href":"https:\/\/www.academia-barcelona.com\/ca\/wp-json\/wp\/v2\/users\/3"}],"replies":[{"embeddable":true,"href":"https:\/\/www.academia-barcelona.com\/ca\/wp-json\/wp\/v2\/comments?post=8981"}],"version-history":[{"count":3,"href":"https:\/\/www.academia-barcelona.com\/ca\/wp-json\/wp\/v2\/pages\/8981\/revisions"}],"predecessor-version":[{"id":9712,"href":"https:\/\/www.academia-barcelona.com\/ca\/wp-json\/wp\/v2\/pages\/8981\/revisions\/9712"}],"up":[{"embeddable":true,"href":"https:\/\/www.academia-barcelona.com\/ca\/wp-json\/wp\/v2\/pages\/1410"}],"wp:attachment":[{"href":"https:\/\/www.academia-barcelona.com\/ca\/wp-json\/wp\/v2\/media?parent=8981"}],"curies":[{"name":"wp","href":"https:\/\/api.w.org\/{rel}","templated":true}]}}