{"id":8971,"date":"2017-05-08T08:21:25","date_gmt":"2017-05-08T08:21:25","guid":{"rendered":"http:\/\/barcelona-sprachschule.de\/?page_id=8971\/"},"modified":"2018-10-02T11:44:05","modified_gmt":"2018-10-02T11:44:05","slug":"curs-dangles-intensiu","status":"publish","type":"page","link":"https:\/\/www.academia-barcelona.com\/ca\/cursos-didiomes\/cursos-dangles\/curs-dangles-intensiu\/","title":{"rendered":"Curs intensiu d&#8217;angl\u00e8s"},"content":{"rendered":"<p>[vc_row css=&#8221;.vc_custom_1494231365986{padding-bottom: 30px !important;}&#8221;][vc_column][vc_column_text]<\/p>\n<h1>Curs intensiu d\u2019angl\u00e8s<\/h1>\n<p>Clase Barcelona t\u2019ofereix el curs intensiu d\u2019angl\u00e8s per apropar-te a l\u2019idioma de comunicaci\u00f3 internacional per excel\u00b7l\u00e8ncia i tamb\u00e9, per desgr\u00e0cia, una assignatura pendent per a moltes persones. Tanmateix, cada dia \u00e9s m\u00e9s important. En primer lloc, per als estudis universitaris. En segon lloc, per al mon laboral o simplement per a viatjar i con\u00e8ixer gent de tot el mon. El nostre curs intensiu d\u2019angl\u00e8s es basa en una metodologia d\u2019aprenentatge r\u00e0pid. Millora el teu nivell d\u2019angl\u00e8s en un curs ple d\u2019activitats diverses i divertides, conversa i intercanvi de coneixements, dubtes i idees. Tu tamb\u00e9 ho pots aconseguir!<\/p>\n<p>Avan\u00e7ar\u00e0s amb l\u2019aprenentatge r\u00e0pidament amb el nostre curs intensiu d\u2019angl\u00e8s!<\/p>\n<p>Com tots els nostres cursos, el curs intensiu d\u2019angl\u00e8s es basa en el Marc Com\u00fa Europeu de Refer\u00e8ncia per a les Lleng\u00fces. Si vols saber-ne m\u00e9s, pots consultar la <a href=\"https:\/\/www.academia-barcelona.com\/ca\/que-oferim\/la-nostra-metodologia\/\">Nostra Metodologia<\/a><\/p>\n<h3>Comunicaci\u00f3 i flu\u00efdesa<\/h3>\n<p>A Clase Barcelona ens marquem com a objectiu principal la comunicaci\u00f3. D&#8217;aquesta manera, potenciem la participaci\u00f3 fluida en di\u00e0legs, converses del dia a dia, i a l\u2019ambient laboral.\u00a0 Per tant, l&#8217;alumne ser\u00e0 capa\u00e7 d\u2019entendre i participar en situacions comunicatives pr\u00f2pies de la llengua. Per poder-ho aconseguir, posem a la teva disposici\u00f3 els nostres professors natius, amb m\u00e8todes d\u2019aprenentatge innovadors i entretinguts, grups redu\u00efts i molts exercicis de comunicaci\u00f3. L\u2019acad\u00e8mia Clase Barcelona Language School, situada al centre de la ciutat i a prop de Passeig de Gr\u00e0cia i Pla\u00e7a Catalunya, t\u2019ajudar\u00e0 a millorar el teu nivell d\u2019angl\u00e8s.[\/vc_column_text][\/vc_column][\/vc_row][vc_row full_width=&#8221;stretch_row&#8221; css=&#8221;.vc_custom_1494231440753{padding-top: 30px !important;padding-bottom: 30px !important;background-color: #f9f9f9 !important;}&#8221;][vc_column][vc_column_text]<\/p>\n<h2>Informaci\u00f3 pr\u00e0ctica<\/h2>\n<p>De dilluns a divendres<\/p>\n<p>Grups redu\u00efts<\/p>\n<p>Horaris: de mati i tarda<\/p>\n<p>Propera data d\u2019inici: <a href=\"mailto:info@clase-barcelona.com\">consulta amb nosaltres<\/a>[\/vc_column_text][\/vc_column][\/vc_row][vc_column][\/vc_column]<\/p>\n","protected":false},"excerpt":{"rendered":"<p>[vc_row css=&#8221;.vc_custom_1494231365986{padding-bottom: 30px !important;}&#8221;][vc_column][vc_column_text] Curs intensiu d\u2019angl\u00e8s Clase Barcelona t\u2019ofereix el curs intensiu d\u2019angl\u00e8s per apropar-te a l\u2019idioma de comunicaci\u00f3 internacional per excel\u00b7l\u00e8ncia i tamb\u00e9, per desgr\u00e0cia, una assignatura pendent per a moltes persones. Tanmateix, cada dia \u00e9s m\u00e9s important. En primer lloc, per als estudis universitaris. En segon lloc, per al mon laboral o&hellip; <a class=\"read-more\" href=\"https:\/\/www.academia-barcelona.com\/ca\/cursos-didiomes\/cursos-dangles\/curs-dangles-intensiu\/\" title=\"Read Curs intensiu d&#8217;angl\u00e8s\">Read more &raquo;<\/a><\/p>\n","protected":false},"author":3,"featured_media":0,"parent":1410,"menu_order":0,"comment_status":"closed","ping_status":"closed","template":"","meta":{"footnotes":""},"class_list":["post-8971","page","type-page","status-publish","hentry"],"yoast_head":"<!-- This site is optimized with the Yoast SEO plugin v27.1.1 - https:\/\/yoast.com\/product\/yoast-seo-wordpress\/ -->\n<title>Curs intensiu d&#039;angl\u00e8s Clase Barcelona Language School<\/title>\n<meta name=\"description\" content=\"El curs intensiu d&#039;angl\u00e8s t&#039;ajudar\u00e0 a refrescar i millorar el teu nivell. Amb professors natius i enfocat a la comunicaci\u00f3.\" \/>\n<meta name=\"robots\" content=\"index, follow, max-snippet:-1, max-image-preview:large, max-video-preview:-1\" \/>\n<link rel=\"canonical\" href=\"https:\/\/www.academia-barcelona.com\/ca\/cursos-didiomes\/cursos-dangles\/curs-dangles-intensiu\/\" \/>\n<meta property=\"og:locale\" content=\"ca_ES\" \/>\n<meta property=\"og:type\" content=\"article\" \/>\n<meta property=\"og:title\" content=\"Curs intensiu d&#039;angl\u00e8s Clase Barcelona Language School\" \/>\n<meta property=\"og:description\" content=\"El curs intensiu d&#039;angl\u00e8s t&#039;ajudar\u00e0 a refrescar i millorar el teu nivell. Amb professors natius i enfocat a la comunicaci\u00f3.\" \/>\n<meta property=\"og:url\" content=\"https:\/\/www.academia-barcelona.com\/ca\/cursos-didiomes\/cursos-dangles\/curs-dangles-intensiu\/\" \/>\n<meta property=\"article:modified_time\" content=\"2018-10-02T11:44:05+00:00\" \/>\n<meta name=\"twitter:card\" content=\"summary_large_image\" \/>\n<meta name=\"twitter:label1\" content=\"Temps estimat de lectura\" \/>\n\t<meta name=\"twitter:data1\" content=\"2 minuts\" \/>\n<script type=\"application\/ld+json\" class=\"yoast-schema-graph\">{\"@context\":\"https:\/\/schema.org\",\"@graph\":[{\"@type\":\"WebPage\",\"@id\":\"https:\/\/www.academia-barcelona.com\/ca\/cursos-didiomes\/cursos-dangles\/curs-dangles-intensiu\/\",\"url\":\"https:\/\/www.academia-barcelona.com\/ca\/cursos-didiomes\/cursos-dangles\/curs-dangles-intensiu\/\",\"name\":\"Curs intensiu d'angl\u00e8s Clase Barcelona Language School\",\"isPartOf\":{\"@id\":\"https:\/\/www.academia-barcelona.com\/#website\"},\"datePublished\":\"2017-05-08T08:21:25+00:00\",\"dateModified\":\"2018-10-02T11:44:05+00:00\",\"description\":\"El curs intensiu d'angl\u00e8s t'ajudar\u00e0 a refrescar i millorar el teu nivell. Amb professors natius i enfocat a la comunicaci\u00f3.\",\"breadcrumb\":{\"@id\":\"https:\/\/www.academia-barcelona.com\/ca\/cursos-didiomes\/cursos-dangles\/curs-dangles-intensiu\/#breadcrumb\"},\"inLanguage\":\"ca\",\"potentialAction\":[{\"@type\":\"ReadAction\",\"target\":[\"https:\/\/www.academia-barcelona.com\/ca\/cursos-didiomes\/cursos-dangles\/curs-dangles-intensiu\/\"]}]},{\"@type\":\"BreadcrumbList\",\"@id\":\"https:\/\/www.academia-barcelona.com\/ca\/cursos-didiomes\/cursos-dangles\/curs-dangles-intensiu\/#breadcrumb\",\"itemListElement\":[{\"@type\":\"ListItem\",\"position\":1,\"name\":\"Cursos d\u2019idiomes\",\"item\":\"https:\/\/www.academia-barcelona.com\/ca\/cursos-didiomes\/\"},{\"@type\":\"ListItem\",\"position\":2,\"name\":\"Cursos d\u2019angl\u00e8s\",\"item\":\"https:\/\/www.academia-barcelona.com\/ca\/cursos-didiomes\/cursos-dangles\/\"},{\"@type\":\"ListItem\",\"position\":3,\"name\":\"Curs intensiu d&#8217;angl\u00e8s\"}]},{\"@type\":\"WebSite\",\"@id\":\"https:\/\/www.academia-barcelona.com\/#website\",\"url\":\"https:\/\/www.academia-barcelona.com\/\",\"name\":\"\",\"description\":\"\",\"potentialAction\":[{\"@type\":\"SearchAction\",\"target\":{\"@type\":\"EntryPoint\",\"urlTemplate\":\"https:\/\/www.academia-barcelona.com\/?s={search_term_string}\"},\"query-input\":{\"@type\":\"PropertyValueSpecification\",\"valueRequired\":true,\"valueName\":\"search_term_string\"}}],\"inLanguage\":\"ca\"}]}<\/script>\n<!-- \/ Yoast SEO plugin. -->","yoast_head_json":{"title":"Curs intensiu d'angl\u00e8s Clase Barcelona Language School","description":"El curs intensiu d'angl\u00e8s t'ajudar\u00e0 a refrescar i millorar el teu nivell. Amb professors natius i enfocat a la comunicaci\u00f3.","robots":{"index":"index","follow":"follow","max-snippet":"max-snippet:-1","max-image-preview":"max-image-preview:large","max-video-preview":"max-video-preview:-1"},"canonical":"https:\/\/www.academia-barcelona.com\/ca\/cursos-didiomes\/cursos-dangles\/curs-dangles-intensiu\/","og_locale":"ca_ES","og_type":"article","og_title":"Curs intensiu d'angl\u00e8s Clase Barcelona Language School","og_description":"El curs intensiu d'angl\u00e8s t'ajudar\u00e0 a refrescar i millorar el teu nivell. Amb professors natius i enfocat a la comunicaci\u00f3.","og_url":"https:\/\/www.academia-barcelona.com\/ca\/cursos-didiomes\/cursos-dangles\/curs-dangles-intensiu\/","article_modified_time":"2018-10-02T11:44:05+00:00","twitter_card":"summary_large_image","twitter_misc":{"Temps estimat de lectura":"2 minuts"},"schema":{"@context":"https:\/\/schema.org","@graph":[{"@type":"WebPage","@id":"https:\/\/www.academia-barcelona.com\/ca\/cursos-didiomes\/cursos-dangles\/curs-dangles-intensiu\/","url":"https:\/\/www.academia-barcelona.com\/ca\/cursos-didiomes\/cursos-dangles\/curs-dangles-intensiu\/","name":"Curs intensiu d'angl\u00e8s Clase Barcelona Language School","isPartOf":{"@id":"https:\/\/www.academia-barcelona.com\/#website"},"datePublished":"2017-05-08T08:21:25+00:00","dateModified":"2018-10-02T11:44:05+00:00","description":"El curs intensiu d'angl\u00e8s t'ajudar\u00e0 a refrescar i millorar el teu nivell. Amb professors natius i enfocat a la comunicaci\u00f3.","breadcrumb":{"@id":"https:\/\/www.academia-barcelona.com\/ca\/cursos-didiomes\/cursos-dangles\/curs-dangles-intensiu\/#breadcrumb"},"inLanguage":"ca","potentialAction":[{"@type":"ReadAction","target":["https:\/\/www.academia-barcelona.com\/ca\/cursos-didiomes\/cursos-dangles\/curs-dangles-intensiu\/"]}]},{"@type":"BreadcrumbList","@id":"https:\/\/www.academia-barcelona.com\/ca\/cursos-didiomes\/cursos-dangles\/curs-dangles-intensiu\/#breadcrumb","itemListElement":[{"@type":"ListItem","position":1,"name":"Cursos d\u2019idiomes","item":"https:\/\/www.academia-barcelona.com\/ca\/cursos-didiomes\/"},{"@type":"ListItem","position":2,"name":"Cursos d\u2019angl\u00e8s","item":"https:\/\/www.academia-barcelona.com\/ca\/cursos-didiomes\/cursos-dangles\/"},{"@type":"ListItem","position":3,"name":"Curs intensiu d&#8217;angl\u00e8s"}]},{"@type":"WebSite","@id":"https:\/\/www.academia-barcelona.com\/#website","url":"https:\/\/www.academia-barcelona.com\/","name":"","description":"","potentialAction":[{"@type":"SearchAction","target":{"@type":"EntryPoint","urlTemplate":"https:\/\/www.academia-barcelona.com\/?s={search_term_string}"},"query-input":{"@type":"PropertyValueSpecification","valueRequired":true,"valueName":"search_term_string"}}],"inLanguage":"ca"}]}},"_links":{"self":[{"href":"https:\/\/www.academia-barcelona.com\/ca\/wp-json\/wp\/v2\/pages\/8971","targetHints":{"allow":["GET"]}}],"collection":[{"href":"https:\/\/www.academia-barcelona.com\/ca\/wp-json\/wp\/v2\/pages"}],"about":[{"href":"https:\/\/www.academia-barcelona.com\/ca\/wp-json\/wp\/v2\/types\/page"}],"author":[{"embeddable":true,"href":"https:\/\/www.academia-barcelona.com\/ca\/wp-json\/wp\/v2\/users\/3"}],"replies":[{"embeddable":true,"href":"https:\/\/www.academia-barcelona.com\/ca\/wp-json\/wp\/v2\/comments?post=8971"}],"version-history":[{"count":3,"href":"https:\/\/www.academia-barcelona.com\/ca\/wp-json\/wp\/v2\/pages\/8971\/revisions"}],"predecessor-version":[{"id":10652,"href":"https:\/\/www.academia-barcelona.com\/ca\/wp-json\/wp\/v2\/pages\/8971\/revisions\/10652"}],"up":[{"embeddable":true,"href":"https:\/\/www.academia-barcelona.com\/ca\/wp-json\/wp\/v2\/pages\/1410"}],"wp:attachment":[{"href":"https:\/\/www.academia-barcelona.com\/ca\/wp-json\/wp\/v2\/media?parent=8971"}],"curies":[{"name":"wp","href":"https:\/\/api.w.org\/{rel}","templated":true}]}}