{"id":8964,"date":"2017-05-08T08:05:31","date_gmt":"2017-05-08T08:05:31","guid":{"rendered":"http:\/\/barcelona-sprachschule.de\/?page_id=8964\/"},"modified":"2021-11-04T21:56:39","modified_gmt":"2021-11-04T21:56:39","slug":"oferta-del-mes","status":"publish","type":"page","link":"https:\/\/www.academia-barcelona.com\/ca\/oferta-del-mes\/","title":{"rendered":"Oferta del mes"},"content":{"rendered":"<p>[vc_row css=&#8221;.vc_custom_1494230292662{padding-bottom: 30px !important;}&#8221;][vc_column][vc_column_text]<\/p>\n<h1>NOUS CURSOS D&#8217;ALEMANY AL MAR\u00c7. MATR\u00cdCULA OBERTA! RESERVA ARA LA TEVA PLA\u00c7A ALS CURSOS D&#8217;ALEMANY!<\/h1>\n<p>Comen\u00e7a ara a <a href=\"https:\/\/www.academia-barcelona.com\/ca\/cursos-didiomes\/\">estudiar alemany<\/a> a l&#8217;escola d&#8217;idiomes Clase Barcelona amb les nostres ofertes del mes. Si comences ara, aviat podr\u00e0s obtenir bons resultats, i apropar-te al teu objectiu de parlar alemany. CURSOS INTENSIUS D&#8217;ALEMANY A LA NOSTRA ESCOLA AL CENTRE DE BARCELONA PER APRENDRE R\u00c0PIDAMENT. <a href=\"mailto:info@clase-barcelona.com\">CONSULTA&#8217;NS!<\/a><\/p>\n<h2>Cursos d\u2019alemany a Barcelona<\/h2>\n<div class=\"vc_row wpb_row vc_row-fluid row-background-light\">\n<div class=\"wpb_column vc_column_container vc_col-sm-12\">\n<div class=\"vc_column-inner \">\n<div class=\"wpb_wrapper\">\n<div class=\"wpb_text_column wpb_content_element \">\n<div class=\"wpb_wrapper\">\n<p>Els\u00a0<strong>cursos d\u2019alemany<\/strong>\u00a0son la nostra especialitat! A Clase Barcelona Language School trobar\u00e0s varietat de cursos de diferents nivells. Gr\u00e0cies als nostres professors nadius i la metodologia apresa rere molts anys d\u2019experi\u00e8ncia, aprendre alemany a la nostra acad\u00e8mia d\u2019idiomes Clase Barcelona \u00e9s f\u00e0cil i efica\u00e7!<\/div>\n<\/div>\n<div class=\"wpb_text_column wpb_content_element \">\n<div class=\"wpb_wrapper\">\n<p>Tria el curs que s\u2019adapti m\u00e9s a les teves necessitats i objectius, o\u00a0<a href=\"mailto:info@clase-barcelona.com\" target=\"_blank\" rel=\"noopener noreferrer\">consulta amb nosaltres<\/a>\u00a0quina \u00e9s la millor opci\u00f3 per aprendre alemany. A Clase Barcelona Language School som flexibles i t\u2019oferim cursos personalitzats, amb varietat d\u2019horaris per triar, professors natius, metodologia basada en la comunicaci\u00f3 i sempre seguint els est\u00e0ndards del Marc Europeu de Refer\u00e8ncia per a les Lleng\u00fces.<\/div>\n<\/div>\n<\/div>\n<\/div>\n<\/div>\n<\/div>\n<p>[\/vc_column_text][\/vc_column][\/vc_row][vc_row full_width=&#8221;stretch_row&#8221; css=&#8221;.vc_custom_1494230793271{padding-top: 30px !important;padding-bottom: 30px !important;background-color: #f9f9f9 !important;}&#8221;][vc_column][vc_column_text]1. <strong>\u00a1NOU! <\/strong><strong>CURS INTENSIU D&#8217;ALEMANY INICIAL A1 &#8211;<\/strong>per principiants SENSE coneixements previs-. MATR\u00cdCULA OBERTA<\/p>\n<p>Inici: dilluns 2 de mar\u00e7 (queden 4 places)<br \/>\nModalitat: de dilluns a divendres, en minigrup<br \/>\nHorari: per la tarda<br \/>\nPreu: 399,-*\/mes[\/vc_column_text][vc_column_text]2. <strong>CURS INTENSIU D&#8217;ALEMANY INICIAL A1.2 <\/strong>Curs d&#8217;alemany inicial- (Nivell A1.2) -per principiants amb alguns coneixements previs-<\/p>\n<p>Inici: dilluns 2 de mar\u00e7 (queden 4 places)<br \/>\nModalitat: de dilluns a divendres, en minigrup<br \/>\nHorari: de 18.30 a 20.30 de la tarda<br \/>\nPreu: 399,-*\/per tres setmanes[\/vc_column_text][vc_column_text]3. <strong>CURS SEMI &#8211; INTENSIU D&#8217;ALEMANY NIVELL B1<br \/>\n<\/strong><\/p>\n<p>Inici: dimarts 3 de mar\u00e7 (queden 4 places)<br \/>\nModalitat: tres dies a la setmana, en minigrup<br \/>\nHorari: de 9.30 &#8211; 11.00 del mat\u00ed<br \/>\nPreu: 359,-*\/al mes[\/vc_column_text][vc_column_text]4. <strong>CURS EXTENSIU D&#8217;ALEMANY INICIAL A1.2<br \/>\n<\/strong>Curs d&#8217;alemany inicial- (Nivell A1.2 &#8211; amb alguns coneixements previs)<\/p>\n<p>Inici: dilluns 24 de mar\u00e7 (queden 3 places)<br \/>\nModalitat: dilluns i dimecres, en minigrup<br \/>\nHorari: de 19.00 a 20.30h.<br \/>\nPreu: 149,-*\/al mes[\/vc_column_text][vc_column_text]<strong>5 . Curs extensiu d&#8217;alemany b\u00e0sic &#8211; intermig (Nivell A2)<\/strong><\/p>\n<p>Inici: dilluns 2 de mar\u00e7 (queden 3 places)<br \/>\nModalitat: dilluns i dimecres<br \/>\nHorari: 19:15h &#8211; 20:45h<\/p>\n<p>Preu: 149,-*\/per mes[\/vc_column_text][vc_column_text]<strong>6 . Curs d&#8217;alemany b\u00e0sic &#8211; intermig per joves (Deutsch f\u00fcr Jugendliche A2)<\/strong><\/p>\n<p>Inici: divendres 6 de mar\u00e7 (queden 3 places)<br \/>\nModalitat: 1 dia a la semana, estudiants entre 13 i 17 anys<br \/>\nHorari: 15.45 a 17.15h.<\/p>\n<p>Preu: 79,-*\/per mes[\/vc_column_text][\/vc_column][\/vc_row][vc_row full_width=&#8221;stretch_row&#8221; css=&#8221;.vc_custom_1494230840300{padding-top: 30px !important;padding-bottom: 30px !important;background-color: #f9f9f9 !important;}&#8221;][vc_column][vc_column_text]<strong>7) Classes d&#8217;idiomes extraescolars per a nens!<\/strong><\/p>\n<p>Horari: flexible<\/p>\n<p>Idiomes: alemany i angl\u00e8s<\/p>\n<p>Rep\u00e0s escolar, classes divertides, manualitats, can\u00e7ons, jocs, immersi\u00f3 a l&#8217;alemany o angl\u00e9s<\/p>\n<p>Monitores biling\u00fces i din\u00e0miques<\/p>\n<p>Nens i adolescents entre 8 i 16 anys<\/p>\n<p>Una classe setmanal, una hora.<\/p>\n<p>* Matricula de 36,-<\/p>\n<p>Per saber m\u00e9s, <a href=\"mailto:info@clase-barcelona.com\">contacteu amb nosaltres<\/a> o truqueu-nos al<strong> 933.019.260<\/strong>[\/vc_column_text][\/vc_column][\/vc_row][vc_row full_width=&#8221;stretch_row&#8221; css=&#8221;.vc_custom_1494230953227{padding-top: 30px !important;padding-bottom: 30px !important;}&#8221;][vc_column][vc_single_image image=&#8221;2688&#8243; img_size=&#8221;full&#8221; alignment=&#8221;center&#8221;][\/vc_column][\/vc_row]<\/p>\n","protected":false},"excerpt":{"rendered":"<p>[vc_row css=&#8221;.vc_custom_1494230292662{padding-bottom: 30px !important;}&#8221;][vc_column][vc_column_text] NOUS CURSOS D&#8217;ALEMANY AL MAR\u00c7. MATR\u00cdCULA OBERTA! RESERVA ARA LA TEVA PLA\u00c7A ALS CURSOS D&#8217;ALEMANY! Comen\u00e7a ara a estudiar alemany a l&#8217;escola d&#8217;idiomes Clase Barcelona amb les nostres ofertes del mes. Si comences ara, aviat podr\u00e0s obtenir bons resultats, i apropar-te al teu objectiu de parlar alemany. CURSOS INTENSIUS D&#8217;ALEMANY A&hellip; <a class=\"read-more\" href=\"https:\/\/www.academia-barcelona.com\/ca\/oferta-del-mes\/\" title=\"Read Oferta del mes\">Read more &raquo;<\/a><\/p>\n","protected":false},"author":3,"featured_media":0,"parent":0,"menu_order":0,"comment_status":"closed","ping_status":"closed","template":"","meta":{"footnotes":""},"class_list":["post-8964","page","type-page","status-publish","hentry"],"yoast_head":"<!-- This site is optimized with the Yoast SEO plugin v27.1.1 - https:\/\/yoast.com\/product\/yoast-seo-wordpress\/ -->\n<title>Oferta del mes a Clase Barcelona Language School<\/title>\n<meta name=\"description\" content=\"Oferta del mes. Nous cursos d&#039;alemany a la Sprachschule Barcelona. Apr\u00e8n alemany de forma r\u00e0pida amb els nostres professors natius.\" \/>\n<meta name=\"robots\" content=\"index, follow, max-snippet:-1, max-image-preview:large, max-video-preview:-1\" \/>\n<link rel=\"canonical\" href=\"https:\/\/www.academia-barcelona.com\/ca\/oferta-del-mes\/\" \/>\n<meta property=\"og:locale\" content=\"ca_ES\" \/>\n<meta property=\"og:type\" content=\"article\" \/>\n<meta property=\"og:title\" content=\"Oferta del mes a Clase Barcelona Language School\" \/>\n<meta property=\"og:description\" content=\"Oferta del mes. Nous cursos d&#039;alemany a la Sprachschule Barcelona. Apr\u00e8n alemany de forma r\u00e0pida amb els nostres professors natius.\" \/>\n<meta property=\"og:url\" content=\"https:\/\/www.academia-barcelona.com\/ca\/oferta-del-mes\/\" \/>\n<meta property=\"article:modified_time\" content=\"2021-11-04T21:56:39+00:00\" \/>\n<meta name=\"twitter:card\" content=\"summary_large_image\" \/>\n<meta name=\"twitter:label1\" content=\"Temps estimat de lectura\" \/>\n\t<meta name=\"twitter:data1\" content=\"3 minuts\" \/>\n<script type=\"application\/ld+json\" class=\"yoast-schema-graph\">{\"@context\":\"https:\/\/schema.org\",\"@graph\":[{\"@type\":\"WebPage\",\"@id\":\"https:\/\/www.academia-barcelona.com\/ca\/oferta-del-mes\/\",\"url\":\"https:\/\/www.academia-barcelona.com\/ca\/oferta-del-mes\/\",\"name\":\"Oferta del mes a Clase Barcelona Language School\",\"isPartOf\":{\"@id\":\"https:\/\/www.academia-barcelona.com\/#website\"},\"datePublished\":\"2017-05-08T08:05:31+00:00\",\"dateModified\":\"2021-11-04T21:56:39+00:00\",\"description\":\"Oferta del mes. Nous cursos d'alemany a la Sprachschule Barcelona. Apr\u00e8n alemany de forma r\u00e0pida amb els nostres professors natius.\",\"inLanguage\":\"ca\",\"potentialAction\":[{\"@type\":\"ReadAction\",\"target\":[\"https:\/\/www.academia-barcelona.com\/ca\/oferta-del-mes\/\"]}]},{\"@type\":\"WebSite\",\"@id\":\"https:\/\/www.academia-barcelona.com\/#website\",\"url\":\"https:\/\/www.academia-barcelona.com\/\",\"name\":\"\",\"description\":\"\",\"potentialAction\":[{\"@type\":\"SearchAction\",\"target\":{\"@type\":\"EntryPoint\",\"urlTemplate\":\"https:\/\/www.academia-barcelona.com\/?s={search_term_string}\"},\"query-input\":{\"@type\":\"PropertyValueSpecification\",\"valueRequired\":true,\"valueName\":\"search_term_string\"}}],\"inLanguage\":\"ca\"}]}<\/script>\n<!-- \/ Yoast SEO plugin. -->","yoast_head_json":{"title":"Oferta del mes a Clase Barcelona Language School","description":"Oferta del mes. Nous cursos d'alemany a la Sprachschule Barcelona. Apr\u00e8n alemany de forma r\u00e0pida amb els nostres professors natius.","robots":{"index":"index","follow":"follow","max-snippet":"max-snippet:-1","max-image-preview":"max-image-preview:large","max-video-preview":"max-video-preview:-1"},"canonical":"https:\/\/www.academia-barcelona.com\/ca\/oferta-del-mes\/","og_locale":"ca_ES","og_type":"article","og_title":"Oferta del mes a Clase Barcelona Language School","og_description":"Oferta del mes. Nous cursos d'alemany a la Sprachschule Barcelona. Apr\u00e8n alemany de forma r\u00e0pida amb els nostres professors natius.","og_url":"https:\/\/www.academia-barcelona.com\/ca\/oferta-del-mes\/","article_modified_time":"2021-11-04T21:56:39+00:00","twitter_card":"summary_large_image","twitter_misc":{"Temps estimat de lectura":"3 minuts"},"schema":{"@context":"https:\/\/schema.org","@graph":[{"@type":"WebPage","@id":"https:\/\/www.academia-barcelona.com\/ca\/oferta-del-mes\/","url":"https:\/\/www.academia-barcelona.com\/ca\/oferta-del-mes\/","name":"Oferta del mes a Clase Barcelona Language School","isPartOf":{"@id":"https:\/\/www.academia-barcelona.com\/#website"},"datePublished":"2017-05-08T08:05:31+00:00","dateModified":"2021-11-04T21:56:39+00:00","description":"Oferta del mes. Nous cursos d'alemany a la Sprachschule Barcelona. Apr\u00e8n alemany de forma r\u00e0pida amb els nostres professors natius.","inLanguage":"ca","potentialAction":[{"@type":"ReadAction","target":["https:\/\/www.academia-barcelona.com\/ca\/oferta-del-mes\/"]}]},{"@type":"WebSite","@id":"https:\/\/www.academia-barcelona.com\/#website","url":"https:\/\/www.academia-barcelona.com\/","name":"","description":"","potentialAction":[{"@type":"SearchAction","target":{"@type":"EntryPoint","urlTemplate":"https:\/\/www.academia-barcelona.com\/?s={search_term_string}"},"query-input":{"@type":"PropertyValueSpecification","valueRequired":true,"valueName":"search_term_string"}}],"inLanguage":"ca"}]}},"_links":{"self":[{"href":"https:\/\/www.academia-barcelona.com\/ca\/wp-json\/wp\/v2\/pages\/8964","targetHints":{"allow":["GET"]}}],"collection":[{"href":"https:\/\/www.academia-barcelona.com\/ca\/wp-json\/wp\/v2\/pages"}],"about":[{"href":"https:\/\/www.academia-barcelona.com\/ca\/wp-json\/wp\/v2\/types\/page"}],"author":[{"embeddable":true,"href":"https:\/\/www.academia-barcelona.com\/ca\/wp-json\/wp\/v2\/users\/3"}],"replies":[{"embeddable":true,"href":"https:\/\/www.academia-barcelona.com\/ca\/wp-json\/wp\/v2\/comments?post=8964"}],"version-history":[{"count":116,"href":"https:\/\/www.academia-barcelona.com\/ca\/wp-json\/wp\/v2\/pages\/8964\/revisions"}],"predecessor-version":[{"id":13768,"href":"https:\/\/www.academia-barcelona.com\/ca\/wp-json\/wp\/v2\/pages\/8964\/revisions\/13768"}],"wp:attachment":[{"href":"https:\/\/www.academia-barcelona.com\/ca\/wp-json\/wp\/v2\/media?parent=8964"}],"curies":[{"name":"wp","href":"https:\/\/api.w.org\/{rel}","templated":true}]}}