{"id":8949,"date":"2017-05-07T19:41:08","date_gmt":"2017-05-07T19:41:08","guid":{"rendered":"http:\/\/barcelona-sprachschule.de\/?page_id=8949\/"},"modified":"2017-05-07T19:41:26","modified_gmt":"2017-05-07T19:41:26","slug":"els-nostres-avantatges","status":"publish","type":"page","link":"https:\/\/www.academia-barcelona.com\/ca\/que-oferim\/els-nostres-avantatges\/","title":{"rendered":"Els nostres avantatges"},"content":{"rendered":"<p>[vc_row css=&#8221;.vc_custom_1494186077168{padding-bottom: 50px !important;}&#8221;][vc_column][vc_column_text]<\/p>\n<h1>Els nostres avantatges<\/h1>\n<p>Els nostres avantatges CBLS Clase Barcelona Language School. La matr\u00edcula inclou:[\/vc_column_text][vc_row_inner][vc_column_inner width=&#8221;1\/2&#8243;][vc_single_image image=&#8221;3875&#8243; img_size=&#8221;full&#8221; alignment=&#8221;center&#8221; style=&#8221;vc_box_outline&#8221;][\/vc_column_inner][vc_column_inner width=&#8221;1\/2&#8243;][vc_column_text]<\/p>\n<ul>\n<li>Assessorament i avaluaci\u00f3.<\/li>\n<li>Pr\u00e9stec gratu\u00eft de literatura, revistes, llibres, diaris i m\u00fasica.<\/li>\n<li>La nostra oferta de classes \u00e9s flexible en funci\u00f3 de les necessitats de l\u2019alumne.<\/li>\n<li>Atenci\u00f3 personalitzada en les diferents tasques i requisits administratius en arribar a un pa\u00eds nou, com la recerca de pis, escola o guarderia, formalitats i tr\u00e0mits de visat.<\/li>\n<li>Informaci\u00f3 \u00fatil sobre el pa\u00eds, per exemple, assegurances, hospitals, metges. Assist\u00e8ncia continuada (en persona, per correu electr\u00f2nic o per tel\u00e8fon). Sempre estem aqu\u00ed per al que necessitis!<\/li>\n<li>Certificat d\u2019aprofitament del curs, corresponent al Marc Com\u00fa Europeu de Refer\u00e8ncia per a les Lleng\u00fces.<\/li>\n<\/ul>\n<p>Aix\u00f2 far\u00e0 augmentar les teves oportunitats professionals![\/vc_column_text][\/vc_column_inner][\/vc_row_inner][\/vc_column][\/vc_row]<\/p>\n","protected":false},"excerpt":{"rendered":"<p>[vc_row css=&#8221;.vc_custom_1494186077168{padding-bottom: 50px !important;}&#8221;][vc_column][vc_column_text] Els nostres avantatges Els nostres avantatges CBLS Clase Barcelona Language School. La matr\u00edcula inclou:[\/vc_column_text][vc_row_inner][vc_column_inner width=&#8221;1\/2&#8243;][vc_single_image image=&#8221;3875&#8243; img_size=&#8221;full&#8221; alignment=&#8221;center&#8221; style=&#8221;vc_box_outline&#8221;][\/vc_column_inner][vc_column_inner width=&#8221;1\/2&#8243;][vc_column_text] Assessorament i avaluaci\u00f3. Pr\u00e9stec gratu\u00eft de literatura, revistes, llibres, diaris i m\u00fasica. La nostra oferta de classes \u00e9s flexible en funci\u00f3 de les necessitats de l\u2019alumne. Atenci\u00f3 personalitzada en les diferents&hellip; <a class=\"read-more\" href=\"https:\/\/www.academia-barcelona.com\/ca\/que-oferim\/els-nostres-avantatges\/\" title=\"Read Els nostres avantatges\">Read more &raquo;<\/a><\/p>\n","protected":false},"author":3,"featured_media":0,"parent":1495,"menu_order":0,"comment_status":"closed","ping_status":"closed","template":"","meta":{"footnotes":""},"class_list":["post-8949","page","type-page","status-publish","hentry"],"yoast_head":"<!-- This site is optimized with the Yoast SEO plugin v27.1.1 - https:\/\/yoast.com\/product\/yoast-seo-wordpress\/ -->\n<title>Els nostres avantatges CBLS Clase Barcelona Language School<\/title>\n<meta name=\"description\" content=\"Atenci\u00f3 personalitzada en les diferents tasques i requisits administratius en arribar a un pa\u00eds nou, com la recerca de pis, escola o guarderia.\" \/>\n<meta name=\"robots\" content=\"index, follow, max-snippet:-1, max-image-preview:large, max-video-preview:-1\" \/>\n<link rel=\"canonical\" href=\"https:\/\/www.academia-barcelona.com\/ca\/que-oferim\/els-nostres-avantatges\/\" \/>\n<meta property=\"og:locale\" content=\"ca_ES\" \/>\n<meta property=\"og:type\" content=\"article\" \/>\n<meta property=\"og:title\" content=\"Els nostres avantatges CBLS Clase Barcelona Language School\" \/>\n<meta property=\"og:description\" content=\"Atenci\u00f3 personalitzada en les diferents tasques i requisits administratius en arribar a un pa\u00eds nou, com la recerca de pis, escola o guarderia.\" \/>\n<meta property=\"og:url\" content=\"https:\/\/www.academia-barcelona.com\/ca\/que-oferim\/els-nostres-avantatges\/\" \/>\n<meta property=\"article:modified_time\" content=\"2017-05-07T19:41:26+00:00\" \/>\n<meta name=\"twitter:card\" content=\"summary_large_image\" \/>\n<meta name=\"twitter:label1\" content=\"Temps estimat de lectura\" \/>\n\t<meta name=\"twitter:data1\" content=\"1 minut\" \/>\n<script type=\"application\/ld+json\" class=\"yoast-schema-graph\">{\"@context\":\"https:\/\/schema.org\",\"@graph\":[{\"@type\":\"WebPage\",\"@id\":\"https:\/\/www.academia-barcelona.com\/ca\/que-oferim\/els-nostres-avantatges\/\",\"url\":\"https:\/\/www.academia-barcelona.com\/ca\/que-oferim\/els-nostres-avantatges\/\",\"name\":\"Els nostres avantatges CBLS Clase Barcelona Language School\",\"isPartOf\":{\"@id\":\"https:\/\/www.academia-barcelona.com\/#website\"},\"datePublished\":\"2017-05-07T19:41:08+00:00\",\"dateModified\":\"2017-05-07T19:41:26+00:00\",\"description\":\"Atenci\u00f3 personalitzada en les diferents tasques i requisits administratius en arribar a un pa\u00eds nou, com la recerca de pis, escola o guarderia.\",\"breadcrumb\":{\"@id\":\"https:\/\/www.academia-barcelona.com\/ca\/que-oferim\/els-nostres-avantatges\/#breadcrumb\"},\"inLanguage\":\"ca\",\"potentialAction\":[{\"@type\":\"ReadAction\",\"target\":[\"https:\/\/www.academia-barcelona.com\/ca\/que-oferim\/els-nostres-avantatges\/\"]}]},{\"@type\":\"BreadcrumbList\",\"@id\":\"https:\/\/www.academia-barcelona.com\/ca\/que-oferim\/els-nostres-avantatges\/#breadcrumb\",\"itemListElement\":[{\"@type\":\"ListItem\",\"position\":1,\"name\":\"Qu\u00e8 oferim?\",\"item\":\"https:\/\/www.academia-barcelona.com\/ca\/que-oferim\/\"},{\"@type\":\"ListItem\",\"position\":2,\"name\":\"Els nostres avantatges\"}]},{\"@type\":\"WebSite\",\"@id\":\"https:\/\/www.academia-barcelona.com\/#website\",\"url\":\"https:\/\/www.academia-barcelona.com\/\",\"name\":\"\",\"description\":\"\",\"potentialAction\":[{\"@type\":\"SearchAction\",\"target\":{\"@type\":\"EntryPoint\",\"urlTemplate\":\"https:\/\/www.academia-barcelona.com\/?s={search_term_string}\"},\"query-input\":{\"@type\":\"PropertyValueSpecification\",\"valueRequired\":true,\"valueName\":\"search_term_string\"}}],\"inLanguage\":\"ca\"}]}<\/script>\n<!-- \/ Yoast SEO plugin. -->","yoast_head_json":{"title":"Els nostres avantatges CBLS Clase Barcelona Language School","description":"Atenci\u00f3 personalitzada en les diferents tasques i requisits administratius en arribar a un pa\u00eds nou, com la recerca de pis, escola o guarderia.","robots":{"index":"index","follow":"follow","max-snippet":"max-snippet:-1","max-image-preview":"max-image-preview:large","max-video-preview":"max-video-preview:-1"},"canonical":"https:\/\/www.academia-barcelona.com\/ca\/que-oferim\/els-nostres-avantatges\/","og_locale":"ca_ES","og_type":"article","og_title":"Els nostres avantatges CBLS Clase Barcelona Language School","og_description":"Atenci\u00f3 personalitzada en les diferents tasques i requisits administratius en arribar a un pa\u00eds nou, com la recerca de pis, escola o guarderia.","og_url":"https:\/\/www.academia-barcelona.com\/ca\/que-oferim\/els-nostres-avantatges\/","article_modified_time":"2017-05-07T19:41:26+00:00","twitter_card":"summary_large_image","twitter_misc":{"Temps estimat de lectura":"1 minut"},"schema":{"@context":"https:\/\/schema.org","@graph":[{"@type":"WebPage","@id":"https:\/\/www.academia-barcelona.com\/ca\/que-oferim\/els-nostres-avantatges\/","url":"https:\/\/www.academia-barcelona.com\/ca\/que-oferim\/els-nostres-avantatges\/","name":"Els nostres avantatges CBLS Clase Barcelona Language School","isPartOf":{"@id":"https:\/\/www.academia-barcelona.com\/#website"},"datePublished":"2017-05-07T19:41:08+00:00","dateModified":"2017-05-07T19:41:26+00:00","description":"Atenci\u00f3 personalitzada en les diferents tasques i requisits administratius en arribar a un pa\u00eds nou, com la recerca de pis, escola o guarderia.","breadcrumb":{"@id":"https:\/\/www.academia-barcelona.com\/ca\/que-oferim\/els-nostres-avantatges\/#breadcrumb"},"inLanguage":"ca","potentialAction":[{"@type":"ReadAction","target":["https:\/\/www.academia-barcelona.com\/ca\/que-oferim\/els-nostres-avantatges\/"]}]},{"@type":"BreadcrumbList","@id":"https:\/\/www.academia-barcelona.com\/ca\/que-oferim\/els-nostres-avantatges\/#breadcrumb","itemListElement":[{"@type":"ListItem","position":1,"name":"Qu\u00e8 oferim?","item":"https:\/\/www.academia-barcelona.com\/ca\/que-oferim\/"},{"@type":"ListItem","position":2,"name":"Els nostres avantatges"}]},{"@type":"WebSite","@id":"https:\/\/www.academia-barcelona.com\/#website","url":"https:\/\/www.academia-barcelona.com\/","name":"","description":"","potentialAction":[{"@type":"SearchAction","target":{"@type":"EntryPoint","urlTemplate":"https:\/\/www.academia-barcelona.com\/?s={search_term_string}"},"query-input":{"@type":"PropertyValueSpecification","valueRequired":true,"valueName":"search_term_string"}}],"inLanguage":"ca"}]}},"_links":{"self":[{"href":"https:\/\/www.academia-barcelona.com\/ca\/wp-json\/wp\/v2\/pages\/8949","targetHints":{"allow":["GET"]}}],"collection":[{"href":"https:\/\/www.academia-barcelona.com\/ca\/wp-json\/wp\/v2\/pages"}],"about":[{"href":"https:\/\/www.academia-barcelona.com\/ca\/wp-json\/wp\/v2\/types\/page"}],"author":[{"embeddable":true,"href":"https:\/\/www.academia-barcelona.com\/ca\/wp-json\/wp\/v2\/users\/3"}],"replies":[{"embeddable":true,"href":"https:\/\/www.academia-barcelona.com\/ca\/wp-json\/wp\/v2\/comments?post=8949"}],"version-history":[{"count":2,"href":"https:\/\/www.academia-barcelona.com\/ca\/wp-json\/wp\/v2\/pages\/8949\/revisions"}],"predecessor-version":[{"id":8951,"href":"https:\/\/www.academia-barcelona.com\/ca\/wp-json\/wp\/v2\/pages\/8949\/revisions\/8951"}],"up":[{"embeddable":true,"href":"https:\/\/www.academia-barcelona.com\/ca\/wp-json\/wp\/v2\/pages\/1495"}],"wp:attachment":[{"href":"https:\/\/www.academia-barcelona.com\/ca\/wp-json\/wp\/v2\/media?parent=8949"}],"curies":[{"name":"wp","href":"https:\/\/api.w.org\/{rel}","templated":true}]}}