{"id":8928,"date":"2017-05-07T19:28:48","date_gmt":"2017-05-07T19:28:48","guid":{"rendered":"http:\/\/barcelona-sprachschule.de\/?page_id=8928\/"},"modified":"2017-05-07T19:28:48","modified_gmt":"2017-05-07T19:28:48","slug":"serveis-de-traduccio","status":"publish","type":"page","link":"https:\/\/www.academia-barcelona.com\/ca\/que-oferim\/serveis-de-traduccio\/","title":{"rendered":"Serveis de traducci\u00f3"},"content":{"rendered":"<p>[vc_row css=&#8221;.vc_custom_1494173962586{padding-bottom: 30px !important;}&#8221;][vc_column][vc_column_text]<\/p>\n<h1>Serveis de traducci\u00f3 i serveis d&#8217;interpretaci\u00f3<\/h1>\n<p>Serveis de traducci\u00f3 CBLS CLase Barcelona Language School. Per la nostra experi\u00e8ncia a l&#8217;\u00e0mbit dels d&#8217;idiomes, els oferim els nostres serveis de traducci\u00f3 i interpretaci\u00f3 en diferents mat\u00e8ries.<\/p>\n<p>Tenim la nostra seu principal a Barcelona, per\u00f2 treballem amb traductors i int\u00e8rprets a tota Europa.[\/vc_column_text][vc_row_inner][vc_column_inner width=&#8221;1\/2&#8243;][vc_column_text]<strong>Les nostres \u00e0rees professionals<\/strong><\/p>\n<ul>\n<li>Economia<\/li>\n<li>Dret<\/li>\n<li>Polit\u00e8cnica<\/li>\n<li>Medicina<\/li>\n<li>Ind\u00fastria automobil\u00edstica<\/li>\n<li>Ci\u00e8ncies naturals<\/li>\n<\/ul>\n<p>[\/vc_column_text][\/vc_column_inner][vc_column_inner width=&#8221;1\/2&#8243;][vc_column_text]<strong>Els nostres idiomes <\/strong><\/p>\n<ul>\n<li>Espanyol<\/li>\n<li>Catal\u00e0<\/li>\n<li>Alemany<\/li>\n<li>Angl\u00e8s<\/li>\n<li>Franc\u00e8s<\/li>\n<li>Turc<\/li>\n<\/ul>\n<p>[\/vc_column_text][\/vc_column_inner][\/vc_row_inner][\/vc_column][\/vc_row][vc_row full_width=&#8221;stretch_row&#8221; css=&#8221;.vc_custom_1494185139899{padding-top: 30px !important;padding-bottom: 30px !important;background-color: #f9f9f9 !important;}&#8221;][vc_column width=&#8221;1\/2&#8243;][vc_column_text]<\/p>\n<p lang=\"ca-ES\">La nostra flexibilitat i un ampli camp d&#8217;\u00e0rees professionals ens permeten acceptar enc\u00e0rrecs d&#8217;interpretaci\u00f3 simult\u00e0nia, consecutiva i doblatge.<\/p>\n<p lang=\"ca-ES\">Comptem amb l&#8217;experi\u00e8ncia d&#8217;haver treballat per a conegudes produccions als \u00e0mbits del cinema i la televisi\u00f3, aix\u00ed com l&#8217;ex\u00e8rcit alemany (Bundeswehr), empreses multinacionals, la UEFA i la FIFA.<\/p>\n<p>Feu-nos arribar les vostres demandes i els oferirem pressupost sense comprom\u00eds.<\/p>\n<p>Esperem les vostres propostes![\/vc_column_text][\/vc_column][vc_column width=&#8221;1\/2&#8243;][vc_single_image image=&#8221;2905&#8243; img_size=&#8221;full&#8221; alignment=&#8221;center&#8221; style=&#8221;vc_box_outline&#8221;][\/vc_column][\/vc_row]<\/p>\n","protected":false},"excerpt":{"rendered":"<p>[vc_row css=&#8221;.vc_custom_1494173962586{padding-bottom: 30px !important;}&#8221;][vc_column][vc_column_text] Serveis de traducci\u00f3 i serveis d&#8217;interpretaci\u00f3 Serveis de traducci\u00f3 CBLS CLase Barcelona Language School. Per la nostra experi\u00e8ncia a l&#8217;\u00e0mbit dels d&#8217;idiomes, els oferim els nostres serveis de traducci\u00f3 i interpretaci\u00f3 en diferents mat\u00e8ries. Tenim la nostra seu principal a Barcelona, per\u00f2 treballem amb traductors i int\u00e8rprets a tota Europa.[\/vc_column_text][vc_row_inner][vc_column_inner width=&#8221;1\/2&#8243;][vc_column_text]Les&hellip; <a class=\"read-more\" href=\"https:\/\/www.academia-barcelona.com\/ca\/que-oferim\/serveis-de-traduccio\/\" title=\"Read Serveis de traducci\u00f3\">Read more &raquo;<\/a><\/p>\n","protected":false},"author":3,"featured_media":0,"parent":1495,"menu_order":0,"comment_status":"closed","ping_status":"closed","template":"","meta":{"footnotes":""},"class_list":["post-8928","page","type-page","status-publish","hentry"],"yoast_head":"<!-- This site is optimized with the Yoast SEO plugin v27.1.1 - https:\/\/yoast.com\/product\/yoast-seo-wordpress\/ -->\n<title>Serveis de traducci\u00f3 CBLS CLase Barcelona Language School<\/title>\n<meta name=\"description\" content=\"Serveis de traducci\u00f3 i serveis d&#039;interpretaci\u00f3 Per la nostra experi\u00e8ncia a l&#039;\u00e0mbit dels d&#039;idiomes, els oferim els nostres serveis de traducci\u00f3 i interpretac\" \/>\n<meta name=\"robots\" content=\"index, follow, max-snippet:-1, max-image-preview:large, max-video-preview:-1\" \/>\n<link rel=\"canonical\" href=\"https:\/\/www.academia-barcelona.com\/ca\/que-oferim\/serveis-de-traduccio\/\" \/>\n<meta property=\"og:locale\" content=\"ca_ES\" \/>\n<meta property=\"og:type\" content=\"article\" \/>\n<meta property=\"og:title\" content=\"Serveis de traducci\u00f3 CBLS CLase Barcelona Language School\" \/>\n<meta property=\"og:description\" content=\"Serveis de traducci\u00f3 i serveis d&#039;interpretaci\u00f3 Per la nostra experi\u00e8ncia a l&#039;\u00e0mbit dels d&#039;idiomes, els oferim els nostres serveis de traducci\u00f3 i interpretac\" \/>\n<meta property=\"og:url\" content=\"https:\/\/www.academia-barcelona.com\/ca\/que-oferim\/serveis-de-traduccio\/\" \/>\n<meta name=\"twitter:card\" content=\"summary_large_image\" \/>\n<meta name=\"twitter:label1\" content=\"Temps estimat de lectura\" \/>\n\t<meta name=\"twitter:data1\" content=\"1 minut\" \/>\n<script type=\"application\/ld+json\" class=\"yoast-schema-graph\">{\"@context\":\"https:\/\/schema.org\",\"@graph\":[{\"@type\":\"WebPage\",\"@id\":\"https:\/\/www.academia-barcelona.com\/ca\/que-oferim\/serveis-de-traduccio\/\",\"url\":\"https:\/\/www.academia-barcelona.com\/ca\/que-oferim\/serveis-de-traduccio\/\",\"name\":\"Serveis de traducci\u00f3 CBLS CLase Barcelona Language School\",\"isPartOf\":{\"@id\":\"https:\/\/www.academia-barcelona.com\/#website\"},\"datePublished\":\"2017-05-07T19:28:48+00:00\",\"description\":\"Serveis de traducci\u00f3 i serveis d'interpretaci\u00f3 Per la nostra experi\u00e8ncia a l'\u00e0mbit dels d'idiomes, els oferim els nostres serveis de traducci\u00f3 i interpretac\",\"breadcrumb\":{\"@id\":\"https:\/\/www.academia-barcelona.com\/ca\/que-oferim\/serveis-de-traduccio\/#breadcrumb\"},\"inLanguage\":\"ca\",\"potentialAction\":[{\"@type\":\"ReadAction\",\"target\":[\"https:\/\/www.academia-barcelona.com\/ca\/que-oferim\/serveis-de-traduccio\/\"]}]},{\"@type\":\"BreadcrumbList\",\"@id\":\"https:\/\/www.academia-barcelona.com\/ca\/que-oferim\/serveis-de-traduccio\/#breadcrumb\",\"itemListElement\":[{\"@type\":\"ListItem\",\"position\":1,\"name\":\"Qu\u00e8 oferim?\",\"item\":\"https:\/\/www.academia-barcelona.com\/ca\/que-oferim\/\"},{\"@type\":\"ListItem\",\"position\":2,\"name\":\"Serveis de traducci\u00f3\"}]},{\"@type\":\"WebSite\",\"@id\":\"https:\/\/www.academia-barcelona.com\/#website\",\"url\":\"https:\/\/www.academia-barcelona.com\/\",\"name\":\"\",\"description\":\"\",\"potentialAction\":[{\"@type\":\"SearchAction\",\"target\":{\"@type\":\"EntryPoint\",\"urlTemplate\":\"https:\/\/www.academia-barcelona.com\/?s={search_term_string}\"},\"query-input\":{\"@type\":\"PropertyValueSpecification\",\"valueRequired\":true,\"valueName\":\"search_term_string\"}}],\"inLanguage\":\"ca\"}]}<\/script>\n<!-- \/ Yoast SEO plugin. -->","yoast_head_json":{"title":"Serveis de traducci\u00f3 CBLS CLase Barcelona Language School","description":"Serveis de traducci\u00f3 i serveis d'interpretaci\u00f3 Per la nostra experi\u00e8ncia a l'\u00e0mbit dels d'idiomes, els oferim els nostres serveis de traducci\u00f3 i interpretac","robots":{"index":"index","follow":"follow","max-snippet":"max-snippet:-1","max-image-preview":"max-image-preview:large","max-video-preview":"max-video-preview:-1"},"canonical":"https:\/\/www.academia-barcelona.com\/ca\/que-oferim\/serveis-de-traduccio\/","og_locale":"ca_ES","og_type":"article","og_title":"Serveis de traducci\u00f3 CBLS CLase Barcelona Language School","og_description":"Serveis de traducci\u00f3 i serveis d'interpretaci\u00f3 Per la nostra experi\u00e8ncia a l'\u00e0mbit dels d'idiomes, els oferim els nostres serveis de traducci\u00f3 i interpretac","og_url":"https:\/\/www.academia-barcelona.com\/ca\/que-oferim\/serveis-de-traduccio\/","twitter_card":"summary_large_image","twitter_misc":{"Temps estimat de lectura":"1 minut"},"schema":{"@context":"https:\/\/schema.org","@graph":[{"@type":"WebPage","@id":"https:\/\/www.academia-barcelona.com\/ca\/que-oferim\/serveis-de-traduccio\/","url":"https:\/\/www.academia-barcelona.com\/ca\/que-oferim\/serveis-de-traduccio\/","name":"Serveis de traducci\u00f3 CBLS CLase Barcelona Language School","isPartOf":{"@id":"https:\/\/www.academia-barcelona.com\/#website"},"datePublished":"2017-05-07T19:28:48+00:00","description":"Serveis de traducci\u00f3 i serveis d'interpretaci\u00f3 Per la nostra experi\u00e8ncia a l'\u00e0mbit dels d'idiomes, els oferim els nostres serveis de traducci\u00f3 i interpretac","breadcrumb":{"@id":"https:\/\/www.academia-barcelona.com\/ca\/que-oferim\/serveis-de-traduccio\/#breadcrumb"},"inLanguage":"ca","potentialAction":[{"@type":"ReadAction","target":["https:\/\/www.academia-barcelona.com\/ca\/que-oferim\/serveis-de-traduccio\/"]}]},{"@type":"BreadcrumbList","@id":"https:\/\/www.academia-barcelona.com\/ca\/que-oferim\/serveis-de-traduccio\/#breadcrumb","itemListElement":[{"@type":"ListItem","position":1,"name":"Qu\u00e8 oferim?","item":"https:\/\/www.academia-barcelona.com\/ca\/que-oferim\/"},{"@type":"ListItem","position":2,"name":"Serveis de traducci\u00f3"}]},{"@type":"WebSite","@id":"https:\/\/www.academia-barcelona.com\/#website","url":"https:\/\/www.academia-barcelona.com\/","name":"","description":"","potentialAction":[{"@type":"SearchAction","target":{"@type":"EntryPoint","urlTemplate":"https:\/\/www.academia-barcelona.com\/?s={search_term_string}"},"query-input":{"@type":"PropertyValueSpecification","valueRequired":true,"valueName":"search_term_string"}}],"inLanguage":"ca"}]}},"_links":{"self":[{"href":"https:\/\/www.academia-barcelona.com\/ca\/wp-json\/wp\/v2\/pages\/8928","targetHints":{"allow":["GET"]}}],"collection":[{"href":"https:\/\/www.academia-barcelona.com\/ca\/wp-json\/wp\/v2\/pages"}],"about":[{"href":"https:\/\/www.academia-barcelona.com\/ca\/wp-json\/wp\/v2\/types\/page"}],"author":[{"embeddable":true,"href":"https:\/\/www.academia-barcelona.com\/ca\/wp-json\/wp\/v2\/users\/3"}],"replies":[{"embeddable":true,"href":"https:\/\/www.academia-barcelona.com\/ca\/wp-json\/wp\/v2\/comments?post=8928"}],"version-history":[{"count":2,"href":"https:\/\/www.academia-barcelona.com\/ca\/wp-json\/wp\/v2\/pages\/8928\/revisions"}],"predecessor-version":[{"id":8930,"href":"https:\/\/www.academia-barcelona.com\/ca\/wp-json\/wp\/v2\/pages\/8928\/revisions\/8930"}],"up":[{"embeddable":true,"href":"https:\/\/www.academia-barcelona.com\/ca\/wp-json\/wp\/v2\/pages\/1495"}],"wp:attachment":[{"href":"https:\/\/www.academia-barcelona.com\/ca\/wp-json\/wp\/v2\/media?parent=8928"}],"curies":[{"name":"wp","href":"https:\/\/api.w.org\/{rel}","templated":true}]}}