{"id":8917,"date":"2017-05-07T16:18:19","date_gmt":"2017-05-07T16:18:19","guid":{"rendered":"http:\/\/barcelona-sprachschule.de\/?page_id=8917\/"},"modified":"2021-03-25T08:51:19","modified_gmt":"2021-03-25T08:51:19","slug":"el-nostre-equip","status":"publish","type":"page","link":"https:\/\/www.academia-barcelona.com\/ca\/el-nostre-equip\/","title":{"rendered":"El nostre equip"},"content":{"rendered":"<p>[vc_row top=&#8221;20px&#8221; bottom=&#8221;20px&#8221; css=&#8221;.vc_custom_1616662273824{margin-top: 35px !important;}&#8221;][vc_column][vc_column_text]<\/p>\n<h1>L&#8217;equip directiu de la nostra escola d&#8217;idiomes<\/h1>\n<h2>Professionals qualificats<\/h2>\n<p>[\/vc_column_text][\/vc_column][\/vc_row]<\/p>\n","protected":false},"excerpt":{"rendered":"<p>[vc_row top=&#8221;20px&#8221; bottom=&#8221;20px&#8221; css=&#8221;.vc_custom_1616662273824{margin-top: 35px !important;}&#8221;][vc_column][vc_column_text] L&#8217;equip directiu de la nostra escola d&#8217;idiomes Professionals qualificats [\/vc_column_text][\/vc_column][\/vc_row]<\/p>\n","protected":false},"author":3,"featured_media":0,"parent":0,"menu_order":0,"comment_status":"closed","ping_status":"closed","template":"","meta":{"footnotes":""},"class_list":["post-8917","page","type-page","status-publish","hentry"],"yoast_head":"<!-- This site is optimized with the Yoast SEO plugin v27.1.1 - https:\/\/yoast.com\/product\/yoast-seo-wordpress\/ -->\n<title>El nostre equip- Clase Barcelona Language School<\/title>\n<meta name=\"description\" content=\"Coneix a l&#039;equip directiu de Clase Barcelona Language School, professionals qualificats amb experi\u00e8ncia a l&#039;\u00e0mbit de l&#039;ensenyan\u00e7a d&#039;idiomes.\" \/>\n<meta name=\"robots\" content=\"index, follow, max-snippet:-1, max-image-preview:large, max-video-preview:-1\" \/>\n<link rel=\"canonical\" href=\"https:\/\/www.academia-barcelona.com\/ca\/el-nostre-equip\/\" \/>\n<meta property=\"og:locale\" content=\"ca_ES\" \/>\n<meta property=\"og:type\" content=\"article\" \/>\n<meta property=\"og:title\" content=\"El nostre equip- Clase Barcelona Language School\" \/>\n<meta property=\"og:description\" content=\"Coneix a l&#039;equip directiu de Clase Barcelona Language School, professionals qualificats amb experi\u00e8ncia a l&#039;\u00e0mbit de l&#039;ensenyan\u00e7a d&#039;idiomes.\" \/>\n<meta property=\"og:url\" content=\"https:\/\/www.academia-barcelona.com\/ca\/el-nostre-equip\/\" \/>\n<meta property=\"article:modified_time\" content=\"2021-03-25T08:51:19+00:00\" \/>\n<meta name=\"twitter:card\" content=\"summary_large_image\" \/>\n<script type=\"application\/ld+json\" class=\"yoast-schema-graph\">{\"@context\":\"https:\/\/schema.org\",\"@graph\":[{\"@type\":\"WebPage\",\"@id\":\"https:\/\/www.academia-barcelona.com\/ca\/el-nostre-equip\/\",\"url\":\"https:\/\/www.academia-barcelona.com\/ca\/el-nostre-equip\/\",\"name\":\"El nostre equip- Clase Barcelona Language School\",\"isPartOf\":{\"@id\":\"https:\/\/www.academia-barcelona.com\/#website\"},\"datePublished\":\"2017-05-07T16:18:19+00:00\",\"dateModified\":\"2021-03-25T08:51:19+00:00\",\"description\":\"Coneix a l'equip directiu de Clase Barcelona Language School, professionals qualificats amb experi\u00e8ncia a l'\u00e0mbit de l'ensenyan\u00e7a d'idiomes.\",\"inLanguage\":\"ca\",\"potentialAction\":[{\"@type\":\"ReadAction\",\"target\":[\"https:\/\/www.academia-barcelona.com\/ca\/el-nostre-equip\/\"]}]},{\"@type\":\"WebSite\",\"@id\":\"https:\/\/www.academia-barcelona.com\/#website\",\"url\":\"https:\/\/www.academia-barcelona.com\/\",\"name\":\"\",\"description\":\"\",\"potentialAction\":[{\"@type\":\"SearchAction\",\"target\":{\"@type\":\"EntryPoint\",\"urlTemplate\":\"https:\/\/www.academia-barcelona.com\/?s={search_term_string}\"},\"query-input\":{\"@type\":\"PropertyValueSpecification\",\"valueRequired\":true,\"valueName\":\"search_term_string\"}}],\"inLanguage\":\"ca\"}]}<\/script>\n<!-- \/ Yoast SEO plugin. -->","yoast_head_json":{"title":"El nostre equip- Clase Barcelona Language School","description":"Coneix a l'equip directiu de Clase Barcelona Language School, professionals qualificats amb experi\u00e8ncia a l'\u00e0mbit de l'ensenyan\u00e7a d'idiomes.","robots":{"index":"index","follow":"follow","max-snippet":"max-snippet:-1","max-image-preview":"max-image-preview:large","max-video-preview":"max-video-preview:-1"},"canonical":"https:\/\/www.academia-barcelona.com\/ca\/el-nostre-equip\/","og_locale":"ca_ES","og_type":"article","og_title":"El nostre equip- Clase Barcelona Language School","og_description":"Coneix a l'equip directiu de Clase Barcelona Language School, professionals qualificats amb experi\u00e8ncia a l'\u00e0mbit de l'ensenyan\u00e7a d'idiomes.","og_url":"https:\/\/www.academia-barcelona.com\/ca\/el-nostre-equip\/","article_modified_time":"2021-03-25T08:51:19+00:00","twitter_card":"summary_large_image","schema":{"@context":"https:\/\/schema.org","@graph":[{"@type":"WebPage","@id":"https:\/\/www.academia-barcelona.com\/ca\/el-nostre-equip\/","url":"https:\/\/www.academia-barcelona.com\/ca\/el-nostre-equip\/","name":"El nostre equip- Clase Barcelona Language School","isPartOf":{"@id":"https:\/\/www.academia-barcelona.com\/#website"},"datePublished":"2017-05-07T16:18:19+00:00","dateModified":"2021-03-25T08:51:19+00:00","description":"Coneix a l'equip directiu de Clase Barcelona Language School, professionals qualificats amb experi\u00e8ncia a l'\u00e0mbit de l'ensenyan\u00e7a d'idiomes.","inLanguage":"ca","potentialAction":[{"@type":"ReadAction","target":["https:\/\/www.academia-barcelona.com\/ca\/el-nostre-equip\/"]}]},{"@type":"WebSite","@id":"https:\/\/www.academia-barcelona.com\/#website","url":"https:\/\/www.academia-barcelona.com\/","name":"","description":"","potentialAction":[{"@type":"SearchAction","target":{"@type":"EntryPoint","urlTemplate":"https:\/\/www.academia-barcelona.com\/?s={search_term_string}"},"query-input":{"@type":"PropertyValueSpecification","valueRequired":true,"valueName":"search_term_string"}}],"inLanguage":"ca"}]}},"_links":{"self":[{"href":"https:\/\/www.academia-barcelona.com\/ca\/wp-json\/wp\/v2\/pages\/8917","targetHints":{"allow":["GET"]}}],"collection":[{"href":"https:\/\/www.academia-barcelona.com\/ca\/wp-json\/wp\/v2\/pages"}],"about":[{"href":"https:\/\/www.academia-barcelona.com\/ca\/wp-json\/wp\/v2\/types\/page"}],"author":[{"embeddable":true,"href":"https:\/\/www.academia-barcelona.com\/ca\/wp-json\/wp\/v2\/users\/3"}],"replies":[{"embeddable":true,"href":"https:\/\/www.academia-barcelona.com\/ca\/wp-json\/wp\/v2\/comments?post=8917"}],"version-history":[{"count":6,"href":"https:\/\/www.academia-barcelona.com\/ca\/wp-json\/wp\/v2\/pages\/8917\/revisions"}],"predecessor-version":[{"id":13165,"href":"https:\/\/www.academia-barcelona.com\/ca\/wp-json\/wp\/v2\/pages\/8917\/revisions\/13165"}],"wp:attachment":[{"href":"https:\/\/www.academia-barcelona.com\/ca\/wp-json\/wp\/v2\/media?parent=8917"}],"curies":[{"name":"wp","href":"https:\/\/api.w.org\/{rel}","templated":true}]}}