{"id":8552,"date":"2017-05-03T18:09:48","date_gmt":"2017-05-03T18:09:48","guid":{"rendered":"http:\/\/barcelona-sprachschule.de\/home2\/"},"modified":"2021-11-04T21:42:03","modified_gmt":"2021-11-04T21:42:03","slug":"home-ca","status":"publish","type":"page","link":"https:\/\/www.academia-barcelona.com\/ca\/","title":{"rendered":"Home (ca)"},"content":{"rendered":"<p>[vc_row full_width=&#8221;stretch_row_content_no_spaces&#8221; content_placement=&#8221;middle&#8221; css=&#8221;.vc_custom_1613597349215{background: #d6d5d3 url(https:\/\/www.academia-barcelona.com\/wp-content\/uploads\/2021\/02\/fondo-2.jpg?id=12968) !important;background-position: 0 0 !important;background-repeat: repeat !important;}&#8221;][vc_column width=&#8221;1\/2&#8243;][vc_single_image image=&#8221;12958&#8243; img_size=&#8221;full&#8221; alignment=&#8221;center&#8221;][\/vc_column][vc_column width=&#8221;1\/2&#8243; css=&#8221;.vc_custom_1609834442227{background-position: center !important;background-repeat: no-repeat !important;background-size: contain !important;}&#8221;][vc_column_text]<\/p>\n<div class=\"slidetitel\">Benvingut<\/div>\n<p>[\/vc_column_text][vc_column_text]<\/p>\n<p style=\"text-align: center; font-size: 40px; margin-top: 15px;\">a Sprachschule Aktiv<\/p>\n<p>[\/vc_column_text][vc_row_inner css=&#8221;.vc_custom_1613598094270{margin-top: 10px !important;}&#8221;][vc_column_inner]\t<div class=\"vc_btn3-container vc_btn3-center\">\n\t\t<a href=\"https:\/\/www.academia-barcelona.com\/ca\/contacte\/\" class=\"pgs_btn pgs_btn_style_1 pgs_btn_xl\">\n\t\t\t<span>\n\t\t\t\tCONTACTA AMB NOSALTRES\t\t\t<\/span>\n\t\t\t\t\t\t<i class=\"fas fa-angle-double-right\"><\/i>\n\t\t\t\t\t<\/a>\n\t<\/div>\n\t\t<div class=\"vc_btn3-container vc_btn3-center\">\n\t\t<a href=\"https:\/\/www.academia-barcelona.com\/ca\/inscriu-te-ara\/\" class=\"pgs_btn pgs_btn_style_1 pgs_btn_xl\">\n\t\t\t<span>\n\t\t\t\tINSCRIU-TE ARA\t\t\t<\/span>\n\t\t\t\t\t\t<i class=\"fas fa-angle-double-right\"><\/i>\n\t\t\t\t\t<\/a>\n\t<\/div>\n\t[\/vc_column_inner][\/vc_row_inner][\/vc_column][\/vc_row][vc_row top=&#8221;30px&#8221; bottom=&#8221;20px&#8221; css=&#8221;.vc_custom_1493833927981{padding-top: 30px !important;padding-bottom: 30px !important;}&#8221;][vc_column][vc_column_text]<\/p>\n<h1>La nostra escola d\u2019idiomes a Barcelona \u2013 \u201cCBLS Clase Barcelona Language School\u201d<\/h1>\n<p>[\/vc_column_text][vc_column_text]Som l&#8217;acad\u00e8mia on podr\u00e0s aprendre idiomes al centre de Barcelona. La nostra Sprachschule a Barcelona \u2013 \u201cCBLS Clase Barcelona Language School\u201d est\u00e0 especialitzada a l&#8217;ensenyament de l&#8217;alemany i altres idiomes. Si vols aprendre o millorar el teu nivell, et recomanem els nostres cursos intensius d\u2019alemany recomanats a participants que en poc temps vullguin assolir coneixements b\u00e0sics de l\u2019idioma .[\/vc_column_text][\/vc_column][\/vc_row][vc_row full_width=&#8221;stretch_row&#8221; top=&#8221;30px&#8221; bottom=&#8221;20px&#8221; css=&#8221;.vc_custom_1493834070618{padding-top: 30px !important;padding-bottom: 30px !important;background-color: #f9f9f9 !important;}&#8221;][vc_column][vc_column_text]<\/p>\n<h2>Cursos d\u2019idiomes tot l\u2019any! Alemany, angl\u00e8s, franc\u00e8s<\/h2>\n<p>Estudia amb nosaltres un curs d\u2019idiomes en alemany, angl\u00e8s, franc\u00e8s, itali\u00e0, japon\u00e8s, rus o xin\u00e8s. Un idioma, tot un m\u00f3n! Aquest \u00e9s el lema sota el qual dirigim la nostra escola d&#8217;idiomes al centre de Barcelona. I \u00e9s que ara m\u00e9s que mai \u00e9s essencial i requisit indispensable dominar diferents idiomes estrangers. Per tal que ho puguis assolir, disposem de professors qualificats, natius o fil\u00f2legs titulats.<\/p>\n<h2>Acad\u00e8mia d\u2019idiomes per principiants i avan\u00e7ats<\/h2>\n<p>Disposem de cursos d\u2019idiomes per a tots els nivells, des de principiants absoluts fins a avan\u00e7ats. Gr\u00e0cies als nostres preus ajustats i l\u2019\u00e0mplia varietat de cursos i activitats de lleure que oferim, f\u00e0cilment trobar\u00e0s un curs ideal per tu. Els factors que ens defineixen son la professionalitat, la flexibilitat i la creativitat. Vine a Clase Barcelona per tal d\u2019aprendre un idioma, haur\u00e0s triat b\u00e9!<\/p>\n<p>A m\u00e9s a m\u00e9s, pots trobar algunes de les nostres reconegudes escoles a Alem\u00e0nia a Munic, Berlin, Frankfurt, Ilgostadt i Freising, que compten amb m\u00e9s de 13 anys de traject\u00f2ria i experi\u00e8ncia.<\/p>\n<h2>Aprendre idiomes al centre de Barcelona<\/h2>\n<p>Alemany, angl\u00e8s, franc\u00e8s, itali\u00e0&#8230; t&#8217;oferim nous cursos cada mes per aprendre idiomes al centre de Barcelona. Consulta les dates dels nostres cursos, oferim nous cursos d&#8217;alemany cada mes<a href=\"https:\/\/www.academia-barcelona.com\/ca\/inscriu-te-ara\/\"> , Inscriu-te ara!<\/a><\/p>\n<p>&nbsp;<\/p>\n<h2>Aprendre alemany amb garanties o et tornem els diners!<\/h2>\n<p>Et convidem a visitar-nos, provar el nostre m\u00e8tode i con\u00e8ixer als nostres professors. Estem tan segurs que t&#8217;agradar\u00e0 que t&#8217;oferim el seg\u00fcent: reserva un curs d&#8217;alemany amb nosaltres i, si el primer dia de classe no quedes satisfet, et tornem els teus diners.<\/p>\n<h2>Cursos d&#8217;alemany per grups redu\u00efts<\/h2>\n<p>Sembla que un dels nostres avantatges, segons els alumnes, \u00e9s que oferim cursos d&#8217;alemany pr\u00e0cticament personalitzats perque treballem amb grups petits. D&#8217;aquesta manera el grup \u00e9s molt participatiu i, a m\u00e9s a m\u00e9s, el professor pot brindar l&#8217;atenci\u00f3 que necessita cada alumne. Gaireb\u00e9 segur que aix\u00ed l&#8217;aprenentatge ser\u00e0 m\u00e9s r\u00e0pid i l&#8217;alemany m\u00e9s fluid.[\/vc_column_text][\/vc_column][\/vc_row][vc_row full_width=&#8221;stretch_row&#8221; top=&#8221;30px&#8221; bottom=&#8221;20px&#8221; css=&#8221;.vc_custom_1493834164371{padding-top: 30px !important;padding-bottom: 30px !important;}&#8221;][vc_column width=&#8221;1\/3&#8243;][vc_single_image image=&#8221;4916&#8243; img_size=&#8221;200&#215;300&#8243; alignment=&#8221;center&#8221; style=&#8221;vc_box_circle_2&#8243; onclick=&#8221;custom_link&#8221; link=&#8221;https:\/\/www.academia-barcelona.com\/ca\/cursos-dalemany\/&#8221;][vc_column_text]<\/p>\n<h3 style=\"text-align: center;\">Cursos d&#8217;alemany a Barcelona<\/h3>\n<p>Apr\u00e8n alemany a la nostra reconeguda acad\u00e8mia alemanya aqu\u00ed a Barcelona. Oferim cursos i classes d\u2019alemany de la forma que m\u00e9s encaixi amb les teves necessitats. Organitzem encontres, activitats i festes amb alemanys. Et pots dirigir a nosaltres en alemany, espanyol o catal\u00e0![\/vc_column_text][\/vc_column][vc_column width=&#8221;1\/3&#8243;][vc_single_image image=&#8221;3980&#8243; img_size=&#8221;200&#215;300&#8243; alignment=&#8221;center&#8221; style=&#8221;vc_box_circle_2&#8243; onclick=&#8221;custom_link&#8221; link=&#8221;https:\/\/www.academia-barcelona.com\/ca\/que-oferim\/&#8221;][vc_column_text]<\/p>\n<h3 style=\"text-align: center;\">Qui som?<\/h3>\n<p>La nostra escola d\u2019idiomes t\u00e9 varies seus a Alemanya: a Munich, Berl\u00edn, Frankfurt, Freising, i Ingolstadt. M\u00e9s de 5000 alumnes han estudiat a les nostres aules.[\/vc_column_text][\/vc_column][vc_column width=&#8221;1\/3&#8243;][vc_single_image image=&#8221;3497&#8243; img_size=&#8221;200&#215;300&#8243; alignment=&#8221;center&#8221; style=&#8221;vc_box_circle_2&#8243; onclick=&#8221;custom_link&#8221; link=&#8221;https:\/\/www.academia-barcelona.com\/que-ofrecemos\/&#8221;][vc_column_text]<\/p>\n<h3 style=\"text-align: center;\">Pr\u00e0ctiques i llocs de feina a l&#8217;estranger<\/h3>\n<p>Busques unes pr\u00e0ctiques professionals a Alemanya, o potser una feina per despr\u00e9s del teu curs a Barcelona? En aquest cas, amb nosaltres ets al lloc indicat. Aprofita aquesta oportunitat d\u2019aprendre alemany i millorar el teu nivell, alhora que coneixes gent de tota Europa. Aprendr\u00e0s alemany mentre et diverteixes.[\/vc_column_text][\/vc_column][\/vc_row][vc_row full_width=&#8221;stretch_row&#8221; top=&#8221;30px&#8221; bottom=&#8221;20px&#8221; css=&#8221;.vc_custom_1493834249762{padding-top: 30px !important;padding-bottom: 30px !important;background-color: #f9f9f9 !important;}&#8221;][vc_column][vc_column_text]<\/p>\n<h2>No corris riscs \u2013 \u00a0Prova una classe gratu\u00efta d&#8217;alemany<\/h2>\n<p>Els nostres cursos comencen amb una classe gratu\u00efta d&#8217;alemany. A la classe de prova podr\u00e0s con\u00e8ixer al professor, el grup de companys de classe d&#8217;alemany i tamb\u00e9 recon\u00e8ixer les teves habilitats i les teves oportunitats de millorar. Els professors de la nostra escola s\u00f3n natius, professionals i amb un tracte molt proper amb els estudiants. Els nostres m\u00e8todes educatius s\u00f3n efica\u00e7os i donen gran resultat. Per aix\u00f2, la nostra escola et d\u00f3na l&#8217;ambient ideal per aprendre alemany amb poc temps, per\u00f2 si hi ha alguna cosa en el nostre m\u00e8tode d&#8217;aprenentatge o dels professors que no et plau, ens ho pots comentar i farem el possible per ajudar-te i millorar.<\/p>\n<h2>Vine a la nostra escola d&#8217;alemany a Barcelona i forma part d&#8217;un centre reconegut internacionalment<\/h2>\n<p>M\u00e9s de 10.000 alumnes han participat als nostres cursos d&#8217;alemany en les diferents seus que t\u00e9 la nostra escola (Barcelona, Munich, Berlin, Frankfurt&#8230;)\u00a0 i estan satisfets amb el resultat.<\/p>\n<h2>Pots connectar el teu curs d&#8217;alemany amb unes pr\u00e0ctiques a Alemanya<\/h2>\n<p>Si est\u00e0s buscant fer pr\u00e0ctiques a Alemanya per tal de perfeccionar el teu alemany, et podem ajudar per tal que les trobes a la ciutat que m\u00e9s t&#8217;estimis. Nosaltres a Clase Barcelona Language School (CBLS) estem a la teva disposici\u00f3 per tal que puguis aconseguir aquesta connexi\u00f3 entre el teu curs d&#8217;alemany a Barcelona i les teves pr\u00e0ctiques a Alemanya.<\/p>\n<h2>Comptem amb professors d&#8217;alemany qualificats<\/h2>\n<p>\u00c9s fonamental que el professor sigui la teva guia i et permeti avan\u00e7ar de manera progressiva per aprendre alemany o qualsevol altre idioma. L&#8217;acompanyament d&#8217;un professor qualificat no nom\u00e9s en el nivell d&#8217;idioma sin\u00f3 tamb\u00e9 en la pedagogia d&#8217;una llengua estrangera \u00e9s important\u00edssim. Per aix\u00f2, a la nostra escola parem molta atenci\u00f3 a l&#8217;hora de triar els professors. Que facin de l&#8217;alemany una classe din\u00e0mica, divertida i participativa \u00e9s vital pels nostres professors natius d&#8217;alemany.[\/vc_column_text][\/vc_column][\/vc_row][vc_row css=&#8221;.vc_custom_1493834787241{padding-top: 30px !important;padding-bottom: 30px !important;}&#8221;][vc_column][vc_column_text]<\/p>\n<h2>La nostra escola<\/h2>\n<p>[\/vc_column_text][vc_column_text]<iframe src=\"https:\/\/maps.google.com\/maps?q=&amp;layer=c&amp;sll=41.391525,2.169008&amp;cid=14083296499546647052&amp;panoid=tvKu_zCmJ0sAAAQIt7eiIA&amp;cbp=13,35.96,,0,0&amp;gl=US&amp;hl=es&amp;ie=UTF8&amp;hq=&amp;hnear=&amp;ll=41.391525,2.169008&amp;spn=0.006295,0.006295&amp;t=m&amp;cbll=41.391424,2.168953&amp;source=embed&amp;output=svembed\" width=\"100%\" height=\"400\" frameborder=\"0\" marginwidth=\"0\" marginheight=\"0\" scrolling=\"no\"><\/iframe>[\/vc_column_text][vc_single_image image=&#8221;8473&#8243; img_size=&#8221;full&#8221; alignment=&#8221;center&#8221;][\/vc_column][\/vc_row]<\/p>\n","protected":false},"excerpt":{"rendered":"<p>[vc_row full_width=&#8221;stretch_row_content_no_spaces&#8221; content_placement=&#8221;middle&#8221; css=&#8221;.vc_custom_1613597349215{background: #d6d5d3 url(https:\/\/www.academia-barcelona.com\/wp-content\/uploads\/2021\/02\/fondo-2.jpg?id=12968) !important;background-position: 0 0 !important;background-repeat: repeat !important;}&#8221;][vc_column width=&#8221;1\/2&#8243;][vc_single_image image=&#8221;12958&#8243; img_size=&#8221;full&#8221; alignment=&#8221;center&#8221;][\/vc_column][vc_column width=&#8221;1\/2&#8243; css=&#8221;.vc_custom_1609834442227{background-position: center !important;background-repeat: no-repeat !important;background-size: contain !important;}&#8221;][vc_column_text] Benvingut [\/vc_column_text][vc_column_text] a Sprachschule Aktiv [\/vc_column_text][vc_row_inner css=&#8221;.vc_custom_1613598094270{margin-top: 10px !important;}&#8221;][vc_column_inner][\/vc_column_inner][\/vc_row_inner][\/vc_column][\/vc_row][vc_row top=&#8221;30px&#8221; bottom=&#8221;20px&#8221; css=&#8221;.vc_custom_1493833927981{padding-top: 30px !important;padding-bottom: 30px !important;}&#8221;][vc_column][vc_column_text] La nostra escola d\u2019idiomes a Barcelona \u2013 \u201cCBLS Clase Barcelona Language School\u201d [\/vc_column_text][vc_column_text]Som l&#8217;acad\u00e8mia on&hellip; <a class=\"read-more\" href=\"https:\/\/www.academia-barcelona.com\/ca\/\" title=\"Read Home (ca)\">Read more &raquo;<\/a><\/p>\n","protected":false},"author":3,"featured_media":0,"parent":0,"menu_order":0,"comment_status":"closed","ping_status":"closed","template":"","meta":{"footnotes":""},"class_list":["post-8552","page","type-page","status-publish","hentry"],"yoast_head":"<!-- This site is optimized with the Yoast SEO plugin v27.1.1 - https:\/\/yoast.com\/product\/yoast-seo-wordpress\/ -->\n<title>Acad\u00e8mia d&#039;idiomes al centre de Barcelona Sprachschule<\/title>\n<meta name=\"description\" content=\"A la nostra acad\u00e8mia d&#039;idiomes al centre de Barcelona pots aprendre alemany, angl\u00e8s, franc\u00e8s, itali\u00e0 o qualsevol altre idioma.\" \/>\n<meta name=\"robots\" content=\"index, follow, max-snippet:-1, max-image-preview:large, max-video-preview:-1\" \/>\n<link rel=\"canonical\" href=\"https:\/\/www.academia-barcelona.com\/ca\/\" \/>\n<meta property=\"og:locale\" content=\"ca_ES\" \/>\n<meta property=\"og:type\" content=\"article\" \/>\n<meta property=\"og:title\" content=\"Acad\u00e8mia d&#039;idiomes al centre de Barcelona Sprachschule\" \/>\n<meta property=\"og:description\" content=\"A la nostra acad\u00e8mia d&#039;idiomes al centre de Barcelona pots aprendre alemany, angl\u00e8s, franc\u00e8s, itali\u00e0 o qualsevol altre idioma.\" \/>\n<meta property=\"og:url\" content=\"https:\/\/www.academia-barcelona.com\/ca\/\" \/>\n<meta property=\"article:modified_time\" content=\"2021-11-04T21:42:03+00:00\" \/>\n<meta name=\"twitter:card\" content=\"summary_large_image\" \/>\n<meta name=\"twitter:label1\" content=\"Temps estimat de lectura\" \/>\n\t<meta name=\"twitter:data1\" content=\"5 minuts\" \/>\n<script type=\"application\/ld+json\" class=\"yoast-schema-graph\">{\"@context\":\"https:\/\/schema.org\",\"@graph\":[{\"@type\":\"WebPage\",\"@id\":\"https:\/\/www.academia-barcelona.com\/ca\/\",\"url\":\"https:\/\/www.academia-barcelona.com\/ca\/\",\"name\":\"Acad\u00e8mia d'idiomes al centre de Barcelona Sprachschule\",\"isPartOf\":{\"@id\":\"https:\/\/www.academia-barcelona.com\/#website\"},\"datePublished\":\"2017-05-03T18:09:48+00:00\",\"dateModified\":\"2021-11-04T21:42:03+00:00\",\"description\":\"A la nostra acad\u00e8mia d'idiomes al centre de Barcelona pots aprendre alemany, angl\u00e8s, franc\u00e8s, itali\u00e0 o qualsevol altre idioma.\",\"inLanguage\":\"ca\",\"potentialAction\":[{\"@type\":\"ReadAction\",\"target\":[\"https:\/\/www.academia-barcelona.com\/ca\/\"]}]},{\"@type\":\"WebSite\",\"@id\":\"https:\/\/www.academia-barcelona.com\/#website\",\"url\":\"https:\/\/www.academia-barcelona.com\/\",\"name\":\"\",\"description\":\"\",\"potentialAction\":[{\"@type\":\"SearchAction\",\"target\":{\"@type\":\"EntryPoint\",\"urlTemplate\":\"https:\/\/www.academia-barcelona.com\/?s={search_term_string}\"},\"query-input\":{\"@type\":\"PropertyValueSpecification\",\"valueRequired\":true,\"valueName\":\"search_term_string\"}}],\"inLanguage\":\"ca\"}]}<\/script>\n<!-- \/ Yoast SEO plugin. -->","yoast_head_json":{"title":"Acad\u00e8mia d'idiomes al centre de Barcelona Sprachschule","description":"A la nostra acad\u00e8mia d'idiomes al centre de Barcelona pots aprendre alemany, angl\u00e8s, franc\u00e8s, itali\u00e0 o qualsevol altre idioma.","robots":{"index":"index","follow":"follow","max-snippet":"max-snippet:-1","max-image-preview":"max-image-preview:large","max-video-preview":"max-video-preview:-1"},"canonical":"https:\/\/www.academia-barcelona.com\/ca\/","og_locale":"ca_ES","og_type":"article","og_title":"Acad\u00e8mia d'idiomes al centre de Barcelona Sprachschule","og_description":"A la nostra acad\u00e8mia d'idiomes al centre de Barcelona pots aprendre alemany, angl\u00e8s, franc\u00e8s, itali\u00e0 o qualsevol altre idioma.","og_url":"https:\/\/www.academia-barcelona.com\/ca\/","article_modified_time":"2021-11-04T21:42:03+00:00","twitter_card":"summary_large_image","twitter_misc":{"Temps estimat de lectura":"5 minuts"},"schema":{"@context":"https:\/\/schema.org","@graph":[{"@type":"WebPage","@id":"https:\/\/www.academia-barcelona.com\/ca\/","url":"https:\/\/www.academia-barcelona.com\/ca\/","name":"Acad\u00e8mia d'idiomes al centre de Barcelona Sprachschule","isPartOf":{"@id":"https:\/\/www.academia-barcelona.com\/#website"},"datePublished":"2017-05-03T18:09:48+00:00","dateModified":"2021-11-04T21:42:03+00:00","description":"A la nostra acad\u00e8mia d'idiomes al centre de Barcelona pots aprendre alemany, angl\u00e8s, franc\u00e8s, itali\u00e0 o qualsevol altre idioma.","inLanguage":"ca","potentialAction":[{"@type":"ReadAction","target":["https:\/\/www.academia-barcelona.com\/ca\/"]}]},{"@type":"WebSite","@id":"https:\/\/www.academia-barcelona.com\/#website","url":"https:\/\/www.academia-barcelona.com\/","name":"","description":"","potentialAction":[{"@type":"SearchAction","target":{"@type":"EntryPoint","urlTemplate":"https:\/\/www.academia-barcelona.com\/?s={search_term_string}"},"query-input":{"@type":"PropertyValueSpecification","valueRequired":true,"valueName":"search_term_string"}}],"inLanguage":"ca"}]}},"_links":{"self":[{"href":"https:\/\/www.academia-barcelona.com\/ca\/wp-json\/wp\/v2\/pages\/8552","targetHints":{"allow":["GET"]}}],"collection":[{"href":"https:\/\/www.academia-barcelona.com\/ca\/wp-json\/wp\/v2\/pages"}],"about":[{"href":"https:\/\/www.academia-barcelona.com\/ca\/wp-json\/wp\/v2\/types\/page"}],"author":[{"embeddable":true,"href":"https:\/\/www.academia-barcelona.com\/ca\/wp-json\/wp\/v2\/users\/3"}],"replies":[{"embeddable":true,"href":"https:\/\/www.academia-barcelona.com\/ca\/wp-json\/wp\/v2\/comments?post=8552"}],"version-history":[{"count":22,"href":"https:\/\/www.academia-barcelona.com\/ca\/wp-json\/wp\/v2\/pages\/8552\/revisions"}],"predecessor-version":[{"id":13750,"href":"https:\/\/www.academia-barcelona.com\/ca\/wp-json\/wp\/v2\/pages\/8552\/revisions\/13750"}],"wp:attachment":[{"href":"https:\/\/www.academia-barcelona.com\/ca\/wp-json\/wp\/v2\/media?parent=8552"}],"curies":[{"name":"wp","href":"https:\/\/api.w.org\/{rel}","templated":true}]}}