{"id":1502,"date":"2016-03-07T22:44:11","date_gmt":"2016-03-07T22:44:11","guid":{"rendered":"http:\/\/www.barcelona-sprachschule.de\/ca\/?page_id=1502"},"modified":"2017-05-07T19:32:38","modified_gmt":"2017-05-07T19:32:38","slug":"la-nostra-metodologia","status":"publish","type":"page","link":"https:\/\/www.academia-barcelona.com\/ca\/que-oferim\/la-nostra-metodologia\/","title":{"rendered":"La nostra metodologia"},"content":{"rendered":"<p>[vc_row css=&#8221;.vc_custom_1494185386723{padding-bottom: 30px !important;}&#8221;][vc_column][vc_column_text]<\/p>\n<h1>La nostra metodologia<\/h1>\n<p>La nostra metodologia CBLS Clase Barcelona Language School. La nostra metodologia, basada a l&#8217;enfocament comunicatiu, utilitza recursos com textos i articles de f\u00e0cil comprensi\u00f3, audiovisuals, jocs i tamb\u00e9 fomenta la interacci\u00f3 oral. Aix\u00ed, els estudiants poden aprendre a utilitzar la llengua i comunicar-se de manera efectiva a les situacions quotidianes.<\/p>\n<p>Aquestes s\u00f3n algunes de les nostres estrat\u00e8gies d&#8217;aprenentatge:[\/vc_column_text][vc_row_inner][vc_column_inner width=&#8221;1\/2&#8243;][vc_single_image image=&#8221;3741&#8243; img_size=&#8221;full&#8221; alignment=&#8221;center&#8221; style=&#8221;vc_box_outline&#8221;][\/vc_column_inner][vc_column_inner width=&#8221;1\/2&#8243;][vc_column_text]<\/p>\n<ul>\n<li>M\u00e8tode inductiu: l&#8217;alumne t\u00e9 aix\u00ed un paper actiu en el proc\u00e9s d&#8217;ensenyament-aprenentatge, de forma que assoleix per si sol la regla gramatical despr\u00e9s de l&#8217;\u00fas de la llengua i la reflexi\u00f3 posterior.<\/li>\n<li>Enfocament comunicatiu: el m\u00e9s important a l&#8217;hora d&#8217;aprendre una llengua \u00e9s adquirir compet\u00e8ncies de comunicaci\u00f3 en l&#8217;idioma estranger, aix\u00ed que des dels nivells inicials l&#8217;alumne \u00e9s capa\u00e7 de comunicar-se i entendre textos senzills, tant de forma oral com escrita.<\/li>\n<li>Jocs per fomentar l&#8217;aprenentatge l\u00fadic i col\u00b7laboratiu: quan juguem, el nostre cervell es relaxa i est\u00e0 obert a l&#8217;aprenentatge, lliure d&#8217;estr\u00e8s i preocupacions. A m\u00e9s de fomentar un agradable ambient de grup, els jocs ajuden a l&#8217;alumne a assimilar conceptes complexos de gram\u00e0tica o vocabulari.<\/li>\n<li>M\u00e9s enll\u00e0 de la llengua: l&#8217;idioma no nom\u00e9s s&#8217;apr\u00e8n amb llibres, sin\u00f3 tamb\u00e9 en la forma de comunicar-se dels nadius, tenint en compte la comunicaci\u00f3 no verbal, les expressions emocionals, les regles d&#8217;educaci\u00f3 i interacci\u00f3 social, els costums, el tractament formal i informal, els usos i costums reals de la llengua.<\/li>\n<li>Aprenentatge sociocultural: juntament amb l&#8217;idioma, els alumnes aprendran els diferents costums del pa\u00eds estranger, aix\u00ed com tradicions, festes, horaris, \u00e0pats, vida laboral, oci, etc.<\/li>\n<\/ul>\n<p>[\/vc_column_text][\/vc_column_inner][\/vc_row_inner][\/vc_column][\/vc_row]<\/p>\n","protected":false},"excerpt":{"rendered":"<p>[vc_row css=&#8221;.vc_custom_1494185386723{padding-bottom: 30px !important;}&#8221;][vc_column][vc_column_text] La nostra metodologia La nostra metodologia CBLS Clase Barcelona Language School. La nostra metodologia, basada a l&#8217;enfocament comunicatiu, utilitza recursos com textos i articles de f\u00e0cil comprensi\u00f3, audiovisuals, jocs i tamb\u00e9 fomenta la interacci\u00f3 oral. Aix\u00ed, els estudiants poden aprendre a utilitzar la llengua i comunicar-se de manera efectiva a les&hellip; <a class=\"read-more\" href=\"https:\/\/www.academia-barcelona.com\/ca\/que-oferim\/la-nostra-metodologia\/\" title=\"Read La nostra metodologia\">Read more &raquo;<\/a><\/p>\n","protected":false},"author":3,"featured_media":0,"parent":1495,"menu_order":0,"comment_status":"closed","ping_status":"closed","template":"","meta":{"footnotes":""},"class_list":["post-1502","page","type-page","status-publish","hentry"],"yoast_head":"<!-- This site is optimized with the Yoast SEO plugin v27.1.1 - https:\/\/yoast.com\/product\/yoast-seo-wordpress\/ -->\n<title>La nostra metodologia CBLS Clase Barcelona Language School<\/title>\n<meta name=\"description\" content=\"La nostra metodologia, basada a l&#039;enfocament comunicatiu, utilitza recursos com textos i articles de f\u00e0cil comprensi\u00f3, audiovisuals, jocs...\" \/>\n<meta name=\"robots\" content=\"index, follow, max-snippet:-1, max-image-preview:large, max-video-preview:-1\" \/>\n<link rel=\"canonical\" href=\"https:\/\/www.academia-barcelona.com\/ca\/que-oferim\/la-nostra-metodologia\/\" \/>\n<meta property=\"og:locale\" content=\"ca_ES\" \/>\n<meta property=\"og:type\" content=\"article\" \/>\n<meta property=\"og:title\" content=\"La nostra metodologia CBLS Clase Barcelona Language School\" \/>\n<meta property=\"og:description\" content=\"La nostra metodologia, basada a l&#039;enfocament comunicatiu, utilitza recursos com textos i articles de f\u00e0cil comprensi\u00f3, audiovisuals, jocs...\" \/>\n<meta property=\"og:url\" content=\"https:\/\/www.academia-barcelona.com\/ca\/que-oferim\/la-nostra-metodologia\/\" \/>\n<meta property=\"article:modified_time\" content=\"2017-05-07T19:32:38+00:00\" \/>\n<meta name=\"twitter:card\" content=\"summary_large_image\" \/>\n<meta name=\"twitter:label1\" content=\"Temps estimat de lectura\" \/>\n\t<meta name=\"twitter:data1\" content=\"2 minuts\" \/>\n<script type=\"application\/ld+json\" class=\"yoast-schema-graph\">{\"@context\":\"https:\/\/schema.org\",\"@graph\":[{\"@type\":\"WebPage\",\"@id\":\"https:\/\/www.academia-barcelona.com\/ca\/que-oferim\/la-nostra-metodologia\/\",\"url\":\"https:\/\/www.academia-barcelona.com\/ca\/que-oferim\/la-nostra-metodologia\/\",\"name\":\"La nostra metodologia CBLS Clase Barcelona Language School\",\"isPartOf\":{\"@id\":\"https:\/\/www.academia-barcelona.com\/#website\"},\"datePublished\":\"2016-03-07T22:44:11+00:00\",\"dateModified\":\"2017-05-07T19:32:38+00:00\",\"description\":\"La nostra metodologia, basada a l'enfocament comunicatiu, utilitza recursos com textos i articles de f\u00e0cil comprensi\u00f3, audiovisuals, jocs...\",\"breadcrumb\":{\"@id\":\"https:\/\/www.academia-barcelona.com\/ca\/que-oferim\/la-nostra-metodologia\/#breadcrumb\"},\"inLanguage\":\"ca\",\"potentialAction\":[{\"@type\":\"ReadAction\",\"target\":[\"https:\/\/www.academia-barcelona.com\/ca\/que-oferim\/la-nostra-metodologia\/\"]}]},{\"@type\":\"BreadcrumbList\",\"@id\":\"https:\/\/www.academia-barcelona.com\/ca\/que-oferim\/la-nostra-metodologia\/#breadcrumb\",\"itemListElement\":[{\"@type\":\"ListItem\",\"position\":1,\"name\":\"Qu\u00e8 oferim?\",\"item\":\"https:\/\/www.academia-barcelona.com\/ca\/que-oferim\/\"},{\"@type\":\"ListItem\",\"position\":2,\"name\":\"La nostra metodologia\"}]},{\"@type\":\"WebSite\",\"@id\":\"https:\/\/www.academia-barcelona.com\/#website\",\"url\":\"https:\/\/www.academia-barcelona.com\/\",\"name\":\"\",\"description\":\"\",\"potentialAction\":[{\"@type\":\"SearchAction\",\"target\":{\"@type\":\"EntryPoint\",\"urlTemplate\":\"https:\/\/www.academia-barcelona.com\/?s={search_term_string}\"},\"query-input\":{\"@type\":\"PropertyValueSpecification\",\"valueRequired\":true,\"valueName\":\"search_term_string\"}}],\"inLanguage\":\"ca\"}]}<\/script>\n<!-- \/ Yoast SEO plugin. -->","yoast_head_json":{"title":"La nostra metodologia CBLS Clase Barcelona Language School","description":"La nostra metodologia, basada a l'enfocament comunicatiu, utilitza recursos com textos i articles de f\u00e0cil comprensi\u00f3, audiovisuals, jocs...","robots":{"index":"index","follow":"follow","max-snippet":"max-snippet:-1","max-image-preview":"max-image-preview:large","max-video-preview":"max-video-preview:-1"},"canonical":"https:\/\/www.academia-barcelona.com\/ca\/que-oferim\/la-nostra-metodologia\/","og_locale":"ca_ES","og_type":"article","og_title":"La nostra metodologia CBLS Clase Barcelona Language School","og_description":"La nostra metodologia, basada a l'enfocament comunicatiu, utilitza recursos com textos i articles de f\u00e0cil comprensi\u00f3, audiovisuals, jocs...","og_url":"https:\/\/www.academia-barcelona.com\/ca\/que-oferim\/la-nostra-metodologia\/","article_modified_time":"2017-05-07T19:32:38+00:00","twitter_card":"summary_large_image","twitter_misc":{"Temps estimat de lectura":"2 minuts"},"schema":{"@context":"https:\/\/schema.org","@graph":[{"@type":"WebPage","@id":"https:\/\/www.academia-barcelona.com\/ca\/que-oferim\/la-nostra-metodologia\/","url":"https:\/\/www.academia-barcelona.com\/ca\/que-oferim\/la-nostra-metodologia\/","name":"La nostra metodologia CBLS Clase Barcelona Language School","isPartOf":{"@id":"https:\/\/www.academia-barcelona.com\/#website"},"datePublished":"2016-03-07T22:44:11+00:00","dateModified":"2017-05-07T19:32:38+00:00","description":"La nostra metodologia, basada a l'enfocament comunicatiu, utilitza recursos com textos i articles de f\u00e0cil comprensi\u00f3, audiovisuals, jocs...","breadcrumb":{"@id":"https:\/\/www.academia-barcelona.com\/ca\/que-oferim\/la-nostra-metodologia\/#breadcrumb"},"inLanguage":"ca","potentialAction":[{"@type":"ReadAction","target":["https:\/\/www.academia-barcelona.com\/ca\/que-oferim\/la-nostra-metodologia\/"]}]},{"@type":"BreadcrumbList","@id":"https:\/\/www.academia-barcelona.com\/ca\/que-oferim\/la-nostra-metodologia\/#breadcrumb","itemListElement":[{"@type":"ListItem","position":1,"name":"Qu\u00e8 oferim?","item":"https:\/\/www.academia-barcelona.com\/ca\/que-oferim\/"},{"@type":"ListItem","position":2,"name":"La nostra metodologia"}]},{"@type":"WebSite","@id":"https:\/\/www.academia-barcelona.com\/#website","url":"https:\/\/www.academia-barcelona.com\/","name":"","description":"","potentialAction":[{"@type":"SearchAction","target":{"@type":"EntryPoint","urlTemplate":"https:\/\/www.academia-barcelona.com\/?s={search_term_string}"},"query-input":{"@type":"PropertyValueSpecification","valueRequired":true,"valueName":"search_term_string"}}],"inLanguage":"ca"}]}},"_links":{"self":[{"href":"https:\/\/www.academia-barcelona.com\/ca\/wp-json\/wp\/v2\/pages\/1502","targetHints":{"allow":["GET"]}}],"collection":[{"href":"https:\/\/www.academia-barcelona.com\/ca\/wp-json\/wp\/v2\/pages"}],"about":[{"href":"https:\/\/www.academia-barcelona.com\/ca\/wp-json\/wp\/v2\/types\/page"}],"author":[{"embeddable":true,"href":"https:\/\/www.academia-barcelona.com\/ca\/wp-json\/wp\/v2\/users\/3"}],"replies":[{"embeddable":true,"href":"https:\/\/www.academia-barcelona.com\/ca\/wp-json\/wp\/v2\/comments?post=1502"}],"version-history":[{"count":10,"href":"https:\/\/www.academia-barcelona.com\/ca\/wp-json\/wp\/v2\/pages\/1502\/revisions"}],"predecessor-version":[{"id":8936,"href":"https:\/\/www.academia-barcelona.com\/ca\/wp-json\/wp\/v2\/pages\/1502\/revisions\/8936"}],"up":[{"embeddable":true,"href":"https:\/\/www.academia-barcelona.com\/ca\/wp-json\/wp\/v2\/pages\/1495"}],"wp:attachment":[{"href":"https:\/\/www.academia-barcelona.com\/ca\/wp-json\/wp\/v2\/media?parent=1502"}],"curies":[{"name":"wp","href":"https:\/\/api.w.org\/{rel}","templated":true}]}}