{"id":1495,"date":"2016-03-07T22:48:09","date_gmt":"2016-03-07T22:48:09","guid":{"rendered":"http:\/\/www.barcelona-sprachschule.de\/ca\/?page_id=1495"},"modified":"2017-05-07T19:42:46","modified_gmt":"2017-05-07T19:42:46","slug":"que-oferim","status":"publish","type":"page","link":"https:\/\/www.academia-barcelona.com\/ca\/que-oferim\/","title":{"rendered":"Qu\u00e8 oferim?"},"content":{"rendered":"<p>[vc_row css=&#8221;.vc_custom_1494186154671{padding-bottom: 50px !important;}&#8221;][vc_column][vc_column_text]<\/p>\n<h1>Aix\u00ed s\u00f3n els nostres cursos d&#8217;idiomes &#8211; Spraschschule<\/h1>\n<p>Aix\u00ed s\u00f3n els nostres cursos d&#8217;idiomes &#8211; Sprachschule.\u00a0Els cursos s\u00f3n innovadors, entretinguts, pr\u00e0ctics i adaptats a les necessitats reals dels alumnes, els quals tenen l&#8217;oportunitat d&#8217;aprendre un idioma de forma activa, mentre que nosaltres ens encarreguem de respondre als vostres interessos personals, objectius i ritme d&#8217;aprenentatge.<\/p>\n<p>Tant els cursos impartits presencialment a Barcelona com els cursos a dist\u00e0ncia es caracteritzen per la seva serietat i professionalitat i es basen en el Marc Com\u00fa Europeu de Refer\u00e8ncia per a les Lleng\u00fces (veure M\u00e8todes).<\/p>\n<p>A m\u00e9s d&#8217;ensenyar l&#8217;idioma, tamb\u00e9 pretenem sensibilitzar als nostres alumnes i mostrar les difer\u00e8ncies existents entre la cultura estrangera i la pr\u00f2pia. D&#8217;aquesta manera, arriben a comprendre el que al principi els resulta estrany, a deixar-se influenciar pels valors positius de la cultura estrangera i com a resultat, arriben a desenvolupar millor les seves capacitats comunicatives a l&#8217;hora de parlar amb socis estrangers, companys de treball, clients, amics, etc.<\/p>\n<p>Mitjan\u00e7ant informaci\u00f3, nombrosos exemples, trobades, estudis de casos, vetllades culturals, treballs en grup i recomanacions pr\u00e0ctiques, pretenem preparar de manera \u00f2ptima als alumnes per les trobades interculturals (tant en el dia a dia com en l&#8217;\u00e0mbit professional).[\/vc_column_text][\/vc_column][\/vc_row]<\/p>\n","protected":false},"excerpt":{"rendered":"<p>[vc_row css=&#8221;.vc_custom_1494186154671{padding-bottom: 50px !important;}&#8221;][vc_column][vc_column_text] Aix\u00ed s\u00f3n els nostres cursos d&#8217;idiomes &#8211; Spraschschule Aix\u00ed s\u00f3n els nostres cursos d&#8217;idiomes &#8211; Sprachschule.\u00a0Els cursos s\u00f3n innovadors, entretinguts, pr\u00e0ctics i adaptats a les necessitats reals dels alumnes, els quals tenen l&#8217;oportunitat d&#8217;aprendre un idioma de forma activa, mentre que nosaltres ens encarreguem de respondre als vostres interessos personals, objectius&hellip; <a class=\"read-more\" href=\"https:\/\/www.academia-barcelona.com\/ca\/que-oferim\/\" title=\"Read Qu\u00e8 oferim?\">Read more &raquo;<\/a><\/p>\n","protected":false},"author":3,"featured_media":0,"parent":0,"menu_order":0,"comment_status":"closed","ping_status":"closed","template":"","meta":{"footnotes":""},"class_list":["post-1495","page","type-page","status-publish","hentry"],"yoast_head":"<!-- This site is optimized with the Yoast SEO plugin v27.1.1 - https:\/\/yoast.com\/product\/yoast-seo-wordpress\/ -->\n<title>Aix\u00ed s\u00f3n els nostres cursos d&#039;idiomes - Spraschschule<\/title>\n<meta name=\"description\" content=\"Tant els cursos impartits presencialment a Barcelona com els cursos a dist\u00e0ncia es caracteritzen per la seva serietat i professionalitat.\" \/>\n<meta name=\"robots\" content=\"index, follow, max-snippet:-1, max-image-preview:large, max-video-preview:-1\" \/>\n<link rel=\"canonical\" href=\"https:\/\/www.academia-barcelona.com\/ca\/que-oferim\/\" \/>\n<meta property=\"og:locale\" content=\"ca_ES\" \/>\n<meta property=\"og:type\" content=\"article\" \/>\n<meta property=\"og:title\" content=\"Aix\u00ed s\u00f3n els nostres cursos d&#039;idiomes - Spraschschule\" \/>\n<meta property=\"og:description\" content=\"Tant els cursos impartits presencialment a Barcelona com els cursos a dist\u00e0ncia es caracteritzen per la seva serietat i professionalitat.\" \/>\n<meta property=\"og:url\" content=\"https:\/\/www.academia-barcelona.com\/ca\/que-oferim\/\" \/>\n<meta property=\"article:modified_time\" content=\"2017-05-07T19:42:46+00:00\" \/>\n<meta name=\"twitter:card\" content=\"summary_large_image\" \/>\n<meta name=\"twitter:label1\" content=\"Temps estimat de lectura\" \/>\n\t<meta name=\"twitter:data1\" content=\"1 minut\" \/>\n<script type=\"application\/ld+json\" class=\"yoast-schema-graph\">{\"@context\":\"https:\/\/schema.org\",\"@graph\":[{\"@type\":\"WebPage\",\"@id\":\"https:\/\/www.academia-barcelona.com\/ca\/que-oferim\/\",\"url\":\"https:\/\/www.academia-barcelona.com\/ca\/que-oferim\/\",\"name\":\"Aix\u00ed s\u00f3n els nostres cursos d'idiomes - Spraschschule\",\"isPartOf\":{\"@id\":\"https:\/\/www.academia-barcelona.com\/#website\"},\"datePublished\":\"2016-03-07T22:48:09+00:00\",\"dateModified\":\"2017-05-07T19:42:46+00:00\",\"description\":\"Tant els cursos impartits presencialment a Barcelona com els cursos a dist\u00e0ncia es caracteritzen per la seva serietat i professionalitat.\",\"inLanguage\":\"ca\",\"potentialAction\":[{\"@type\":\"ReadAction\",\"target\":[\"https:\/\/www.academia-barcelona.com\/ca\/que-oferim\/\"]}]},{\"@type\":\"WebSite\",\"@id\":\"https:\/\/www.academia-barcelona.com\/#website\",\"url\":\"https:\/\/www.academia-barcelona.com\/\",\"name\":\"\",\"description\":\"\",\"potentialAction\":[{\"@type\":\"SearchAction\",\"target\":{\"@type\":\"EntryPoint\",\"urlTemplate\":\"https:\/\/www.academia-barcelona.com\/?s={search_term_string}\"},\"query-input\":{\"@type\":\"PropertyValueSpecification\",\"valueRequired\":true,\"valueName\":\"search_term_string\"}}],\"inLanguage\":\"ca\"}]}<\/script>\n<!-- \/ Yoast SEO plugin. -->","yoast_head_json":{"title":"Aix\u00ed s\u00f3n els nostres cursos d'idiomes - Spraschschule","description":"Tant els cursos impartits presencialment a Barcelona com els cursos a dist\u00e0ncia es caracteritzen per la seva serietat i professionalitat.","robots":{"index":"index","follow":"follow","max-snippet":"max-snippet:-1","max-image-preview":"max-image-preview:large","max-video-preview":"max-video-preview:-1"},"canonical":"https:\/\/www.academia-barcelona.com\/ca\/que-oferim\/","og_locale":"ca_ES","og_type":"article","og_title":"Aix\u00ed s\u00f3n els nostres cursos d'idiomes - Spraschschule","og_description":"Tant els cursos impartits presencialment a Barcelona com els cursos a dist\u00e0ncia es caracteritzen per la seva serietat i professionalitat.","og_url":"https:\/\/www.academia-barcelona.com\/ca\/que-oferim\/","article_modified_time":"2017-05-07T19:42:46+00:00","twitter_card":"summary_large_image","twitter_misc":{"Temps estimat de lectura":"1 minut"},"schema":{"@context":"https:\/\/schema.org","@graph":[{"@type":"WebPage","@id":"https:\/\/www.academia-barcelona.com\/ca\/que-oferim\/","url":"https:\/\/www.academia-barcelona.com\/ca\/que-oferim\/","name":"Aix\u00ed s\u00f3n els nostres cursos d'idiomes - Spraschschule","isPartOf":{"@id":"https:\/\/www.academia-barcelona.com\/#website"},"datePublished":"2016-03-07T22:48:09+00:00","dateModified":"2017-05-07T19:42:46+00:00","description":"Tant els cursos impartits presencialment a Barcelona com els cursos a dist\u00e0ncia es caracteritzen per la seva serietat i professionalitat.","inLanguage":"ca","potentialAction":[{"@type":"ReadAction","target":["https:\/\/www.academia-barcelona.com\/ca\/que-oferim\/"]}]},{"@type":"WebSite","@id":"https:\/\/www.academia-barcelona.com\/#website","url":"https:\/\/www.academia-barcelona.com\/","name":"","description":"","potentialAction":[{"@type":"SearchAction","target":{"@type":"EntryPoint","urlTemplate":"https:\/\/www.academia-barcelona.com\/?s={search_term_string}"},"query-input":{"@type":"PropertyValueSpecification","valueRequired":true,"valueName":"search_term_string"}}],"inLanguage":"ca"}]}},"_links":{"self":[{"href":"https:\/\/www.academia-barcelona.com\/ca\/wp-json\/wp\/v2\/pages\/1495","targetHints":{"allow":["GET"]}}],"collection":[{"href":"https:\/\/www.academia-barcelona.com\/ca\/wp-json\/wp\/v2\/pages"}],"about":[{"href":"https:\/\/www.academia-barcelona.com\/ca\/wp-json\/wp\/v2\/types\/page"}],"author":[{"embeddable":true,"href":"https:\/\/www.academia-barcelona.com\/ca\/wp-json\/wp\/v2\/users\/3"}],"replies":[{"embeddable":true,"href":"https:\/\/www.academia-barcelona.com\/ca\/wp-json\/wp\/v2\/comments?post=1495"}],"version-history":[{"count":10,"href":"https:\/\/www.academia-barcelona.com\/ca\/wp-json\/wp\/v2\/pages\/1495\/revisions"}],"predecessor-version":[{"id":8953,"href":"https:\/\/www.academia-barcelona.com\/ca\/wp-json\/wp\/v2\/pages\/1495\/revisions\/8953"}],"wp:attachment":[{"href":"https:\/\/www.academia-barcelona.com\/ca\/wp-json\/wp\/v2\/media?parent=1495"}],"curies":[{"name":"wp","href":"https:\/\/api.w.org\/{rel}","templated":true}]}}