{"id":1425,"date":"2016-03-07T17:54:50","date_gmt":"2016-03-07T17:54:50","guid":{"rendered":"http:\/\/www.barcelona-sprachschule.de\/ca\/?page_id=1425"},"modified":"2017-05-08T12:24:53","modified_gmt":"2017-05-08T12:24:53","slug":"altres-idiomes","status":"publish","type":"page","link":"https:\/\/www.academia-barcelona.com\/ca\/altres-idiomes\/","title":{"rendered":"Altres idiomes"},"content":{"rendered":"<p>[vc_row][vc_column][vc_column_text]<\/p>\n<h1>Classes en altres idiomes:<\/h1>\n<p>Altres idiomes escola Sprachschule Barcelona. A Clase Barcelona Language School organitzem el curs a la teva mida de l&#8217;idioma que necessitis aprendre: itali\u00e0, turc, rus, etc.<\/p>\n<p>Pregunta&#8217;ns i t&#8217;informarem! Els nostres professors natius i amb experi\u00e8ncia t&#8217;ajudaran a aprendre o millorar l&#8217;idioma que necessitis.[\/vc_column_text][\/vc_column][\/vc_row]<\/p>\n","protected":false},"excerpt":{"rendered":"<p>[vc_row][vc_column][vc_column_text] Classes en altres idiomes: Altres idiomes escola Sprachschule Barcelona. A Clase Barcelona Language School organitzem el curs a la teva mida de l&#8217;idioma que necessitis aprendre: itali\u00e0, turc, rus, etc. Pregunta&#8217;ns i t&#8217;informarem! Els nostres professors natius i amb experi\u00e8ncia t&#8217;ajudaran a aprendre o millorar l&#8217;idioma que necessitis.[\/vc_column_text][\/vc_column][\/vc_row]<\/p>\n","protected":false},"author":3,"featured_media":0,"parent":0,"menu_order":0,"comment_status":"closed","ping_status":"closed","template":"","meta":{"footnotes":""},"class_list":["post-1425","page","type-page","status-publish","hentry"],"yoast_head":"<!-- This site is optimized with the Yoast SEO plugin v27.1.1 - https:\/\/yoast.com\/product\/yoast-seo-wordpress\/ -->\n<title>Altres idiomes escola Sprachschule Barcelona<\/title>\n<meta name=\"description\" content=\"Hi ha molta gent que t\u00e9 una bona base gramatical del franc\u00e8s per\u00f2 necessiten millorar la seva flu\u00efdesa. Aquest \u00e9s el curs ideal per a ells!\" \/>\n<meta name=\"robots\" content=\"index, follow, max-snippet:-1, max-image-preview:large, max-video-preview:-1\" \/>\n<link rel=\"canonical\" href=\"https:\/\/www.academia-barcelona.com\/ca\/altres-idiomes\/\" \/>\n<meta property=\"og:locale\" content=\"ca_ES\" \/>\n<meta property=\"og:type\" content=\"article\" \/>\n<meta property=\"og:title\" content=\"Altres idiomes escola Sprachschule Barcelona\" \/>\n<meta property=\"og:description\" content=\"Hi ha molta gent que t\u00e9 una bona base gramatical del franc\u00e8s per\u00f2 necessiten millorar la seva flu\u00efdesa. Aquest \u00e9s el curs ideal per a ells!\" \/>\n<meta property=\"og:url\" content=\"https:\/\/www.academia-barcelona.com\/ca\/altres-idiomes\/\" \/>\n<meta property=\"article:modified_time\" content=\"2017-05-08T12:24:53+00:00\" \/>\n<meta name=\"twitter:card\" content=\"summary_large_image\" \/>\n<script type=\"application\/ld+json\" class=\"yoast-schema-graph\">{\"@context\":\"https:\/\/schema.org\",\"@graph\":[{\"@type\":\"WebPage\",\"@id\":\"https:\/\/www.academia-barcelona.com\/ca\/altres-idiomes\/\",\"url\":\"https:\/\/www.academia-barcelona.com\/ca\/altres-idiomes\/\",\"name\":\"Altres idiomes escola Sprachschule Barcelona\",\"isPartOf\":{\"@id\":\"https:\/\/www.academia-barcelona.com\/#website\"},\"datePublished\":\"2016-03-07T17:54:50+00:00\",\"dateModified\":\"2017-05-08T12:24:53+00:00\",\"description\":\"Hi ha molta gent que t\u00e9 una bona base gramatical del franc\u00e8s per\u00f2 necessiten millorar la seva flu\u00efdesa. Aquest \u00e9s el curs ideal per a ells!\",\"inLanguage\":\"ca\",\"potentialAction\":[{\"@type\":\"ReadAction\",\"target\":[\"https:\/\/www.academia-barcelona.com\/ca\/altres-idiomes\/\"]}]},{\"@type\":\"WebSite\",\"@id\":\"https:\/\/www.academia-barcelona.com\/#website\",\"url\":\"https:\/\/www.academia-barcelona.com\/\",\"name\":\"\",\"description\":\"\",\"potentialAction\":[{\"@type\":\"SearchAction\",\"target\":{\"@type\":\"EntryPoint\",\"urlTemplate\":\"https:\/\/www.academia-barcelona.com\/?s={search_term_string}\"},\"query-input\":{\"@type\":\"PropertyValueSpecification\",\"valueRequired\":true,\"valueName\":\"search_term_string\"}}],\"inLanguage\":\"ca\"}]}<\/script>\n<!-- \/ Yoast SEO plugin. -->","yoast_head_json":{"title":"Altres idiomes escola Sprachschule Barcelona","description":"Hi ha molta gent que t\u00e9 una bona base gramatical del franc\u00e8s per\u00f2 necessiten millorar la seva flu\u00efdesa. Aquest \u00e9s el curs ideal per a ells!","robots":{"index":"index","follow":"follow","max-snippet":"max-snippet:-1","max-image-preview":"max-image-preview:large","max-video-preview":"max-video-preview:-1"},"canonical":"https:\/\/www.academia-barcelona.com\/ca\/altres-idiomes\/","og_locale":"ca_ES","og_type":"article","og_title":"Altres idiomes escola Sprachschule Barcelona","og_description":"Hi ha molta gent que t\u00e9 una bona base gramatical del franc\u00e8s per\u00f2 necessiten millorar la seva flu\u00efdesa. Aquest \u00e9s el curs ideal per a ells!","og_url":"https:\/\/www.academia-barcelona.com\/ca\/altres-idiomes\/","article_modified_time":"2017-05-08T12:24:53+00:00","twitter_card":"summary_large_image","schema":{"@context":"https:\/\/schema.org","@graph":[{"@type":"WebPage","@id":"https:\/\/www.academia-barcelona.com\/ca\/altres-idiomes\/","url":"https:\/\/www.academia-barcelona.com\/ca\/altres-idiomes\/","name":"Altres idiomes escola Sprachschule Barcelona","isPartOf":{"@id":"https:\/\/www.academia-barcelona.com\/#website"},"datePublished":"2016-03-07T17:54:50+00:00","dateModified":"2017-05-08T12:24:53+00:00","description":"Hi ha molta gent que t\u00e9 una bona base gramatical del franc\u00e8s per\u00f2 necessiten millorar la seva flu\u00efdesa. Aquest \u00e9s el curs ideal per a ells!","inLanguage":"ca","potentialAction":[{"@type":"ReadAction","target":["https:\/\/www.academia-barcelona.com\/ca\/altres-idiomes\/"]}]},{"@type":"WebSite","@id":"https:\/\/www.academia-barcelona.com\/#website","url":"https:\/\/www.academia-barcelona.com\/","name":"","description":"","potentialAction":[{"@type":"SearchAction","target":{"@type":"EntryPoint","urlTemplate":"https:\/\/www.academia-barcelona.com\/?s={search_term_string}"},"query-input":{"@type":"PropertyValueSpecification","valueRequired":true,"valueName":"search_term_string"}}],"inLanguage":"ca"}]}},"_links":{"self":[{"href":"https:\/\/www.academia-barcelona.com\/ca\/wp-json\/wp\/v2\/pages\/1425","targetHints":{"allow":["GET"]}}],"collection":[{"href":"https:\/\/www.academia-barcelona.com\/ca\/wp-json\/wp\/v2\/pages"}],"about":[{"href":"https:\/\/www.academia-barcelona.com\/ca\/wp-json\/wp\/v2\/types\/page"}],"author":[{"embeddable":true,"href":"https:\/\/www.academia-barcelona.com\/ca\/wp-json\/wp\/v2\/users\/3"}],"replies":[{"embeddable":true,"href":"https:\/\/www.academia-barcelona.com\/ca\/wp-json\/wp\/v2\/comments?post=1425"}],"version-history":[{"count":8,"href":"https:\/\/www.academia-barcelona.com\/ca\/wp-json\/wp\/v2\/pages\/1425\/revisions"}],"predecessor-version":[{"id":9096,"href":"https:\/\/www.academia-barcelona.com\/ca\/wp-json\/wp\/v2\/pages\/1425\/revisions\/9096"}],"wp:attachment":[{"href":"https:\/\/www.academia-barcelona.com\/ca\/wp-json\/wp\/v2\/media?parent=1425"}],"curies":[{"name":"wp","href":"https:\/\/api.w.org\/{rel}","templated":true}]}}