{"id":1410,"date":"2016-03-07T17:16:47","date_gmt":"2016-03-07T17:16:47","guid":{"rendered":"http:\/\/www.barcelona-sprachschule.de\/ca\/?page_id=1410"},"modified":"2017-09-25T12:36:27","modified_gmt":"2017-09-25T12:36:27","slug":"cursos-dangles","status":"publish","type":"page","link":"https:\/\/www.academia-barcelona.com\/ca\/cursos-didiomes\/cursos-dangles\/","title":{"rendered":"Cursos d\u2019angl\u00e8s"},"content":{"rendered":"<p>[vc_row css=&#8221;.vc_custom_1494232301918{padding-bottom: 30px !important;}&#8221;][vc_column][vc_column_text]<\/p>\n<h1>Cursos d&#8217;angl\u00e8s a Barcelona<\/h1>\n<p>A Clase Barcelona Language School trobar\u00e0s cursos d&#8217;angl\u00e8s que s&#8217;adapten a les teves necessitats, horaris i objectius. Si l&#8217;angl\u00e8s continua sent una asignatura pendent, no t&#8217;ho penses m\u00e9s!<\/p>\n<p>Aprendre angl\u00e8s a la nostra acad\u00e8mia d&#8217;idiomes Clase Barcelona \u00e9s sempre f\u00e0cil i efica\u00e7!<\/p>\n<p>Tria quin \u00e9s el millor per a tu!<\/p>\n<ul>\n<li><a href=\"https:\/\/www.academia-barcelona.com\/ca\/cursos-dalemany\/curs-intensiu-dalemany\/\">Curs intensiu d&#8217;angl\u00e8s<\/a><\/li>\n<li>Curs d&#8217;angl\u00e8s en grup<\/li>\n<li><a title=\"Cursos particulares de ingl\u00e9s\" href=\"https:\/\/www.academia-barcelona.com\/ca\/cursos-dalemany\/classes-particulars-dalemany\/\">Classes particulars d&#8217;angl\u00e8s<\/a><\/li>\n<li><a title=\"Cursos de ingl\u00e9s en parejas\" href=\"https:\/\/www.academia-barcelona.com\/ca\/cursos-dalemany\/curs-dalemany-parella\/\">Curs d&#8217;angl\u00e8s en parella<\/a><\/li>\n<li><a title=\"Curso de conversaci\u00f3n en ingl\u00e9s\" href=\"https:\/\/www.academia-barcelona.com\/ca\/cursos-dalemany\/curs-de-conversa-en-alemany\/\" target=\"_blank\" rel=\"noopener noreferrer\">Curs de conversa en angl\u00e8s<\/a><\/li>\n<\/ul>\n<p>[\/vc_column_text][vc_column_text]Tria el curs que s\u2019adapti m\u00e9s a les teves necessitats i objectius, o <a href=\"mailto:info@clase-barcelona.com\" target=\"_blank\" rel=\"noopener noreferrer\">consulta amb nosaltres<\/a> quina \u00e9s la millor opci\u00f3 per aprendre angl\u00e8s. A Clase Barcelona Language School som flexibles i t\u2019oferim cursos personalitzats, amb varietat d\u2019horaris per triar, professors natius, metodologia basada en la comunicaci\u00f3 i sempre seguint els est\u00e0ndars del Marc Europeu de Refer\u00e8ncia per a les Lleng\u00fces.[\/vc_column_text][\/vc_column][\/vc_row]<\/p>\n","protected":false},"excerpt":{"rendered":"<p>[vc_row css=&#8221;.vc_custom_1494232301918{padding-bottom: 30px !important;}&#8221;][vc_column][vc_column_text] Cursos d&#8217;angl\u00e8s a Barcelona A Clase Barcelona Language School trobar\u00e0s cursos d&#8217;angl\u00e8s que s&#8217;adapten a les teves necessitats, horaris i objectius. Si l&#8217;angl\u00e8s continua sent una asignatura pendent, no t&#8217;ho penses m\u00e9s! Aprendre angl\u00e8s a la nostra acad\u00e8mia d&#8217;idiomes Clase Barcelona \u00e9s sempre f\u00e0cil i efica\u00e7! Tria quin \u00e9s el millor&hellip; <a class=\"read-more\" href=\"https:\/\/www.academia-barcelona.com\/ca\/cursos-didiomes\/cursos-dangles\/\" title=\"Read Cursos d\u2019angl\u00e8s\">Read more &raquo;<\/a><\/p>\n","protected":false},"author":3,"featured_media":0,"parent":1381,"menu_order":0,"comment_status":"closed","ping_status":"closed","template":"","meta":{"footnotes":""},"class_list":["post-1410","page","type-page","status-publish","hentry"],"yoast_head":"<!-- This site is optimized with the Yoast SEO plugin v27.1.1 - https:\/\/yoast.com\/product\/yoast-seo-wordpress\/ -->\n<title>Cursos d&#039;angl\u00e8s a Clase Barcelona Language School<\/title>\n<meta name=\"description\" content=\"A Clase Barcelona tenim varietat de cursos d&#039;angl\u00e8s segons nivells, horaris i objectius. Amb els nostres professors natius aprendr\u00e0s angl\u00e8s!\" \/>\n<meta name=\"robots\" content=\"index, follow, max-snippet:-1, max-image-preview:large, max-video-preview:-1\" \/>\n<link rel=\"canonical\" href=\"https:\/\/www.academia-barcelona.com\/ca\/cursos-didiomes\/cursos-dangles\/\" \/>\n<meta property=\"og:locale\" content=\"ca_ES\" \/>\n<meta property=\"og:type\" content=\"article\" \/>\n<meta property=\"og:title\" content=\"Cursos d&#039;angl\u00e8s a Clase Barcelona Language School\" \/>\n<meta property=\"og:description\" content=\"A Clase Barcelona tenim varietat de cursos d&#039;angl\u00e8s segons nivells, horaris i objectius. Amb els nostres professors natius aprendr\u00e0s angl\u00e8s!\" \/>\n<meta property=\"og:url\" content=\"https:\/\/www.academia-barcelona.com\/ca\/cursos-didiomes\/cursos-dangles\/\" \/>\n<meta property=\"article:modified_time\" content=\"2017-09-25T12:36:27+00:00\" \/>\n<meta name=\"twitter:card\" content=\"summary_large_image\" \/>\n<meta name=\"twitter:label1\" content=\"Temps estimat de lectura\" \/>\n\t<meta name=\"twitter:data1\" content=\"1 minut\" \/>\n<script type=\"application\/ld+json\" class=\"yoast-schema-graph\">{\"@context\":\"https:\/\/schema.org\",\"@graph\":[{\"@type\":\"WebPage\",\"@id\":\"https:\/\/www.academia-barcelona.com\/ca\/cursos-didiomes\/cursos-dangles\/\",\"url\":\"https:\/\/www.academia-barcelona.com\/ca\/cursos-didiomes\/cursos-dangles\/\",\"name\":\"Cursos d'angl\u00e8s a Clase Barcelona Language School\",\"isPartOf\":{\"@id\":\"https:\/\/www.academia-barcelona.com\/#website\"},\"datePublished\":\"2016-03-07T17:16:47+00:00\",\"dateModified\":\"2017-09-25T12:36:27+00:00\",\"description\":\"A Clase Barcelona tenim varietat de cursos d'angl\u00e8s segons nivells, horaris i objectius. Amb els nostres professors natius aprendr\u00e0s angl\u00e8s!\",\"breadcrumb\":{\"@id\":\"https:\/\/www.academia-barcelona.com\/ca\/cursos-didiomes\/cursos-dangles\/#breadcrumb\"},\"inLanguage\":\"ca\",\"potentialAction\":[{\"@type\":\"ReadAction\",\"target\":[\"https:\/\/www.academia-barcelona.com\/ca\/cursos-didiomes\/cursos-dangles\/\"]}]},{\"@type\":\"BreadcrumbList\",\"@id\":\"https:\/\/www.academia-barcelona.com\/ca\/cursos-didiomes\/cursos-dangles\/#breadcrumb\",\"itemListElement\":[{\"@type\":\"ListItem\",\"position\":1,\"name\":\"Cursos d\u2019idiomes\",\"item\":\"https:\/\/www.academia-barcelona.com\/ca\/cursos-didiomes\/\"},{\"@type\":\"ListItem\",\"position\":2,\"name\":\"Cursos d\u2019angl\u00e8s\"}]},{\"@type\":\"WebSite\",\"@id\":\"https:\/\/www.academia-barcelona.com\/#website\",\"url\":\"https:\/\/www.academia-barcelona.com\/\",\"name\":\"\",\"description\":\"\",\"potentialAction\":[{\"@type\":\"SearchAction\",\"target\":{\"@type\":\"EntryPoint\",\"urlTemplate\":\"https:\/\/www.academia-barcelona.com\/?s={search_term_string}\"},\"query-input\":{\"@type\":\"PropertyValueSpecification\",\"valueRequired\":true,\"valueName\":\"search_term_string\"}}],\"inLanguage\":\"ca\"}]}<\/script>\n<!-- \/ Yoast SEO plugin. -->","yoast_head_json":{"title":"Cursos d'angl\u00e8s a Clase Barcelona Language School","description":"A Clase Barcelona tenim varietat de cursos d'angl\u00e8s segons nivells, horaris i objectius. Amb els nostres professors natius aprendr\u00e0s angl\u00e8s!","robots":{"index":"index","follow":"follow","max-snippet":"max-snippet:-1","max-image-preview":"max-image-preview:large","max-video-preview":"max-video-preview:-1"},"canonical":"https:\/\/www.academia-barcelona.com\/ca\/cursos-didiomes\/cursos-dangles\/","og_locale":"ca_ES","og_type":"article","og_title":"Cursos d'angl\u00e8s a Clase Barcelona Language School","og_description":"A Clase Barcelona tenim varietat de cursos d'angl\u00e8s segons nivells, horaris i objectius. Amb els nostres professors natius aprendr\u00e0s angl\u00e8s!","og_url":"https:\/\/www.academia-barcelona.com\/ca\/cursos-didiomes\/cursos-dangles\/","article_modified_time":"2017-09-25T12:36:27+00:00","twitter_card":"summary_large_image","twitter_misc":{"Temps estimat de lectura":"1 minut"},"schema":{"@context":"https:\/\/schema.org","@graph":[{"@type":"WebPage","@id":"https:\/\/www.academia-barcelona.com\/ca\/cursos-didiomes\/cursos-dangles\/","url":"https:\/\/www.academia-barcelona.com\/ca\/cursos-didiomes\/cursos-dangles\/","name":"Cursos d'angl\u00e8s a Clase Barcelona Language School","isPartOf":{"@id":"https:\/\/www.academia-barcelona.com\/#website"},"datePublished":"2016-03-07T17:16:47+00:00","dateModified":"2017-09-25T12:36:27+00:00","description":"A Clase Barcelona tenim varietat de cursos d'angl\u00e8s segons nivells, horaris i objectius. Amb els nostres professors natius aprendr\u00e0s angl\u00e8s!","breadcrumb":{"@id":"https:\/\/www.academia-barcelona.com\/ca\/cursos-didiomes\/cursos-dangles\/#breadcrumb"},"inLanguage":"ca","potentialAction":[{"@type":"ReadAction","target":["https:\/\/www.academia-barcelona.com\/ca\/cursos-didiomes\/cursos-dangles\/"]}]},{"@type":"BreadcrumbList","@id":"https:\/\/www.academia-barcelona.com\/ca\/cursos-didiomes\/cursos-dangles\/#breadcrumb","itemListElement":[{"@type":"ListItem","position":1,"name":"Cursos d\u2019idiomes","item":"https:\/\/www.academia-barcelona.com\/ca\/cursos-didiomes\/"},{"@type":"ListItem","position":2,"name":"Cursos d\u2019angl\u00e8s"}]},{"@type":"WebSite","@id":"https:\/\/www.academia-barcelona.com\/#website","url":"https:\/\/www.academia-barcelona.com\/","name":"","description":"","potentialAction":[{"@type":"SearchAction","target":{"@type":"EntryPoint","urlTemplate":"https:\/\/www.academia-barcelona.com\/?s={search_term_string}"},"query-input":{"@type":"PropertyValueSpecification","valueRequired":true,"valueName":"search_term_string"}}],"inLanguage":"ca"}]}},"_links":{"self":[{"href":"https:\/\/www.academia-barcelona.com\/ca\/wp-json\/wp\/v2\/pages\/1410","targetHints":{"allow":["GET"]}}],"collection":[{"href":"https:\/\/www.academia-barcelona.com\/ca\/wp-json\/wp\/v2\/pages"}],"about":[{"href":"https:\/\/www.academia-barcelona.com\/ca\/wp-json\/wp\/v2\/types\/page"}],"author":[{"embeddable":true,"href":"https:\/\/www.academia-barcelona.com\/ca\/wp-json\/wp\/v2\/users\/3"}],"replies":[{"embeddable":true,"href":"https:\/\/www.academia-barcelona.com\/ca\/wp-json\/wp\/v2\/comments?post=1410"}],"version-history":[{"count":14,"href":"https:\/\/www.academia-barcelona.com\/ca\/wp-json\/wp\/v2\/pages\/1410\/revisions"}],"predecessor-version":[{"id":9702,"href":"https:\/\/www.academia-barcelona.com\/ca\/wp-json\/wp\/v2\/pages\/1410\/revisions\/9702"}],"up":[{"embeddable":true,"href":"https:\/\/www.academia-barcelona.com\/ca\/wp-json\/wp\/v2\/pages\/1381"}],"wp:attachment":[{"href":"https:\/\/www.academia-barcelona.com\/ca\/wp-json\/wp\/v2\/media?parent=1410"}],"curies":[{"name":"wp","href":"https:\/\/api.w.org\/{rel}","templated":true}]}}