{"id":1399,"date":"2016-03-07T17:14:08","date_gmt":"2016-03-07T17:14:08","guid":{"rendered":"http:\/\/www.barcelona-sprachschule.de\/ca\/?page_id=1399"},"modified":"2017-09-25T13:36:18","modified_gmt":"2017-09-25T13:36:18","slug":"curs-de-conversa-en-frances","status":"publish","type":"page","link":"https:\/\/www.academia-barcelona.com\/ca\/cursos-didiomes\/curs-de-conversa-en-frances\/","title":{"rendered":"Curs de franc\u00e8s (conversa)"},"content":{"rendered":"<p>[vc_row][vc_column][vc_column_text]<\/p>\n<h1>Curs de conversa en franc\u00e8s<\/h1>\n<p>[\/vc_column_text][vc_row_inner][vc_column_inner width=&#8221;1\/2&#8243;][vc_single_image image=&#8221;2965&#8243; img_size=&#8221;full&#8221; alignment=&#8221;center&#8221; style=&#8221;vc_box_outline&#8221;][\/vc_column_inner][vc_column_inner width=&#8221;1\/2&#8243;][vc_column_text]Amb el curs de conversa en franc\u00e8s, que es dirigeix especialment a aquells que ja tenen coneixements de la llengua, es practica la part oral de l&#8217;idioma, ajudant a l&#8217;alumne a millorar la seva comprensi\u00f3 i expressi\u00f3 parlant amb un natiu. La llengua del nostre pa\u00eds ve\u00ed continua sent una de les m\u00e9s importants al sector tur\u00edstic, les relacions internacionals i empresarials. Hi ha molta gent que t\u00e9 una bona base gramatical del franc\u00e8s per\u00f2 necessiten millorar la seva flu\u00efdesa. Aquest \u00e9s el curs ideal per a ells!<\/p>\n<p>A Clase Barcelona ens preocupem pels alumnes i oferim aquest curs de conversa per tal de generar un entorn segur on la prioritat \u00e9s millorar dia a dia l&#8217;expressi\u00f3 oral en franc\u00e8s. Amb debats, lectura d&#8217;articles period\u00edstics, xerrades sobre art, m\u00fasica, cinema, o qualsevol altre tema d&#8217;inter\u00e8s per a l&#8217;alumne, es practica la pronunciaci\u00f3, la comprensi\u00f3 oral, les frases fetes i la flu\u00efdesa. A m\u00e9s a m\u00e9s, sempre que \u00e9s necessari, tamb\u00e9 es repassen els conceptes de la gram\u00e0tica que l&#8217;alumne t\u00e9 m\u00e9s oblidats. La nostra prioritat \u00e9s que millores la teva expressi\u00f3 oral per tal d&#8217;augmentar les teves oportunitats al mercat laboral internacional.[\/vc_column_text][\/vc_column_inner][\/vc_row_inner][vc_column_text]Si ens vols con\u00e8ixer millor, consulta la nostra <a href=\"https:\/\/www.academia-barcelona.com\/ca\/que-oferim\/galeria-de-fotos\/\">Galeria de Fotos.<\/a> Al nostre curs de conversa en franc\u00e8s, practicar\u00e0s en grups redu\u00efts i amb els nostres professors natius per tal de millorar dia a dia el teu nivell i la teva expressi\u00f3.[\/vc_column_text][\/vc_column][\/vc_row]<\/p>\n","protected":false},"excerpt":{"rendered":"<p>[vc_row][vc_column][vc_column_text] Curs de conversa en franc\u00e8s [\/vc_column_text][vc_row_inner][vc_column_inner width=&#8221;1\/2&#8243;][vc_single_image image=&#8221;2965&#8243; img_size=&#8221;full&#8221; alignment=&#8221;center&#8221; style=&#8221;vc_box_outline&#8221;][\/vc_column_inner][vc_column_inner width=&#8221;1\/2&#8243;][vc_column_text]Amb el curs de conversa en franc\u00e8s, que es dirigeix especialment a aquells que ja tenen coneixements de la llengua, es practica la part oral de l&#8217;idioma, ajudant a l&#8217;alumne a millorar la seva comprensi\u00f3 i expressi\u00f3 parlant amb un natiu. La llengua&hellip; <a class=\"read-more\" href=\"https:\/\/www.academia-barcelona.com\/ca\/cursos-didiomes\/curs-de-conversa-en-frances\/\" title=\"Read Curs de franc\u00e8s (conversa)\">Read more &raquo;<\/a><\/p>\n","protected":false},"author":3,"featured_media":0,"parent":1381,"menu_order":0,"comment_status":"closed","ping_status":"closed","template":"","meta":{"footnotes":""},"class_list":["post-1399","page","type-page","status-publish","hentry"],"yoast_head":"<!-- This site is optimized with the Yoast SEO plugin v27.1.1 - https:\/\/yoast.com\/product\/yoast-seo-wordpress\/ -->\n<title>curs de conversa en franc\u00e8s (conversa)<\/title>\n<meta name=\"description\" content=\"Amb el curs de conversa en franc\u00e8s, que es dirigeix especialment a aquells que ja tenen coneixements de la llengua, es practica la part oral de l&#039;idioma.\" \/>\n<meta name=\"robots\" content=\"index, follow, max-snippet:-1, max-image-preview:large, max-video-preview:-1\" \/>\n<link rel=\"canonical\" href=\"https:\/\/www.academia-barcelona.com\/ca\/cursos-didiomes\/curs-de-conversa-en-frances\/\" \/>\n<meta property=\"og:locale\" content=\"ca_ES\" \/>\n<meta property=\"og:type\" content=\"article\" \/>\n<meta property=\"og:title\" content=\"curs de conversa en franc\u00e8s (conversa)\" \/>\n<meta property=\"og:description\" content=\"Amb el curs de conversa en franc\u00e8s, que es dirigeix especialment a aquells que ja tenen coneixements de la llengua, es practica la part oral de l&#039;idioma.\" \/>\n<meta property=\"og:url\" content=\"https:\/\/www.academia-barcelona.com\/ca\/cursos-didiomes\/curs-de-conversa-en-frances\/\" \/>\n<meta property=\"article:modified_time\" content=\"2017-09-25T13:36:18+00:00\" \/>\n<meta name=\"twitter:card\" content=\"summary_large_image\" \/>\n<meta name=\"twitter:label1\" content=\"Temps estimat de lectura\" \/>\n\t<meta name=\"twitter:data1\" content=\"2 minuts\" \/>\n<script type=\"application\/ld+json\" class=\"yoast-schema-graph\">{\"@context\":\"https:\/\/schema.org\",\"@graph\":[{\"@type\":\"WebPage\",\"@id\":\"https:\/\/www.academia-barcelona.com\/ca\/cursos-didiomes\/curs-de-conversa-en-frances\/\",\"url\":\"https:\/\/www.academia-barcelona.com\/ca\/cursos-didiomes\/curs-de-conversa-en-frances\/\",\"name\":\"curs de conversa en franc\u00e8s (conversa)\",\"isPartOf\":{\"@id\":\"https:\/\/www.academia-barcelona.com\/#website\"},\"datePublished\":\"2016-03-07T17:14:08+00:00\",\"dateModified\":\"2017-09-25T13:36:18+00:00\",\"description\":\"Amb el curs de conversa en franc\u00e8s, que es dirigeix especialment a aquells que ja tenen coneixements de la llengua, es practica la part oral de l'idioma.\",\"breadcrumb\":{\"@id\":\"https:\/\/www.academia-barcelona.com\/ca\/cursos-didiomes\/curs-de-conversa-en-frances\/#breadcrumb\"},\"inLanguage\":\"ca\",\"potentialAction\":[{\"@type\":\"ReadAction\",\"target\":[\"https:\/\/www.academia-barcelona.com\/ca\/cursos-didiomes\/curs-de-conversa-en-frances\/\"]}]},{\"@type\":\"BreadcrumbList\",\"@id\":\"https:\/\/www.academia-barcelona.com\/ca\/cursos-didiomes\/curs-de-conversa-en-frances\/#breadcrumb\",\"itemListElement\":[{\"@type\":\"ListItem\",\"position\":1,\"name\":\"Cursos d\u2019idiomes\",\"item\":\"https:\/\/www.academia-barcelona.com\/ca\/cursos-didiomes\/\"},{\"@type\":\"ListItem\",\"position\":2,\"name\":\"Curs de franc\u00e8s (conversa)\"}]},{\"@type\":\"WebSite\",\"@id\":\"https:\/\/www.academia-barcelona.com\/#website\",\"url\":\"https:\/\/www.academia-barcelona.com\/\",\"name\":\"\",\"description\":\"\",\"potentialAction\":[{\"@type\":\"SearchAction\",\"target\":{\"@type\":\"EntryPoint\",\"urlTemplate\":\"https:\/\/www.academia-barcelona.com\/?s={search_term_string}\"},\"query-input\":{\"@type\":\"PropertyValueSpecification\",\"valueRequired\":true,\"valueName\":\"search_term_string\"}}],\"inLanguage\":\"ca\"}]}<\/script>\n<!-- \/ Yoast SEO plugin. -->","yoast_head_json":{"title":"curs de conversa en franc\u00e8s (conversa)","description":"Amb el curs de conversa en franc\u00e8s, que es dirigeix especialment a aquells que ja tenen coneixements de la llengua, es practica la part oral de l'idioma.","robots":{"index":"index","follow":"follow","max-snippet":"max-snippet:-1","max-image-preview":"max-image-preview:large","max-video-preview":"max-video-preview:-1"},"canonical":"https:\/\/www.academia-barcelona.com\/ca\/cursos-didiomes\/curs-de-conversa-en-frances\/","og_locale":"ca_ES","og_type":"article","og_title":"curs de conversa en franc\u00e8s (conversa)","og_description":"Amb el curs de conversa en franc\u00e8s, que es dirigeix especialment a aquells que ja tenen coneixements de la llengua, es practica la part oral de l'idioma.","og_url":"https:\/\/www.academia-barcelona.com\/ca\/cursos-didiomes\/curs-de-conversa-en-frances\/","article_modified_time":"2017-09-25T13:36:18+00:00","twitter_card":"summary_large_image","twitter_misc":{"Temps estimat de lectura":"2 minuts"},"schema":{"@context":"https:\/\/schema.org","@graph":[{"@type":"WebPage","@id":"https:\/\/www.academia-barcelona.com\/ca\/cursos-didiomes\/curs-de-conversa-en-frances\/","url":"https:\/\/www.academia-barcelona.com\/ca\/cursos-didiomes\/curs-de-conversa-en-frances\/","name":"curs de conversa en franc\u00e8s (conversa)","isPartOf":{"@id":"https:\/\/www.academia-barcelona.com\/#website"},"datePublished":"2016-03-07T17:14:08+00:00","dateModified":"2017-09-25T13:36:18+00:00","description":"Amb el curs de conversa en franc\u00e8s, que es dirigeix especialment a aquells que ja tenen coneixements de la llengua, es practica la part oral de l'idioma.","breadcrumb":{"@id":"https:\/\/www.academia-barcelona.com\/ca\/cursos-didiomes\/curs-de-conversa-en-frances\/#breadcrumb"},"inLanguage":"ca","potentialAction":[{"@type":"ReadAction","target":["https:\/\/www.academia-barcelona.com\/ca\/cursos-didiomes\/curs-de-conversa-en-frances\/"]}]},{"@type":"BreadcrumbList","@id":"https:\/\/www.academia-barcelona.com\/ca\/cursos-didiomes\/curs-de-conversa-en-frances\/#breadcrumb","itemListElement":[{"@type":"ListItem","position":1,"name":"Cursos d\u2019idiomes","item":"https:\/\/www.academia-barcelona.com\/ca\/cursos-didiomes\/"},{"@type":"ListItem","position":2,"name":"Curs de franc\u00e8s (conversa)"}]},{"@type":"WebSite","@id":"https:\/\/www.academia-barcelona.com\/#website","url":"https:\/\/www.academia-barcelona.com\/","name":"","description":"","potentialAction":[{"@type":"SearchAction","target":{"@type":"EntryPoint","urlTemplate":"https:\/\/www.academia-barcelona.com\/?s={search_term_string}"},"query-input":{"@type":"PropertyValueSpecification","valueRequired":true,"valueName":"search_term_string"}}],"inLanguage":"ca"}]}},"_links":{"self":[{"href":"https:\/\/www.academia-barcelona.com\/ca\/wp-json\/wp\/v2\/pages\/1399","targetHints":{"allow":["GET"]}}],"collection":[{"href":"https:\/\/www.academia-barcelona.com\/ca\/wp-json\/wp\/v2\/pages"}],"about":[{"href":"https:\/\/www.academia-barcelona.com\/ca\/wp-json\/wp\/v2\/types\/page"}],"author":[{"embeddable":true,"href":"https:\/\/www.academia-barcelona.com\/ca\/wp-json\/wp\/v2\/users\/3"}],"replies":[{"embeddable":true,"href":"https:\/\/www.academia-barcelona.com\/ca\/wp-json\/wp\/v2\/comments?post=1399"}],"version-history":[{"count":15,"href":"https:\/\/www.academia-barcelona.com\/ca\/wp-json\/wp\/v2\/pages\/1399\/revisions"}],"predecessor-version":[{"id":9733,"href":"https:\/\/www.academia-barcelona.com\/ca\/wp-json\/wp\/v2\/pages\/1399\/revisions\/9733"}],"up":[{"embeddable":true,"href":"https:\/\/www.academia-barcelona.com\/ca\/wp-json\/wp\/v2\/pages\/1381"}],"wp:attachment":[{"href":"https:\/\/www.academia-barcelona.com\/ca\/wp-json\/wp\/v2\/media?parent=1399"}],"curies":[{"name":"wp","href":"https:\/\/api.w.org\/{rel}","templated":true}]}}