{"id":1385,"date":"2016-03-07T17:07:35","date_gmt":"2016-03-07T17:07:35","guid":{"rendered":"http:\/\/www.barcelona-sprachschule.de\/ca\/?page_id=1385"},"modified":"2017-05-08T12:07:00","modified_gmt":"2017-05-08T12:07:00","slug":"curs-de-conversa-en-alemany","status":"publish","type":"page","link":"https:\/\/www.academia-barcelona.com\/ca\/cursos-dalemany\/curs-de-conversa-en-alemany\/","title":{"rendered":"Curs de conversa en alemany"},"content":{"rendered":"<p>[vc_row css=&#8221;.vc_custom_1494245084899{padding-bottom: 30px !important;}&#8221;][vc_column][vc_column_text]<\/p>\n<h1>Curs de conversa en alemany<\/h1>\n<p>[\/vc_column_text][vc_row_inner][vc_column_inner width=&#8221;1\/2&#8243;][vc_single_image image=&#8221;9071&#8243; img_size=&#8221;full&#8221; alignment=&#8221;center&#8221;][\/vc_column_inner][vc_column_inner width=&#8221;1\/2&#8243;][vc_column_text]A Clase Barcelona oferim un curs d&#8217;alemany de conversa perqu\u00e8 sabem que el que m\u00e9s costa a l&#8217;aprendre un nou idioma \u00e9s parlar sense por ni vergonya. En aquest curs els alumnes es troben a un entorn segur i agradable on poden desenvolupar les seves habilitats ling\u00fc\u00edstiques i posar en pr\u00e0ctica els coneixements que s&#8217;aprenen en un curs regular.<\/p>\n<p>Especialment dirigit a aquells que ja tenen coneixements de la llengua, en aquest curs es practica la part oral de l&#8217;alemany, parlant de diferents temes d&#8217;actualitat, fent servir exemples de premsa, literatura, cinema, del dia a dia, etc. Tot i aix\u00ed, si cal tamb\u00e9 es tracten aspectes de la gram\u00e0tica i es recorden explicacions te\u00f2riques. La nostra prioritat \u00e9s que l&#8217;alumne pugui millorar la seva expressi\u00f3 oral per tal d&#8217;augmentar les seves compet\u00e8ncies ling\u00fc\u00edstiques i aix\u00ed poder aprofitar les oportunitats en el mercat laboral internacional.<\/p>\n<p>Si has viscut a Alemanya, Su\u00efssa o \u00c0ustria i no vols perdre la flu\u00efdesa, treballes a una empresa alemanya, al sector tur\u00edstic, les vendes internacionals o vols simplement millorar la teva comunicaci\u00f3 en alemany, el curs de conversa en alemany \u00e9s ideal per a tu. O si ja vas aprendre alemany fa anys i necessites practicar la teva comprensi\u00f3 i expressi\u00f3 orals, ser\u00e0s capa\u00e7 de refrescar tots aquests coneixements i estar al dia r\u00e0pidament.<\/p>\n<p>En el curs de conversa poden participar alumnes de nivells inter-mitjans o alts (entre B1 i C2), donat que el m\u00e9s important \u00e9s fomentar l&#8217;oralitat en aquest entorn segur, mitjan\u00e7ant distints temes amb els quals poder ampliar el vocabulari i assolir flu\u00efdesa amb la llengua. <a href=\"mailto:info@clase-barcelona.es\">Contacta amb nosaltres<\/a> si tens dubtes envers el teu nivell, i inscriu-te a una classe de prova sense comprom\u00eds. [\/vc_column_text][\/vc_column_inner][\/vc_row_inner][\/vc_column][\/vc_row]<\/p>\n","protected":false},"excerpt":{"rendered":"<p>[vc_row css=&#8221;.vc_custom_1494245084899{padding-bottom: 30px !important;}&#8221;][vc_column][vc_column_text] Curs de conversa en alemany [\/vc_column_text][vc_row_inner][vc_column_inner width=&#8221;1\/2&#8243;][vc_single_image image=&#8221;9071&#8243; img_size=&#8221;full&#8221; alignment=&#8221;center&#8221;][\/vc_column_inner][vc_column_inner width=&#8221;1\/2&#8243;][vc_column_text]A Clase Barcelona oferim un curs d&#8217;alemany de conversa perqu\u00e8 sabem que el que m\u00e9s costa a l&#8217;aprendre un nou idioma \u00e9s parlar sense por ni vergonya. En aquest curs els alumnes es troben a un entorn segur i agradable on&hellip; <a class=\"read-more\" href=\"https:\/\/www.academia-barcelona.com\/ca\/cursos-dalemany\/curs-de-conversa-en-alemany\/\" title=\"Read Curs de conversa en alemany\">Read more &raquo;<\/a><\/p>\n","protected":false},"author":3,"featured_media":0,"parent":1383,"menu_order":0,"comment_status":"closed","ping_status":"closed","template":"","meta":{"footnotes":""},"class_list":["post-1385","page","type-page","status-publish","hentry"],"yoast_head":"<!-- This site is optimized with the Yoast SEO plugin v27.1.1 - https:\/\/yoast.com\/product\/yoast-seo-wordpress\/ -->\n<title>Curs de conversa en alemany in Barcelona<\/title>\n<meta name=\"description\" content=\"A Clase Barcelona oferim un curs d&#039;alemany de conversa perqu\u00e8 sabem que el que m\u00e9s costa a l&#039;aprendre un nou idioma \u00e9s parlar sense por ni vergonya.\" \/>\n<meta name=\"robots\" content=\"index, follow, max-snippet:-1, max-image-preview:large, max-video-preview:-1\" \/>\n<link rel=\"canonical\" href=\"https:\/\/www.academia-barcelona.com\/ca\/cursos-dalemany\/curs-de-conversa-en-alemany\/\" \/>\n<meta property=\"og:locale\" content=\"ca_ES\" \/>\n<meta property=\"og:type\" content=\"article\" \/>\n<meta property=\"og:title\" content=\"Curs de conversa en alemany in Barcelona\" \/>\n<meta property=\"og:description\" content=\"A Clase Barcelona oferim un curs d&#039;alemany de conversa perqu\u00e8 sabem que el que m\u00e9s costa a l&#039;aprendre un nou idioma \u00e9s parlar sense por ni vergonya.\" \/>\n<meta property=\"og:url\" content=\"https:\/\/www.academia-barcelona.com\/ca\/cursos-dalemany\/curs-de-conversa-en-alemany\/\" \/>\n<meta property=\"article:modified_time\" content=\"2017-05-08T12:07:00+00:00\" \/>\n<meta name=\"twitter:card\" content=\"summary_large_image\" \/>\n<meta name=\"twitter:label1\" content=\"Temps estimat de lectura\" \/>\n\t<meta name=\"twitter:data1\" content=\"2 minuts\" \/>\n<script type=\"application\/ld+json\" class=\"yoast-schema-graph\">{\"@context\":\"https:\/\/schema.org\",\"@graph\":[{\"@type\":\"WebPage\",\"@id\":\"https:\/\/www.academia-barcelona.com\/ca\/cursos-dalemany\/curs-de-conversa-en-alemany\/\",\"url\":\"https:\/\/www.academia-barcelona.com\/ca\/cursos-dalemany\/curs-de-conversa-en-alemany\/\",\"name\":\"Curs de conversa en alemany in Barcelona\",\"isPartOf\":{\"@id\":\"https:\/\/www.academia-barcelona.com\/#website\"},\"datePublished\":\"2016-03-07T17:07:35+00:00\",\"dateModified\":\"2017-05-08T12:07:00+00:00\",\"description\":\"A Clase Barcelona oferim un curs d'alemany de conversa perqu\u00e8 sabem que el que m\u00e9s costa a l'aprendre un nou idioma \u00e9s parlar sense por ni vergonya.\",\"breadcrumb\":{\"@id\":\"https:\/\/www.academia-barcelona.com\/ca\/cursos-dalemany\/curs-de-conversa-en-alemany\/#breadcrumb\"},\"inLanguage\":\"ca\",\"potentialAction\":[{\"@type\":\"ReadAction\",\"target\":[\"https:\/\/www.academia-barcelona.com\/ca\/cursos-dalemany\/curs-de-conversa-en-alemany\/\"]}]},{\"@type\":\"BreadcrumbList\",\"@id\":\"https:\/\/www.academia-barcelona.com\/ca\/cursos-dalemany\/curs-de-conversa-en-alemany\/#breadcrumb\",\"itemListElement\":[{\"@type\":\"ListItem\",\"position\":1,\"name\":\"Cursos d\u2019alemany\",\"item\":\"https:\/\/www.academia-barcelona.com\/ca\/cursos-dalemany\/\"},{\"@type\":\"ListItem\",\"position\":2,\"name\":\"Curs de conversa en alemany\"}]},{\"@type\":\"WebSite\",\"@id\":\"https:\/\/www.academia-barcelona.com\/#website\",\"url\":\"https:\/\/www.academia-barcelona.com\/\",\"name\":\"\",\"description\":\"\",\"potentialAction\":[{\"@type\":\"SearchAction\",\"target\":{\"@type\":\"EntryPoint\",\"urlTemplate\":\"https:\/\/www.academia-barcelona.com\/?s={search_term_string}\"},\"query-input\":{\"@type\":\"PropertyValueSpecification\",\"valueRequired\":true,\"valueName\":\"search_term_string\"}}],\"inLanguage\":\"ca\"}]}<\/script>\n<!-- \/ Yoast SEO plugin. -->","yoast_head_json":{"title":"Curs de conversa en alemany in Barcelona","description":"A Clase Barcelona oferim un curs d'alemany de conversa perqu\u00e8 sabem que el que m\u00e9s costa a l'aprendre un nou idioma \u00e9s parlar sense por ni vergonya.","robots":{"index":"index","follow":"follow","max-snippet":"max-snippet:-1","max-image-preview":"max-image-preview:large","max-video-preview":"max-video-preview:-1"},"canonical":"https:\/\/www.academia-barcelona.com\/ca\/cursos-dalemany\/curs-de-conversa-en-alemany\/","og_locale":"ca_ES","og_type":"article","og_title":"Curs de conversa en alemany in Barcelona","og_description":"A Clase Barcelona oferim un curs d'alemany de conversa perqu\u00e8 sabem que el que m\u00e9s costa a l'aprendre un nou idioma \u00e9s parlar sense por ni vergonya.","og_url":"https:\/\/www.academia-barcelona.com\/ca\/cursos-dalemany\/curs-de-conversa-en-alemany\/","article_modified_time":"2017-05-08T12:07:00+00:00","twitter_card":"summary_large_image","twitter_misc":{"Temps estimat de lectura":"2 minuts"},"schema":{"@context":"https:\/\/schema.org","@graph":[{"@type":"WebPage","@id":"https:\/\/www.academia-barcelona.com\/ca\/cursos-dalemany\/curs-de-conversa-en-alemany\/","url":"https:\/\/www.academia-barcelona.com\/ca\/cursos-dalemany\/curs-de-conversa-en-alemany\/","name":"Curs de conversa en alemany in Barcelona","isPartOf":{"@id":"https:\/\/www.academia-barcelona.com\/#website"},"datePublished":"2016-03-07T17:07:35+00:00","dateModified":"2017-05-08T12:07:00+00:00","description":"A Clase Barcelona oferim un curs d'alemany de conversa perqu\u00e8 sabem que el que m\u00e9s costa a l'aprendre un nou idioma \u00e9s parlar sense por ni vergonya.","breadcrumb":{"@id":"https:\/\/www.academia-barcelona.com\/ca\/cursos-dalemany\/curs-de-conversa-en-alemany\/#breadcrumb"},"inLanguage":"ca","potentialAction":[{"@type":"ReadAction","target":["https:\/\/www.academia-barcelona.com\/ca\/cursos-dalemany\/curs-de-conversa-en-alemany\/"]}]},{"@type":"BreadcrumbList","@id":"https:\/\/www.academia-barcelona.com\/ca\/cursos-dalemany\/curs-de-conversa-en-alemany\/#breadcrumb","itemListElement":[{"@type":"ListItem","position":1,"name":"Cursos d\u2019alemany","item":"https:\/\/www.academia-barcelona.com\/ca\/cursos-dalemany\/"},{"@type":"ListItem","position":2,"name":"Curs de conversa en alemany"}]},{"@type":"WebSite","@id":"https:\/\/www.academia-barcelona.com\/#website","url":"https:\/\/www.academia-barcelona.com\/","name":"","description":"","potentialAction":[{"@type":"SearchAction","target":{"@type":"EntryPoint","urlTemplate":"https:\/\/www.academia-barcelona.com\/?s={search_term_string}"},"query-input":{"@type":"PropertyValueSpecification","valueRequired":true,"valueName":"search_term_string"}}],"inLanguage":"ca"}]}},"_links":{"self":[{"href":"https:\/\/www.academia-barcelona.com\/ca\/wp-json\/wp\/v2\/pages\/1385","targetHints":{"allow":["GET"]}}],"collection":[{"href":"https:\/\/www.academia-barcelona.com\/ca\/wp-json\/wp\/v2\/pages"}],"about":[{"href":"https:\/\/www.academia-barcelona.com\/ca\/wp-json\/wp\/v2\/types\/page"}],"author":[{"embeddable":true,"href":"https:\/\/www.academia-barcelona.com\/ca\/wp-json\/wp\/v2\/users\/3"}],"replies":[{"embeddable":true,"href":"https:\/\/www.academia-barcelona.com\/ca\/wp-json\/wp\/v2\/comments?post=1385"}],"version-history":[{"count":9,"href":"https:\/\/www.academia-barcelona.com\/ca\/wp-json\/wp\/v2\/pages\/1385\/revisions"}],"predecessor-version":[{"id":9083,"href":"https:\/\/www.academia-barcelona.com\/ca\/wp-json\/wp\/v2\/pages\/1385\/revisions\/9083"}],"up":[{"embeddable":true,"href":"https:\/\/www.academia-barcelona.com\/ca\/wp-json\/wp\/v2\/pages\/1383"}],"wp:attachment":[{"href":"https:\/\/www.academia-barcelona.com\/ca\/wp-json\/wp\/v2\/media?parent=1385"}],"curies":[{"name":"wp","href":"https:\/\/api.w.org\/{rel}","templated":true}]}}