{"id":1383,"date":"2016-03-07T17:07:25","date_gmt":"2016-03-07T17:07:25","guid":{"rendered":"http:\/\/www.barcelona-sprachschule.de\/ca\/?page_id=1383"},"modified":"2021-11-04T20:03:33","modified_gmt":"2021-11-04T20:03:33","slug":"cursos-dalemany","status":"publish","type":"page","link":"https:\/\/www.academia-barcelona.com\/ca\/cursos-dalemany\/","title":{"rendered":"Cursos d\u2019alemany"},"content":{"rendered":"<p>[vc_row css=&#8221;.vc_custom_1636056093524{margin-top: 25px !important;}&#8221;][vc_column][vc_column_text]<\/p>\n<h1>Cursos d&#8217;alemany a Barcelona<\/h1>\n<p>Els <strong>cursos d&#8217;alemany<\/strong> son la nostra especialitat! A Clase Barcelona Language School trobar\u00e0s varietat de cursos de diferents nivells. Gr\u00e0cies als nostres professors nadius i la metodologia apresa rere molts anys d&#8217;experi\u00e8ncia, aprendre alemany a la nostra acad\u00e8mia d&#8217;idiomes Clase Barcelona \u00e9s f\u00e0cil i efica\u00e7!<\/p>\n<p>Tria el curs que s&#8217;adapti m\u00e9s a les teves necessitats i objectius, o <a href=\"mailto:info@clase-barcelona.com\" target=\"_blank\" rel=\"noopener noreferrer\">consulta amb nosaltres<\/a> quina \u00e9s la millor opci\u00f3 per aprendre alemany. A Clase Barcelona Language School som flexibles i t&#8217;oferim cursos personalitzats, amb varietat d&#8217;horaris per triar, professors natius, metodologia basada en la comunicaci\u00f3 i sempre seguint els est\u00e0ndards del Marc Europeu de Refer\u00e8ncia per a les Lleng\u00fces.[\/vc_column_text][\/vc_column][\/vc_row][vc_row][vc_column][vc_column_text]<\/p>\n<h2>OFERTA ESPECIAL ABRIL I MAIG 2019!<\/h2>\n<h3>Classes particulars d&#8217;angl\u00e8s<\/h3>\n<h4>Dues modalitats: individuals o en parella<\/h4>\n<h4>Pack de 20 hores a 499- o 25 hores per 599-<\/h4>\n<h4>Horari flexible, matins o tardes<\/h4>\n<p><strong>Aquesta \u00e9s l&#8217;oferta del mes a la nostra acad\u00e8mia alemanya!<\/strong><\/p>\n<p>1. Curs<strong>\u00a0intensiu<\/strong> d\u2019alemany inicial- (Nivell A1)<\/p>\n<p>Inici: dilluns 25 de mar\u00e7 (queden 2 places)<br \/>\nModalitat: de dilluns a divendres, 1,5 h. cada dia en minigrup<br \/>\nHorari: de 10 a 11.30h. del mat\u00ed<br \/>\nPreu: 399,-*\/al mes<\/p>\n<p>2.\u00a0<strong>Curs intensiu d\u2019alemany intermig (A2.2)<\/strong><\/p>\n<p>Inici: dilluns 25 de mar\u00e7 (queden 4 places)<br \/>\nModalitat: de dilluns a divendres<br \/>\nHorari: de 15:00 a 16:30h.<br \/>\nPreu: 399,-*\/per mes<\/p>\n<p><strong>3 . Curs\u00a0extensiu d\u2019alemany inicial \u2013 (Nivell A1)<\/strong><\/p>\n<p>Inici: dilluns 25 de mar\u00e7 (queda 1 pla\u00e7a)<br \/>\nModalitat: dilluns i dimecres<br \/>\nHorari: 19:00 \u2013 20:30<\/p>\n<p>Preu: 149,-*\/per mes<\/p>\n<p><strong>4. Curs extensiu d\u2019alemany inicial \u2013\u00a0 amb alguns coneixements previs (A1.2)<\/strong><\/p>\n<p>Inici: dilluns 25 de mar\u00e7 (queden 4 places)<br \/>\nModalitat: dilluns i dimecres<\/p>\n<p>Horari: de 17.30h a 19.00h.<br \/>\nPreu:\u00a0 149- \/ mes o 445- \/trimestre<\/p>\n<p>1 trimestre= 24 classes<\/p>\n<p>5. Curs <strong>extensiu\u00a0<\/strong>d\u2019alemany inicial (A1) \u2013\u00a0 RESERVA LA TEVA PLA\u00c7A!-<\/p>\n<p>Inici: divendres 29 de mar\u00e7<br \/>\nModalitat: divendres, 3h\/en mini grup<br \/>\nHorari: de 14 a 17h.<\/p>\n<p>Preu: 149,- *\/mes<\/p>\n<h4>6. Curs\u00a0<strong>extensiu\u00a0<\/strong>d\u2019alemany (B1) -per estudiants de nivell avan\u00e7at -queda 1 pla\u00e7a!-<\/h4>\n<p>Inici: dimarts 26 de mar\u00e7<\/p>\n<p>Modalitat: dimarts i dijous , 1,5h\/d\u00eda<br \/>\nHoraris: de 19.00 \u2013 20.30 h.<\/p>\n<p>Preu: 149,- *\/mes<\/p>\n<p><strong>7) Classes extraescolars per nens! Encara ets a temps per inscriure el teu fill a classes d\u2019idiomes!<\/strong><\/p>\n<p>Duraci\u00f3: tot el curs escolar, fins al juny<\/p>\n<p>Horari: a partir de les 16:30 de la tarda<\/p>\n<p>Idiomes: alemany i angl\u00e8s<\/p>\n<p>Rep\u00e0s escolar, classes divertides, manualitats, can\u00e7ons, jocs, immersi\u00f3 a l\u2019alemany o angl\u00e8s.<\/p>\n<p>Pagament per trimestres.<\/p>\n<p>Monitores biling\u00fces i din\u00e0miques<\/p>\n<p>Nens i adolescents entre 8 i 16 anys<\/p>\n<p><a href=\"mailto:info@clase-barcelona.com\">Contacte amb nosaltres<\/a> o truqueu-nos al 933.019.260.[\/vc_column_text][\/vc_column][\/vc_row]<\/p>\n","protected":false},"excerpt":{"rendered":"<p>[vc_row css=&#8221;.vc_custom_1636056093524{margin-top: 25px !important;}&#8221;][vc_column][vc_column_text] Cursos d&#8217;alemany a Barcelona Els cursos d&#8217;alemany son la nostra especialitat! A Clase Barcelona Language School trobar\u00e0s varietat de cursos de diferents nivells. Gr\u00e0cies als nostres professors nadius i la metodologia apresa rere molts anys d&#8217;experi\u00e8ncia, aprendre alemany a la nostra acad\u00e8mia d&#8217;idiomes Clase Barcelona \u00e9s f\u00e0cil i efica\u00e7! Tria el&hellip; <a class=\"read-more\" href=\"https:\/\/www.academia-barcelona.com\/ca\/cursos-dalemany\/\" title=\"Read Cursos d\u2019alemany\">Read more &raquo;<\/a><\/p>\n","protected":false},"author":3,"featured_media":0,"parent":0,"menu_order":0,"comment_status":"closed","ping_status":"closed","template":"","meta":{"footnotes":""},"class_list":["post-1383","page","type-page","status-publish","hentry"],"yoast_head":"<!-- This site is optimized with the Yoast SEO plugin v27.1.1 - https:\/\/yoast.com\/product\/yoast-seo-wordpress\/ -->\n<title>Cursos d&#039;alemany a Clase Barcelona Language School<\/title>\n<meta name=\"description\" content=\"Els cursos d&#039;alemany son la nostra especialitat a Clase Barcelona Language School. Podr\u00e0s triar entre cursos intensius, particulars, en parella...\" \/>\n<meta name=\"robots\" content=\"index, follow, max-snippet:-1, max-image-preview:large, max-video-preview:-1\" \/>\n<link rel=\"canonical\" href=\"https:\/\/www.academia-barcelona.com\/ca\/cursos-dalemany\/\" \/>\n<meta property=\"og:locale\" content=\"ca_ES\" \/>\n<meta property=\"og:type\" content=\"article\" \/>\n<meta property=\"og:title\" content=\"Cursos d&#039;alemany a Clase Barcelona Language School\" \/>\n<meta property=\"og:description\" content=\"Els cursos d&#039;alemany son la nostra especialitat a Clase Barcelona Language School. Podr\u00e0s triar entre cursos intensius, particulars, en parella...\" \/>\n<meta property=\"og:url\" content=\"https:\/\/www.academia-barcelona.com\/ca\/cursos-dalemany\/\" \/>\n<meta property=\"article:modified_time\" content=\"2021-11-04T20:03:33+00:00\" \/>\n<meta name=\"twitter:card\" content=\"summary_large_image\" \/>\n<meta name=\"twitter:label1\" content=\"Temps estimat de lectura\" \/>\n\t<meta name=\"twitter:data1\" content=\"2 minuts\" \/>\n<script type=\"application\/ld+json\" class=\"yoast-schema-graph\">{\"@context\":\"https:\/\/schema.org\",\"@graph\":[{\"@type\":\"WebPage\",\"@id\":\"https:\/\/www.academia-barcelona.com\/ca\/cursos-dalemany\/\",\"url\":\"https:\/\/www.academia-barcelona.com\/ca\/cursos-dalemany\/\",\"name\":\"Cursos d'alemany a Clase Barcelona Language School\",\"isPartOf\":{\"@id\":\"https:\/\/www.academia-barcelona.com\/#website\"},\"datePublished\":\"2016-03-07T17:07:25+00:00\",\"dateModified\":\"2021-11-04T20:03:33+00:00\",\"description\":\"Els cursos d'alemany son la nostra especialitat a Clase Barcelona Language School. Podr\u00e0s triar entre cursos intensius, particulars, en parella...\",\"inLanguage\":\"ca\",\"potentialAction\":[{\"@type\":\"ReadAction\",\"target\":[\"https:\/\/www.academia-barcelona.com\/ca\/cursos-dalemany\/\"]}]},{\"@type\":\"WebSite\",\"@id\":\"https:\/\/www.academia-barcelona.com\/#website\",\"url\":\"https:\/\/www.academia-barcelona.com\/\",\"name\":\"\",\"description\":\"\",\"potentialAction\":[{\"@type\":\"SearchAction\",\"target\":{\"@type\":\"EntryPoint\",\"urlTemplate\":\"https:\/\/www.academia-barcelona.com\/?s={search_term_string}\"},\"query-input\":{\"@type\":\"PropertyValueSpecification\",\"valueRequired\":true,\"valueName\":\"search_term_string\"}}],\"inLanguage\":\"ca\"}]}<\/script>\n<!-- \/ Yoast SEO plugin. -->","yoast_head_json":{"title":"Cursos d'alemany a Clase Barcelona Language School","description":"Els cursos d'alemany son la nostra especialitat a Clase Barcelona Language School. Podr\u00e0s triar entre cursos intensius, particulars, en parella...","robots":{"index":"index","follow":"follow","max-snippet":"max-snippet:-1","max-image-preview":"max-image-preview:large","max-video-preview":"max-video-preview:-1"},"canonical":"https:\/\/www.academia-barcelona.com\/ca\/cursos-dalemany\/","og_locale":"ca_ES","og_type":"article","og_title":"Cursos d'alemany a Clase Barcelona Language School","og_description":"Els cursos d'alemany son la nostra especialitat a Clase Barcelona Language School. Podr\u00e0s triar entre cursos intensius, particulars, en parella...","og_url":"https:\/\/www.academia-barcelona.com\/ca\/cursos-dalemany\/","article_modified_time":"2021-11-04T20:03:33+00:00","twitter_card":"summary_large_image","twitter_misc":{"Temps estimat de lectura":"2 minuts"},"schema":{"@context":"https:\/\/schema.org","@graph":[{"@type":"WebPage","@id":"https:\/\/www.academia-barcelona.com\/ca\/cursos-dalemany\/","url":"https:\/\/www.academia-barcelona.com\/ca\/cursos-dalemany\/","name":"Cursos d'alemany a Clase Barcelona Language School","isPartOf":{"@id":"https:\/\/www.academia-barcelona.com\/#website"},"datePublished":"2016-03-07T17:07:25+00:00","dateModified":"2021-11-04T20:03:33+00:00","description":"Els cursos d'alemany son la nostra especialitat a Clase Barcelona Language School. Podr\u00e0s triar entre cursos intensius, particulars, en parella...","inLanguage":"ca","potentialAction":[{"@type":"ReadAction","target":["https:\/\/www.academia-barcelona.com\/ca\/cursos-dalemany\/"]}]},{"@type":"WebSite","@id":"https:\/\/www.academia-barcelona.com\/#website","url":"https:\/\/www.academia-barcelona.com\/","name":"","description":"","potentialAction":[{"@type":"SearchAction","target":{"@type":"EntryPoint","urlTemplate":"https:\/\/www.academia-barcelona.com\/?s={search_term_string}"},"query-input":{"@type":"PropertyValueSpecification","valueRequired":true,"valueName":"search_term_string"}}],"inLanguage":"ca"}]}},"_links":{"self":[{"href":"https:\/\/www.academia-barcelona.com\/ca\/wp-json\/wp\/v2\/pages\/1383","targetHints":{"allow":["GET"]}}],"collection":[{"href":"https:\/\/www.academia-barcelona.com\/ca\/wp-json\/wp\/v2\/pages"}],"about":[{"href":"https:\/\/www.academia-barcelona.com\/ca\/wp-json\/wp\/v2\/types\/page"}],"author":[{"embeddable":true,"href":"https:\/\/www.academia-barcelona.com\/ca\/wp-json\/wp\/v2\/users\/3"}],"replies":[{"embeddable":true,"href":"https:\/\/www.academia-barcelona.com\/ca\/wp-json\/wp\/v2\/comments?post=1383"}],"version-history":[{"count":19,"href":"https:\/\/www.academia-barcelona.com\/ca\/wp-json\/wp\/v2\/pages\/1383\/revisions"}],"predecessor-version":[{"id":13722,"href":"https:\/\/www.academia-barcelona.com\/ca\/wp-json\/wp\/v2\/pages\/1383\/revisions\/13722"}],"wp:attachment":[{"href":"https:\/\/www.academia-barcelona.com\/ca\/wp-json\/wp\/v2\/media?parent=1383"}],"curies":[{"name":"wp","href":"https:\/\/api.w.org\/{rel}","templated":true}]}}