{"id":1381,"date":"2016-03-07T17:06:25","date_gmt":"2016-03-07T17:06:25","guid":{"rendered":"http:\/\/www.barcelona-sprachschule.de\/ca\/?page_id=1381"},"modified":"2021-11-04T21:48:13","modified_gmt":"2021-11-04T21:48:13","slug":"cursos-didiomes","status":"publish","type":"page","link":"https:\/\/www.academia-barcelona.com\/ca\/cursos-didiomes\/","title":{"rendered":"Cursos d\u2019idiomes"},"content":{"rendered":"<p>[vc_row css=&#8221;.vc_custom_1635930039662{margin-top: 25px !important;padding-bottom: 30px !important;}&#8221;][vc_column][vc_column_text]<\/p>\n<h1>Els nostres cursos d&#8217;idiomes a Barcelona<\/h1>\n<p>Parlar idiomes \u00e9s una necessitat indiscutible. De manera que els cursos d&#8217;idiomes son una eina per tothom qui vulgui millorar el seu nivell o aprendre un idioma nou. Ja sigui per estudis, per viatjar a l&#8217;estranger o per feina, els cursos d&#8217;idiomes (alemany, angl\u00e8s, franc\u00e8s, itali\u00e0) potser una gran inversi\u00f3 en el teu futur.<\/p>\n<h2>Experi\u00e8ncia:<\/h2>\n<p>A Clase Barcelona Language School tenim una ampla experi\u00e8ncia d&#8217;ensenayment de diferents lleng\u00fces. La nostra tasca \u00e9s oferir cursos d&#8217;idiomes pr\u00e0ctics, personalitzats, comunicatius. I tenim experi\u00e8ncia, especialment, en l&#8217;alemany.[\/vc_column_text][\/vc_column][\/vc_row][vc_row][vc_column][vc_column_text]<strong>1) \u00a1NOU! CURS INTENSIU INICIAL -per principiants SENSE coneixements previs- Curs d&#8217;alemany inicial (A1) MATR\u00cdCULA OBERTA!<\/strong><\/p>\n<ul>\n<li>Inici: dilluns 9 de mar\u00e7 (queden 3 places)<\/li>\n<li>Modalitat: de dilluns a divendres en minigrup<\/li>\n<li>Horari: per la tarda<\/li>\n<li>Preu: 399,- \/ mes<\/li>\n<li>* + Matr\u00edcula: 36,-<\/li>\n<\/ul>\n<p><strong>2) CURS INTENSIU INICIAL -per principiants amb coneixements previs- Curs d&#8217;alemany inicial (A1.2)<\/strong><\/p>\n<p>&nbsp;<\/p>\n<ul>\n<li>Inici: dilluns 2 mar\u00e7 (queden 3 places)<\/li>\n<li>Modalitat: de dilluns a divendres en minigrup<\/li>\n<li>Horari: de 18.30 a 20.30 de la tarda<\/li>\n<li>Preu: 399,- \/ per tres setmanes<\/li>\n<li>* + Matr\u00edcula: 36,-<\/li>\n<\/ul>\n<p><strong>3) CURS SEMI &#8211; INTENSIU &#8211; NIVELL B1\u00a0<\/strong><\/p>\n<ul>\n<li>Inici: dilluns 2 mar\u00e7 (queden 3 places)<\/li>\n<li>Modalitat: tres dies a la setmana, en minigrup<\/li>\n<li>Horari: de 9.30 a 11.00h.<\/li>\n<li>Preu: 359,- \/ mes<\/li>\n<li>* + Matr\u00edcula: 36,-<\/li>\n<\/ul>\n<p><strong>4) CURS EXTENSIU INICIAL Curs d&#8217;alemany inicial (A1.2)<\/strong><\/p>\n<ul>\n<li>Inici: dilluns 2 de mar\u00e7 (queden 2 places)<\/li>\n<li>Modalitat: dilluns i dimecres<\/li>\n<li>Horari: de 19.00 a 20.30h.<\/li>\n<li>Preu: 149,- \/ mes<\/li>\n<li>* + Matr\u00edcula: 36,-<\/li>\n<\/ul>\n<p>[\/vc_column_text][vc_column_text]<strong>5) Curs extensiu d&#8217;alemany b\u00e0sic\/ intermig (A2)<\/strong><\/p>\n<ul>\n<li>Inici: dilluns 2 mar\u00e7 (queden 4 places)<\/li>\n<li>Modalitat: dilluns i dimecres, en minigrup<\/li>\n<li>Horari: 19:15h &#8211; 20:45h.<\/li>\n<li>Preu: 149,- \/ mes<\/li>\n<li>* + Matr\u00edcula: 36,-<\/li>\n<\/ul>\n<p>[\/vc_column_text][vc_column_text]<strong>6) Curs per joves d&#8217;alemany b\u00e0sic\/ intermig (Deutsch f\u00fcr Jugendliche A2)<\/strong><\/p>\n<ul>\n<li>Inici: divendres 6 de mar\u00e7 (queden 2 places)<\/li>\n<li>Modalitat: de 13 a 17 anys, en minigrup<\/li>\n<li>Horari: 15.45 a 17.15h.<\/li>\n<li>Preu: 79,- \/ mes<\/li>\n<li>* + Matr\u00edcula: 36,-<\/li>\n<\/ul>\n<p>[\/vc_column_text][vc_column_text][\/vc_column_text][vc_column_text][\/vc_column_text][\/vc_column][\/vc_row][vc_row][vc_column][vc_column_text]<\/p>\n<h2>Som especialistes en l&#8217;aprenentatge d&#8217;alemany:<\/h2>\n<p>Mentre que aprendre un idioma nou pot semblar dif\u00edcil, la nostra traject\u00f2ria ens ha demostrat que tothom pot fer-ho. D&#8217;aquesta manera, la <a href=\"file:\/\/\/%3Fpage_id=1502\">metodologia<\/a> dels nostres cursos d&#8217;idiomes t&#8217;ajudar\u00e0 a assolir el nivell que desitges.<\/p>\n<h3>Objectius:<\/h3>\n<p>Els objectius dels cursos d&#8217;idiomes s&#8217;estableixen en grup o individualment, segons les necessitats, el temps disponible i les prefer\u00e8ncies de l&#8217;alumne. En primer lloc, perque la nostra formaci\u00f3 \u00e9s activa, pr\u00e0ctica, i centrada en la comunicaci\u00f3. En segon lloc, les classes es desenvolupen a un entorn agradable i lliure d&#8217;estr\u00e8s.<\/p>\n<p>A m\u00e9s a m\u00e9s, l&#8217;aprenentatge de la gram\u00e0tica s&#8217;adapta a les necessitats particulars de l&#8217;alumne (en cas d&#8217;aprendre l&#8217;idioma per fer turisme, probablement no es requeriran coneixements tan profunds de la gram\u00e0tica).<\/p>\n<p>Donat la import\u00e0ncia de aprendre alguna cosa m\u00e9s que la llengua, fomentem la sensibilitat i toler\u00e0ncia per les trobades interculturals. D&#8217;aquesta manera, tamb\u00e9 ensenyem les frases idiom\u00e0tiques m\u00e9s habituals acompanyades tamb\u00e9 de la seva gesticulaci\u00f3 caracter\u00edstica, ja que creiem fonamental entendre la comunicaci\u00f3 no verbal.<\/p>\n<p>D&#8217;aquesta manera, ensenyem a l&#8217;alumne a interpretar correctament la manera de comportar-se dels nadius i en segons quins casos, aprendre a preveure-la, oferint estrat\u00e8gies per a una bona comunicaci\u00f3 amb l&#8217;idioma estranger aix\u00ed com per fer front a situacions de conflicte t\u00edpiques.<\/p>\n<p>Fomentem l&#8217;adquisici\u00f3 de compet\u00e8ncies interculturals. En resum, preparem a les empreses per a una cooperaci\u00f3 efica\u00e7 en grups de treball interculturals.<\/p>\n<h3>Estil de vida:<\/h3>\n<p>Tamb\u00e9 es podran tractar temes de cultura, pol\u00edtica, l&#8217;estructura familiar, hist\u00f2ria, religi\u00f3, lleis, etc. del pa\u00eds estranger, ja que volem donar a con\u00e8ixer com \u00e9s la seva gent i el seu estil de vida. A m\u00e9s oferim adreces \u00fatils i contactes a l&#8217;estranger a petici\u00f3 de l&#8217;alumne.[\/vc_column_text][\/vc_column][\/vc_row]<\/p>\n","protected":false},"excerpt":{"rendered":"<p>[vc_row css=&#8221;.vc_custom_1635930039662{margin-top: 25px !important;padding-bottom: 30px !important;}&#8221;][vc_column][vc_column_text] Els nostres cursos d&#8217;idiomes a Barcelona Parlar idiomes \u00e9s una necessitat indiscutible. De manera que els cursos d&#8217;idiomes son una eina per tothom qui vulgui millorar el seu nivell o aprendre un idioma nou. Ja sigui per estudis, per viatjar a l&#8217;estranger o per feina, els cursos d&#8217;idiomes (alemany,&hellip; <a class=\"read-more\" href=\"https:\/\/www.academia-barcelona.com\/ca\/cursos-didiomes\/\" title=\"Read Cursos d\u2019idiomes\">Read more &raquo;<\/a><\/p>\n","protected":false},"author":3,"featured_media":0,"parent":0,"menu_order":0,"comment_status":"closed","ping_status":"closed","template":"","meta":{"footnotes":""},"class_list":["post-1381","page","type-page","status-publish","hentry"],"yoast_head":"<!-- This site is optimized with the Yoast SEO plugin v27.1.1 - https:\/\/yoast.com\/product\/yoast-seo-wordpress\/ -->\n<title>Els nostres cursos d&#039;idiomes a Clase Barcelona Language School<\/title>\n<meta name=\"description\" content=\"Els cursos d&#039;idiomes a la acad\u00e8mia Clase Barcelona Language School tenen en compte els objectius i necessitats dels alumnes.\" \/>\n<meta name=\"robots\" content=\"index, follow, max-snippet:-1, max-image-preview:large, max-video-preview:-1\" \/>\n<link rel=\"canonical\" href=\"https:\/\/www.academia-barcelona.com\/ca\/cursos-didiomes\/\" \/>\n<meta property=\"og:locale\" content=\"ca_ES\" \/>\n<meta property=\"og:type\" content=\"article\" \/>\n<meta property=\"og:title\" content=\"Els nostres cursos d&#039;idiomes a Clase Barcelona Language School\" \/>\n<meta property=\"og:description\" content=\"Els cursos d&#039;idiomes a la acad\u00e8mia Clase Barcelona Language School tenen en compte els objectius i necessitats dels alumnes.\" \/>\n<meta property=\"og:url\" content=\"https:\/\/www.academia-barcelona.com\/ca\/cursos-didiomes\/\" \/>\n<meta property=\"article:modified_time\" content=\"2021-11-04T21:48:13+00:00\" \/>\n<meta name=\"twitter:card\" content=\"summary_large_image\" \/>\n<meta name=\"twitter:label1\" content=\"Temps estimat de lectura\" \/>\n\t<meta name=\"twitter:data1\" content=\"3 minuts\" \/>\n<script type=\"application\/ld+json\" class=\"yoast-schema-graph\">{\"@context\":\"https:\/\/schema.org\",\"@graph\":[{\"@type\":\"WebPage\",\"@id\":\"https:\/\/www.academia-barcelona.com\/ca\/cursos-didiomes\/\",\"url\":\"https:\/\/www.academia-barcelona.com\/ca\/cursos-didiomes\/\",\"name\":\"Els nostres cursos d'idiomes a Clase Barcelona Language School\",\"isPartOf\":{\"@id\":\"https:\/\/www.academia-barcelona.com\/#website\"},\"datePublished\":\"2016-03-07T17:06:25+00:00\",\"dateModified\":\"2021-11-04T21:48:13+00:00\",\"description\":\"Els cursos d'idiomes a la acad\u00e8mia Clase Barcelona Language School tenen en compte els objectius i necessitats dels alumnes.\",\"inLanguage\":\"ca\",\"potentialAction\":[{\"@type\":\"ReadAction\",\"target\":[\"https:\/\/www.academia-barcelona.com\/ca\/cursos-didiomes\/\"]}]},{\"@type\":\"WebSite\",\"@id\":\"https:\/\/www.academia-barcelona.com\/#website\",\"url\":\"https:\/\/www.academia-barcelona.com\/\",\"name\":\"\",\"description\":\"\",\"potentialAction\":[{\"@type\":\"SearchAction\",\"target\":{\"@type\":\"EntryPoint\",\"urlTemplate\":\"https:\/\/www.academia-barcelona.com\/?s={search_term_string}\"},\"query-input\":{\"@type\":\"PropertyValueSpecification\",\"valueRequired\":true,\"valueName\":\"search_term_string\"}}],\"inLanguage\":\"ca\"}]}<\/script>\n<!-- \/ Yoast SEO plugin. -->","yoast_head_json":{"title":"Els nostres cursos d'idiomes a Clase Barcelona Language School","description":"Els cursos d'idiomes a la acad\u00e8mia Clase Barcelona Language School tenen en compte els objectius i necessitats dels alumnes.","robots":{"index":"index","follow":"follow","max-snippet":"max-snippet:-1","max-image-preview":"max-image-preview:large","max-video-preview":"max-video-preview:-1"},"canonical":"https:\/\/www.academia-barcelona.com\/ca\/cursos-didiomes\/","og_locale":"ca_ES","og_type":"article","og_title":"Els nostres cursos d'idiomes a Clase Barcelona Language School","og_description":"Els cursos d'idiomes a la acad\u00e8mia Clase Barcelona Language School tenen en compte els objectius i necessitats dels alumnes.","og_url":"https:\/\/www.academia-barcelona.com\/ca\/cursos-didiomes\/","article_modified_time":"2021-11-04T21:48:13+00:00","twitter_card":"summary_large_image","twitter_misc":{"Temps estimat de lectura":"3 minuts"},"schema":{"@context":"https:\/\/schema.org","@graph":[{"@type":"WebPage","@id":"https:\/\/www.academia-barcelona.com\/ca\/cursos-didiomes\/","url":"https:\/\/www.academia-barcelona.com\/ca\/cursos-didiomes\/","name":"Els nostres cursos d'idiomes a Clase Barcelona Language School","isPartOf":{"@id":"https:\/\/www.academia-barcelona.com\/#website"},"datePublished":"2016-03-07T17:06:25+00:00","dateModified":"2021-11-04T21:48:13+00:00","description":"Els cursos d'idiomes a la acad\u00e8mia Clase Barcelona Language School tenen en compte els objectius i necessitats dels alumnes.","inLanguage":"ca","potentialAction":[{"@type":"ReadAction","target":["https:\/\/www.academia-barcelona.com\/ca\/cursos-didiomes\/"]}]},{"@type":"WebSite","@id":"https:\/\/www.academia-barcelona.com\/#website","url":"https:\/\/www.academia-barcelona.com\/","name":"","description":"","potentialAction":[{"@type":"SearchAction","target":{"@type":"EntryPoint","urlTemplate":"https:\/\/www.academia-barcelona.com\/?s={search_term_string}"},"query-input":{"@type":"PropertyValueSpecification","valueRequired":true,"valueName":"search_term_string"}}],"inLanguage":"ca"}]}},"_links":{"self":[{"href":"https:\/\/www.academia-barcelona.com\/ca\/wp-json\/wp\/v2\/pages\/1381","targetHints":{"allow":["GET"]}}],"collection":[{"href":"https:\/\/www.academia-barcelona.com\/ca\/wp-json\/wp\/v2\/pages"}],"about":[{"href":"https:\/\/www.academia-barcelona.com\/ca\/wp-json\/wp\/v2\/types\/page"}],"author":[{"embeddable":true,"href":"https:\/\/www.academia-barcelona.com\/ca\/wp-json\/wp\/v2\/users\/3"}],"replies":[{"embeddable":true,"href":"https:\/\/www.academia-barcelona.com\/ca\/wp-json\/wp\/v2\/comments?post=1381"}],"version-history":[{"count":85,"href":"https:\/\/www.academia-barcelona.com\/ca\/wp-json\/wp\/v2\/pages\/1381\/revisions"}],"predecessor-version":[{"id":13755,"href":"https:\/\/www.academia-barcelona.com\/ca\/wp-json\/wp\/v2\/pages\/1381\/revisions\/13755"}],"wp:attachment":[{"href":"https:\/\/www.academia-barcelona.com\/ca\/wp-json\/wp\/v2\/media?parent=1381"}],"curies":[{"name":"wp","href":"https:\/\/api.w.org\/{rel}","templated":true}]}}