{"id":1329,"date":"2016-03-03T16:59:54","date_gmt":"2016-03-03T16:59:54","guid":{"rendered":"http:\/\/www.barcelona-sprachschule.de\/ca\/?page_id=1329"},"modified":"2019-02-05T12:07:45","modified_gmt":"2019-02-05T12:07:45","slug":"condicions-generals","status":"publish","type":"page","link":"https:\/\/www.academia-barcelona.com\/ca\/condicions-generals\/","title":{"rendered":"Condicions Generals"},"content":{"rendered":"<p>[vc_row][vc_column][vc_column_text]<\/p>\n<h1>Les nostres condicions generals<\/h1>\n<p>Les nostres condicions generals:<\/p>\n<p>1. CLASE BARCELONA LANGUAGE SCHOOL S.L. es reserva el dret a anul\u00b7lar un curs en grup dins d&#8217;un termini de 24 hores abans del comen\u00e7ament del curs si el nombre d&#8217;estudiants \u00e9s inferior a 5 persones.<\/p>\n<p>2. Curs intensiu professional (4 hores per dia): Si el nombre d&#8217;estudiants \u00e9s inferior a 5 persones, l&#8217;escola es reserva el dret d&#8217;anul\u00b7lar el curs o reduir les hores de 4 hores per dia a 3 hores per dia amb pausa.<\/p>\n<p>3. Curs intensiu (de dilluns a divendres): Si el nombre d&#8217;estudiants \u00e9s inferior a 5 persones, les classes tindr\u00e0n una duraci\u00f3 de 1.5 hores\/ dia. Si el nombre d&#8217;estudiants \u00e9s major a 6 alumnes, s&#8217;ampliar\u00e0 l&#8217;horari a 2 hores\/ dia.<\/p>\n<p>4. El pagament per a un curs es refereix al per\u00edode contractat. Despr\u00e9s del per\u00edode pagat, l&#8217;escola es reserva el dret a modificar les condicions del curs. En el cas dels cursos intensius entenem per \u201cpagament de mensualitat\u201d 4 setmanes, \u00e9s a dir, 20 dies de classe de dilluns a divendres. L&#8217;escola no est\u00e0 obligada a recuperar els dies festius oficials.<\/p>\n<p>5. Condicions d&#8217;anul\u00b7laci\u00f3 abans de comen\u00e7ar el curs: fins a 7 (set) dies a partir de la data d&#8217;inscripci\u00f3 al curs anul\u00b7lem la inscripci\u00f3 sense cost addicional. El motiu de l&#8217;anul\u00b7laci\u00f3 s&#8217;ha de formular per escrit. Si es notifica la dimissi\u00f3 despr\u00e9s de 7 (set) dies despr\u00e9s de l&#8217;inici del curs, l&#8217;import total de la inscripci\u00f3 no ser\u00e0 reemborsat.\u00a0L&#8217;anul\u00b7laci\u00f3 del curs en cap cas es realitzar\u00e0 un cop el curs hagi comen\u00e7at.<\/p>\n<p>6. Nota important: Tot i que col\u00b7laborem amb diverses ag\u00e8ncies de treball a Alemanya, no podem garantir un lloc de treball a Alemanya. T&#8217;ajudarem amb molt de gust amb tot el que poguem i sense cost addicional.<\/p>\n<p>7. Als cursos individuals les classes perdudes per falta d&#8217;assist\u00e8ncia nom\u00e9s es podran recuperar si la falta d&#8217;assist\u00e8ncia s&#8217;avisa 24 hores abans del comen\u00e7ament de la classe. Fora d&#8217;aquest termini la classe s&#8217;anul\u00b7lar\u00e0 i haur\u00e0 de ser abonada. Les classes particulars hauran d&#8217;impartir-se dins del per\u00edode de 3 mesos. Fora d&#8217;aquest termini la classe ser\u00e0 anul\u00b7lada i acaba el dret a assist\u00e8ncia a les classes. No es reemborsar\u00e0 l&#8217;import de les hores perdudes.<\/p>\n<p>8. Les nostres proves de nivell s\u00f3n gratu\u00eftes i sense comprom\u00eds.<\/p>\n<p>9. L&#8217;import del curs haur\u00e0 de ser abonat 7 (set) dies abans de l&#8217;inici, en efectiu o per transfer\u00e8ncia banc\u00e0ria.<\/p>\n<p>10. Tot i que l&#8217;acad\u00e8mia d&#8217;idiomes CLASE BARCELONA LANGUAGE SCHOOL S.L. col\u00b7labora principalment amb professors nadius.\u00a0 Els professors imparteixen les classes majorit\u00e0riament en la llengua que s&#8217;apr\u00e8n, i no necess\u00e0riament parlen catal\u00e0 o espanyol. El participant no sempre t\u00e9 dret a un profesor de parla nativa o a un m\u00e8tode d&#8217;ensenyan\u00e7a especial.<\/p>\n<p>11. No \u00e9s possible interrompre els cursos d&#8217;idiomes en grup (intensius o extensius). La inscripci\u00f3 \u00e9s per a un per\u00edode de temps predeterminat. No es reemborsaran els diners ni s&#8217;impartir\u00e0 una classe extra per faltes d&#8217;assist\u00e8ncia.<\/p>\n<p>12. Som flexibles i sempre estem motivats per a oferir el que m\u00e9s us convingui. Parleu amb nosaltres, o <a href=\"mailto:info@clase-barcelona.es\">envieu-nos un mail. <\/a>Sempre estem a la disposici\u00f3 dels alumnes per a qualsevol consulta.[\/vc_column_text][\/vc_column][\/vc_row]<\/p>\n","protected":false},"excerpt":{"rendered":"<p>[vc_row][vc_column][vc_column_text] Les nostres condicions generals Les nostres condicions generals: 1. CLASE BARCELONA LANGUAGE SCHOOL S.L. es reserva el dret a anul\u00b7lar un curs en grup dins d&#8217;un termini de 24 hores abans del comen\u00e7ament del curs si el nombre d&#8217;estudiants \u00e9s inferior a 5 persones. 2. Curs intensiu professional (4 hores per dia): Si el&hellip; <a class=\"read-more\" href=\"https:\/\/www.academia-barcelona.com\/ca\/condicions-generals\/\" title=\"Read Condicions Generals\">Read more &raquo;<\/a><\/p>\n","protected":false},"author":3,"featured_media":0,"parent":0,"menu_order":0,"comment_status":"closed","ping_status":"closed","template":"","meta":{"footnotes":""},"class_list":["post-1329","page","type-page","status-publish","hentry"],"yoast_head":"<!-- This site is optimized with the Yoast SEO plugin v27.1.1 - https:\/\/yoast.com\/product\/yoast-seo-wordpress\/ -->\n<title>Condicions Generals escola d&#039;idiomes Barcelona<\/title>\n<meta name=\"description\" content=\"Estudia espa\u00f6ol a Barcelona. El millor ambient. Apr\u00e8n l&#039;idioma de forma r\u00e0pida i senzilla amb professors nadius i qualificats.\" \/>\n<meta name=\"robots\" content=\"index, follow, max-snippet:-1, max-image-preview:large, max-video-preview:-1\" \/>\n<link rel=\"canonical\" href=\"https:\/\/www.academia-barcelona.com\/ca\/condicions-generals\/\" \/>\n<meta property=\"og:locale\" content=\"ca_ES\" \/>\n<meta property=\"og:type\" content=\"article\" \/>\n<meta property=\"og:title\" content=\"Condicions Generals escola d&#039;idiomes Barcelona\" \/>\n<meta property=\"og:description\" content=\"Estudia espa\u00f6ol a Barcelona. El millor ambient. Apr\u00e8n l&#039;idioma de forma r\u00e0pida i senzilla amb professors nadius i qualificats.\" \/>\n<meta property=\"og:url\" content=\"https:\/\/www.academia-barcelona.com\/ca\/condicions-generals\/\" \/>\n<meta property=\"article:modified_time\" content=\"2019-02-05T12:07:45+00:00\" \/>\n<meta name=\"twitter:card\" content=\"summary_large_image\" \/>\n<meta name=\"twitter:label1\" content=\"Temps estimat de lectura\" \/>\n\t<meta name=\"twitter:data1\" content=\"3 minuts\" \/>\n<script type=\"application\/ld+json\" class=\"yoast-schema-graph\">{\"@context\":\"https:\/\/schema.org\",\"@graph\":[{\"@type\":\"WebPage\",\"@id\":\"https:\/\/www.academia-barcelona.com\/ca\/condicions-generals\/\",\"url\":\"https:\/\/www.academia-barcelona.com\/ca\/condicions-generals\/\",\"name\":\"Condicions Generals escola d'idiomes Barcelona\",\"isPartOf\":{\"@id\":\"https:\/\/www.academia-barcelona.com\/#website\"},\"datePublished\":\"2016-03-03T16:59:54+00:00\",\"dateModified\":\"2019-02-05T12:07:45+00:00\",\"description\":\"Estudia espa\u00f6ol a Barcelona. El millor ambient. Apr\u00e8n l'idioma de forma r\u00e0pida i senzilla amb professors nadius i qualificats.\",\"inLanguage\":\"ca\",\"potentialAction\":[{\"@type\":\"ReadAction\",\"target\":[\"https:\/\/www.academia-barcelona.com\/ca\/condicions-generals\/\"]}]},{\"@type\":\"WebSite\",\"@id\":\"https:\/\/www.academia-barcelona.com\/#website\",\"url\":\"https:\/\/www.academia-barcelona.com\/\",\"name\":\"\",\"description\":\"\",\"potentialAction\":[{\"@type\":\"SearchAction\",\"target\":{\"@type\":\"EntryPoint\",\"urlTemplate\":\"https:\/\/www.academia-barcelona.com\/?s={search_term_string}\"},\"query-input\":{\"@type\":\"PropertyValueSpecification\",\"valueRequired\":true,\"valueName\":\"search_term_string\"}}],\"inLanguage\":\"ca\"}]}<\/script>\n<!-- \/ Yoast SEO plugin. -->","yoast_head_json":{"title":"Condicions Generals escola d'idiomes Barcelona","description":"Estudia espa\u00f6ol a Barcelona. El millor ambient. Apr\u00e8n l'idioma de forma r\u00e0pida i senzilla amb professors nadius i qualificats.","robots":{"index":"index","follow":"follow","max-snippet":"max-snippet:-1","max-image-preview":"max-image-preview:large","max-video-preview":"max-video-preview:-1"},"canonical":"https:\/\/www.academia-barcelona.com\/ca\/condicions-generals\/","og_locale":"ca_ES","og_type":"article","og_title":"Condicions Generals escola d'idiomes Barcelona","og_description":"Estudia espa\u00f6ol a Barcelona. El millor ambient. Apr\u00e8n l'idioma de forma r\u00e0pida i senzilla amb professors nadius i qualificats.","og_url":"https:\/\/www.academia-barcelona.com\/ca\/condicions-generals\/","article_modified_time":"2019-02-05T12:07:45+00:00","twitter_card":"summary_large_image","twitter_misc":{"Temps estimat de lectura":"3 minuts"},"schema":{"@context":"https:\/\/schema.org","@graph":[{"@type":"WebPage","@id":"https:\/\/www.academia-barcelona.com\/ca\/condicions-generals\/","url":"https:\/\/www.academia-barcelona.com\/ca\/condicions-generals\/","name":"Condicions Generals escola d'idiomes Barcelona","isPartOf":{"@id":"https:\/\/www.academia-barcelona.com\/#website"},"datePublished":"2016-03-03T16:59:54+00:00","dateModified":"2019-02-05T12:07:45+00:00","description":"Estudia espa\u00f6ol a Barcelona. El millor ambient. Apr\u00e8n l'idioma de forma r\u00e0pida i senzilla amb professors nadius i qualificats.","inLanguage":"ca","potentialAction":[{"@type":"ReadAction","target":["https:\/\/www.academia-barcelona.com\/ca\/condicions-generals\/"]}]},{"@type":"WebSite","@id":"https:\/\/www.academia-barcelona.com\/#website","url":"https:\/\/www.academia-barcelona.com\/","name":"","description":"","potentialAction":[{"@type":"SearchAction","target":{"@type":"EntryPoint","urlTemplate":"https:\/\/www.academia-barcelona.com\/?s={search_term_string}"},"query-input":{"@type":"PropertyValueSpecification","valueRequired":true,"valueName":"search_term_string"}}],"inLanguage":"ca"}]}},"_links":{"self":[{"href":"https:\/\/www.academia-barcelona.com\/ca\/wp-json\/wp\/v2\/pages\/1329","targetHints":{"allow":["GET"]}}],"collection":[{"href":"https:\/\/www.academia-barcelona.com\/ca\/wp-json\/wp\/v2\/pages"}],"about":[{"href":"https:\/\/www.academia-barcelona.com\/ca\/wp-json\/wp\/v2\/types\/page"}],"author":[{"embeddable":true,"href":"https:\/\/www.academia-barcelona.com\/ca\/wp-json\/wp\/v2\/users\/3"}],"replies":[{"embeddable":true,"href":"https:\/\/www.academia-barcelona.com\/ca\/wp-json\/wp\/v2\/comments?post=1329"}],"version-history":[{"count":16,"href":"https:\/\/www.academia-barcelona.com\/ca\/wp-json\/wp\/v2\/pages\/1329\/revisions"}],"predecessor-version":[{"id":11033,"href":"https:\/\/www.academia-barcelona.com\/ca\/wp-json\/wp\/v2\/pages\/1329\/revisions\/11033"}],"wp:attachment":[{"href":"https:\/\/www.academia-barcelona.com\/ca\/wp-json\/wp\/v2\/media?parent=1329"}],"curies":[{"name":"wp","href":"https:\/\/api.w.org\/{rel}","templated":true}]}}