{"id":11217,"date":"2019-03-26T15:26:51","date_gmt":"2019-03-26T15:26:51","guid":{"rendered":"https:\/\/www.academia-barcelona.com\/?page_id=11217"},"modified":"2021-11-04T21:56:20","modified_gmt":"2021-11-04T21:56:20","slug":"cursos-dalemany-subvencionats","status":"publish","type":"page","link":"https:\/\/www.academia-barcelona.com\/ca\/cursos-dalemany-subvencionats\/","title":{"rendered":"Cursos d&#8217;alemany subvencionats"},"content":{"rendered":"<h1>Cursos d&#8217;alemany subvencionats:\u00a0&#8220;Your first EURES job\u201d y \u201cReactivate!\u201d<\/h1>\n<p>Desde la Uni\u00f3 Europea es fomenta la mobilitat laboral per diferents perfils de treballadors i s&#8217;ofereixen cursos d&#8217;alemany subvencionats. Actualment, el programa EURES assesora aquells sol\u00b7licitants de feina que necessiten aprendre un idioma per anar a treballar a altres pa\u00efssos.<\/p>\n<p><span style=\"color: #626262;\"><span style=\"font-family: Open Sans, sans-serif;\"><span style=\"font-size: small;\">B\u00e0sicament hi ha dos programes, depenent del perfil i la edat: \u201cYour first EURES job\u201d i \u201cReactivate\u201d. Aquestos son programes que t&#8217;assesoren en la cerca de feina a Europa i tamb\u00e9 subvencionen els costos de la formaci\u00f3 ling\u00fc\u00edstica. Per aix\u00f2, aprendre alemany amb nosaltres pot estar totalment subvencionat, si acompleixes els requisits. A Clase Barcelona Language School estem especialitzats en l&#8217;ensenyament d&#8217;alemany i tenim m\u00e9s de 5 anys d&#8217;experi\u00e8ncia en programes de mobilitat laboral a Europa. <\/span><\/span><\/span><\/p>\n<p><span style=\"color: #626262;\"><span style=\"font-family: Open Sans, sans-serif;\"><span style=\"font-size: small;\">La nostra prioritat \u00e9s ajudar als alumnes a aprendre alemany el m\u00e9s r\u00e0pidament posible. No nom\u00e9s aix\u00f2, sino que tamb\u00e9 busquem que sigui d&#8217;una manera eficient. Aix\u00ed, els alumnes aconsegueixen anar a treballar, formar-se o realitzar unes <\/span><\/span><\/span><span style=\"color: #626262;\"><span style=\"font-family: Open Sans, sans-serif;\"><span style=\"font-size: small;\">pr\u00e0ctiques (formaci\u00f3 professional) a Alemanya.<\/span><\/span><\/span><\/p>\n<p>&nbsp;<\/p>\n<a href=\"https:\/\/www.academia-barcelona.com\/wp-content\/uploads\/2016\/05\/Fotolia_25996526_XS-1.jpg\"><img decoding=\"async\" class=\"size-full wp-image-3474 aligncenter\" src=\"https:\/\/www.academia-barcelona.com\/wp-content\/uploads\/2016\/05\/Fotolia_25996526_XS-1.jpg\" alt=\"Cursos d'alemany subvencionats\" width=\"423\" height=\"283\" srcset=\"https:\/\/www.academia-barcelona.com\/wp-content\/uploads\/2016\/05\/Fotolia_25996526_XS-1.jpg 423w, https:\/\/www.academia-barcelona.com\/wp-content\/uploads\/2016\/05\/Fotolia_25996526_XS-1-300x201.jpg 300w\" sizes=\"(max-width: 423px) 100vw, 423px\" \/><\/a>\n<h2>Itineraris per als cursos d&#8217;alemany subvencionats<\/h2>\n<h3 class=\"western\"><span style=\"color: #363636;\"><span style=\"font-family: Lato, sans-serif;\"><span style=\"font-size: x-large;\">Menors de 35 anys: \u201cYour first EURES job\u201d<\/span><\/span><\/span><\/h3>\n<p><span style=\"color: #626262;\">\u201c<\/span><span style=\"color: #626262;\"><span style=\"font-family: Open Sans, sans-serif;\"><span style=\"font-size: small;\">Your first EURES job\u201d \u00e9s una iniciativa per ajudar als joves europeus que volen treballar a Europa. Els requisits per als candidats s\u00f3n els seg\u00fcents:<\/span><\/span><\/span><\/p>\n<ul>\n<li><span style=\"color: #626262;\"><span style=\"font-family: Open Sans, sans-serif;\"><span style=\"font-size: small;\">Tenir entre 18 i 35 anys<\/span><\/span><\/span><\/li>\n<li><span style=\"color: #626262;\"><span style=\"font-family: Open Sans, sans-serif;\"><span style=\"font-size: small;\">La nacionalitat i resid\u00e8ncia a un estat membre de la UE<\/span><\/span><\/span><\/li>\n<li><span style=\"color: #626262;\"><span style=\"font-family: Open Sans, sans-serif;\"><span style=\"font-size: small;\">Estar cercant feina o oportunitat de formaci\u00f3<\/span><\/span><\/span><\/li>\n<\/ul>\n<p><span style=\"color: #626262;\"><span style=\"font-family: Open Sans, sans-serif;\"><span style=\"font-size: small;\">Si dessitges traslladar-te a treballar a Alemanya, el teu futur laboral pasa per aprendre o millorar el teu alemany. Podr\u00e0s assistir al curs a la teva mesura i totalment subvencionat.<\/span><\/span><\/span><\/p>\n<p><span style=\"color: #626262;\"><span style=\"font-family: Open Sans, sans-serif;\"><span style=\"font-size: small;\">Si acompleixes aquestos requisits, EURES et pot facilitar el contacte amb les empreses que cerquen personal qualificat. Aquestes empreses ofereixen treball remunerat a Europa per als demandants de feina. A m\u00e9s a m\u00e9s, aquestos llocs de treball tindr\u00e0n una duraci\u00f3 m\u00ednima de 6 mesos \u2013 per feina i periode d&#8217;aprenentatge \u2013 i 3 mesos en el cas d&#8217;una beca de formaci\u00f3. <\/span><\/span><\/span><\/p>\n<p>&nbsp;<\/p>\n<h3 class=\"western\"><span style=\"color: #363636;\"><span style=\"font-family: Lato, sans-serif;\"><span style=\"font-size: x-large;\">Major de 35, per\u00f2 amb ganes de canvi. &#8220;Reactivate!&#8221;<\/span><\/span><\/span><\/h3>\n<p><span style=\"color: #626262;\"><span style=\"font-family: Open Sans, sans-serif;\"><span style=\"font-size: small;\">Si tens m\u00e9s de 35 anys, tamb\u00e9 pots optar a un altre dels programes europeus que fomenten l&#8217;ocupaci\u00f3, on podr\u00e0s aprendre alemany amb un curs subvencionat. Per aix\u00f2, si no trobes una feina adequada a la teva formaci\u00f3 i estudis, pots buscar una feina del teu camp a altres pa\u00efsos europeus. Necessites per aix\u00f2 tenir oportunitats laborals (entrevistes de feina, posibilitats de colocaci\u00f3, etc.) del teu camp de formaci\u00f3 -universitaria o professional- a altres pa\u00efsos europeus. En aquest cas, el programa \u201cReactivate\u201d t&#8217;ajuda amb una subvenci\u00f3 per al curs d&#8217;idioma.<\/span><\/span><\/span><\/p>\n<p><span style=\"color: #626262;\">\u201c<\/span><span style=\"color: #626262;\"><span style=\"font-family: Open Sans, sans-serif;\"><span style=\"font-size: small;\">Tu primer trabajo EURES\u201d i \u201cReactivate\u201d es dirigeixen a tot tipus de demandats de feina: tinguis la formaci\u00f3 que tinguis, desde secundaria obligat\u00f2ria fins a universit\u00e0ria, amb aquestos programes pots trobar la feina ideal per tu segons les teves caracter\u00edstiques. <\/span><\/span><\/span><\/p>\n<h3 class=\"western\"><span style=\"color: #363636;\"><span style=\"font-family: Lato, sans-serif;\"><span style=\"font-size: x-large;\">C\u00f3m ho faig?<\/span><\/span><\/span><\/h3>\n<p><span style=\"color: #626262;\"><span style=\"font-family: Open Sans, sans-serif;\"><span style=\"font-size: small;\">Pots contactar amb els serveis d&#8217;ocupaci\u00f3 d&#8217;Alemanya o altres pa\u00efsos, e inscriure&#8217;t com a candidat. O b\u00e9 pots contactar amb nosaltres. D&#8217;aquesta manera, t&#8217;assesorem i t&#8217;expliquem c\u00f3m sol\u00b7licitar la subvenci\u00f3 que et cobrir\u00e0 les despeses de formaci\u00f3. Tot i que \u00e9s preferible que tinguis ja coneixements previs de l&#8217;idioma, no \u00e9s imprescindible. <\/span><\/span><\/span><\/p>\n<p><span style=\"color: #626262;\"><span style=\"font-family: Open Sans, sans-serif;\"><span style=\"font-size: small;\">No dubtis a trucar-nos o <a href=\"mailto:info@clase-barcelona.com\">contactar amb nosaltres<\/a> si tens preguntes. Com que tenim experi\u00e8ncia amb altres alumnes que han aconseguit la subvenci\u00f3 i han fet el curs amb nosaltres, et podem asessorar. Amb molt de gust podem parlar sobre c\u00f3m funcionen aquestos projectes que ofereixen cursos d&#8217;alemany subvencionats. <\/span><\/span><\/span><\/p>\n","protected":false},"excerpt":{"rendered":"<p>Cursos d&#8217;alemany subvencionats:\u00a0&#8220;Your first EURES job\u201d y \u201cReactivate!\u201d Desde la Uni\u00f3 Europea es fomenta la mobilitat laboral per diferents perfils de treballadors i s&#8217;ofereixen cursos d&#8217;alemany subvencionats. Actualment, el programa EURES assesora aquells sol\u00b7licitants de feina que necessiten aprendre un idioma per anar a treballar a altres pa\u00efssos. B\u00e0sicament hi ha dos programes, depenent del&hellip; <a class=\"read-more\" href=\"https:\/\/www.academia-barcelona.com\/ca\/cursos-dalemany-subvencionats\/\" title=\"Read Cursos d&#8217;alemany subvencionats\">Read more &raquo;<\/a><\/p>\n","protected":false},"author":3,"featured_media":0,"parent":0,"menu_order":0,"comment_status":"closed","ping_status":"closed","template":"","meta":{"footnotes":""},"class_list":["post-11217","page","type-page","status-publish","hentry"],"yoast_head":"<!-- This site is optimized with the Yoast SEO plugin v27.1.1 - https:\/\/yoast.com\/product\/yoast-seo-wordpress\/ -->\n<title>Cursos d&#039;alemany subvencionats -<\/title>\n<meta name=\"description\" content=\"A Clase Barcelona Language School pots cursar un curs d&#039;alemany subvencionat si vols aprendre alemany per treballar a Alemania.\" \/>\n<meta name=\"robots\" content=\"index, follow, max-snippet:-1, max-image-preview:large, max-video-preview:-1\" \/>\n<link rel=\"canonical\" href=\"https:\/\/www.academia-barcelona.com\/ca\/cursos-dalemany-subvencionats\/\" \/>\n<meta property=\"og:locale\" content=\"ca_ES\" \/>\n<meta property=\"og:type\" content=\"article\" \/>\n<meta property=\"og:title\" content=\"Cursos d&#039;alemany subvencionats -\" \/>\n<meta property=\"og:description\" content=\"A Clase Barcelona Language School pots cursar un curs d&#039;alemany subvencionat si vols aprendre alemany per treballar a Alemania.\" \/>\n<meta property=\"og:url\" content=\"https:\/\/www.academia-barcelona.com\/ca\/cursos-dalemany-subvencionats\/\" \/>\n<meta property=\"article:modified_time\" content=\"2021-11-04T21:56:20+00:00\" \/>\n<meta property=\"og:image\" content=\"https:\/\/www.academia-barcelona.com\/wp-content\/uploads\/2016\/05\/Fotolia_25996526_XS-1.jpg\" \/>\n<meta name=\"twitter:card\" content=\"summary_large_image\" \/>\n<meta name=\"twitter:label1\" content=\"Temps estimat de lectura\" \/>\n\t<meta name=\"twitter:data1\" content=\"3 minuts\" \/>\n<script type=\"application\/ld+json\" class=\"yoast-schema-graph\">{\"@context\":\"https:\/\/schema.org\",\"@graph\":[{\"@type\":\"WebPage\",\"@id\":\"https:\/\/www.academia-barcelona.com\/ca\/cursos-dalemany-subvencionats\/\",\"url\":\"https:\/\/www.academia-barcelona.com\/ca\/cursos-dalemany-subvencionats\/\",\"name\":\"Cursos d'alemany subvencionats -\",\"isPartOf\":{\"@id\":\"https:\/\/www.academia-barcelona.com\/#website\"},\"primaryImageOfPage\":{\"@id\":\"https:\/\/www.academia-barcelona.com\/ca\/cursos-dalemany-subvencionats\/#primaryimage\"},\"image\":{\"@id\":\"https:\/\/www.academia-barcelona.com\/ca\/cursos-dalemany-subvencionats\/#primaryimage\"},\"thumbnailUrl\":\"https:\/\/www.academia-barcelona.com\/wp-content\/uploads\/2016\/05\/Fotolia_25996526_XS-1.jpg\",\"datePublished\":\"2019-03-26T15:26:51+00:00\",\"dateModified\":\"2021-11-04T21:56:20+00:00\",\"description\":\"A Clase Barcelona Language School pots cursar un curs d'alemany subvencionat si vols aprendre alemany per treballar a Alemania.\",\"inLanguage\":\"ca\",\"potentialAction\":[{\"@type\":\"ReadAction\",\"target\":[\"https:\/\/www.academia-barcelona.com\/ca\/cursos-dalemany-subvencionats\/\"]}]},{\"@type\":\"ImageObject\",\"inLanguage\":\"ca\",\"@id\":\"https:\/\/www.academia-barcelona.com\/ca\/cursos-dalemany-subvencionats\/#primaryimage\",\"url\":\"https:\/\/www.academia-barcelona.com\/wp-content\/uploads\/2016\/05\/Fotolia_25996526_XS-1.jpg\",\"contentUrl\":\"https:\/\/www.academia-barcelona.com\/wp-content\/uploads\/2016\/05\/Fotolia_25996526_XS-1.jpg\"},{\"@type\":\"WebSite\",\"@id\":\"https:\/\/www.academia-barcelona.com\/#website\",\"url\":\"https:\/\/www.academia-barcelona.com\/\",\"name\":\"\",\"description\":\"\",\"potentialAction\":[{\"@type\":\"SearchAction\",\"target\":{\"@type\":\"EntryPoint\",\"urlTemplate\":\"https:\/\/www.academia-barcelona.com\/?s={search_term_string}\"},\"query-input\":{\"@type\":\"PropertyValueSpecification\",\"valueRequired\":true,\"valueName\":\"search_term_string\"}}],\"inLanguage\":\"ca\"}]}<\/script>\n<!-- \/ Yoast SEO plugin. -->","yoast_head_json":{"title":"Cursos d'alemany subvencionats -","description":"A Clase Barcelona Language School pots cursar un curs d'alemany subvencionat si vols aprendre alemany per treballar a Alemania.","robots":{"index":"index","follow":"follow","max-snippet":"max-snippet:-1","max-image-preview":"max-image-preview:large","max-video-preview":"max-video-preview:-1"},"canonical":"https:\/\/www.academia-barcelona.com\/ca\/cursos-dalemany-subvencionats\/","og_locale":"ca_ES","og_type":"article","og_title":"Cursos d'alemany subvencionats -","og_description":"A Clase Barcelona Language School pots cursar un curs d'alemany subvencionat si vols aprendre alemany per treballar a Alemania.","og_url":"https:\/\/www.academia-barcelona.com\/ca\/cursos-dalemany-subvencionats\/","article_modified_time":"2021-11-04T21:56:20+00:00","og_image":[{"url":"https:\/\/www.academia-barcelona.com\/wp-content\/uploads\/2016\/05\/Fotolia_25996526_XS-1.jpg","type":"","width":"","height":""}],"twitter_card":"summary_large_image","twitter_misc":{"Temps estimat de lectura":"3 minuts"},"schema":{"@context":"https:\/\/schema.org","@graph":[{"@type":"WebPage","@id":"https:\/\/www.academia-barcelona.com\/ca\/cursos-dalemany-subvencionats\/","url":"https:\/\/www.academia-barcelona.com\/ca\/cursos-dalemany-subvencionats\/","name":"Cursos d'alemany subvencionats -","isPartOf":{"@id":"https:\/\/www.academia-barcelona.com\/#website"},"primaryImageOfPage":{"@id":"https:\/\/www.academia-barcelona.com\/ca\/cursos-dalemany-subvencionats\/#primaryimage"},"image":{"@id":"https:\/\/www.academia-barcelona.com\/ca\/cursos-dalemany-subvencionats\/#primaryimage"},"thumbnailUrl":"https:\/\/www.academia-barcelona.com\/wp-content\/uploads\/2016\/05\/Fotolia_25996526_XS-1.jpg","datePublished":"2019-03-26T15:26:51+00:00","dateModified":"2021-11-04T21:56:20+00:00","description":"A Clase Barcelona Language School pots cursar un curs d'alemany subvencionat si vols aprendre alemany per treballar a Alemania.","inLanguage":"ca","potentialAction":[{"@type":"ReadAction","target":["https:\/\/www.academia-barcelona.com\/ca\/cursos-dalemany-subvencionats\/"]}]},{"@type":"ImageObject","inLanguage":"ca","@id":"https:\/\/www.academia-barcelona.com\/ca\/cursos-dalemany-subvencionats\/#primaryimage","url":"https:\/\/www.academia-barcelona.com\/wp-content\/uploads\/2016\/05\/Fotolia_25996526_XS-1.jpg","contentUrl":"https:\/\/www.academia-barcelona.com\/wp-content\/uploads\/2016\/05\/Fotolia_25996526_XS-1.jpg"},{"@type":"WebSite","@id":"https:\/\/www.academia-barcelona.com\/#website","url":"https:\/\/www.academia-barcelona.com\/","name":"","description":"","potentialAction":[{"@type":"SearchAction","target":{"@type":"EntryPoint","urlTemplate":"https:\/\/www.academia-barcelona.com\/?s={search_term_string}"},"query-input":{"@type":"PropertyValueSpecification","valueRequired":true,"valueName":"search_term_string"}}],"inLanguage":"ca"}]}},"_links":{"self":[{"href":"https:\/\/www.academia-barcelona.com\/ca\/wp-json\/wp\/v2\/pages\/11217","targetHints":{"allow":["GET"]}}],"collection":[{"href":"https:\/\/www.academia-barcelona.com\/ca\/wp-json\/wp\/v2\/pages"}],"about":[{"href":"https:\/\/www.academia-barcelona.com\/ca\/wp-json\/wp\/v2\/types\/page"}],"author":[{"embeddable":true,"href":"https:\/\/www.academia-barcelona.com\/ca\/wp-json\/wp\/v2\/users\/3"}],"replies":[{"embeddable":true,"href":"https:\/\/www.academia-barcelona.com\/ca\/wp-json\/wp\/v2\/comments?post=11217"}],"version-history":[{"count":5,"href":"https:\/\/www.academia-barcelona.com\/ca\/wp-json\/wp\/v2\/pages\/11217\/revisions"}],"predecessor-version":[{"id":13767,"href":"https:\/\/www.academia-barcelona.com\/ca\/wp-json\/wp\/v2\/pages\/11217\/revisions\/13767"}],"wp:attachment":[{"href":"https:\/\/www.academia-barcelona.com\/ca\/wp-json\/wp\/v2\/media?parent=11217"}],"curies":[{"name":"wp","href":"https:\/\/api.w.org\/{rel}","templated":true}]}}